{"id":18125,"date":"2025-12-31T13:49:53","date_gmt":"2025-12-31T13:49:53","guid":{"rendered":""},"modified":"2026-02-24T07:32:27","modified_gmt":"2026-02-24T07:32:27","slug":"integrations","status":"publish","type":"page","link":"https:\/\/www.grip-facility.com\/fr\/plateforme\/integrations\/","title":{"rendered":"Int\u00e9grations"},"content":{"rendered":"\n<div class=\"integrations-hero\">\n    <h1>Int\u00e9grations<\/h1>\n    <p>GRIP Facility se connecte de mani\u00e8re transparente \u00e0 vos syst\u00e8mes existants. De l&rsquo;ERP \u00e0 la gestion des installations &#8211; nous rendons cela possible.<\/p>\n<\/div>\n\n<section class=\"integrations-section\">\n    <h2>Int\u00e9grations Disponibles<\/h2>\n    <p style=\"text-align: center; color: #6b7280; max-width: 600px; margin: 0 auto 2rem;\">Pr\u00eates \u00e0 \u00eatre d\u00e9ploy\u00e9es pour votre organisation<\/p>\n\n    <div class=\"integrations-grid\">\n        <div class=\"integration-card available\">\n            <h3>TOPdesk <span class=\"status beta\">B\u00eata<\/span><\/h3>\n            <p>Recevez les \u00e9tats des espaces pour la gestion financi\u00e8re et les notifications directement dans votre tableau de bord des contrats. Suivez l&rsquo;\u00e9tat de vos espaces et r\u00e9agissez imm\u00e9diatement aux probl\u00e8mes d&rsquo;installations.<\/p>\n        <\/div>\n\n        <div class=\"integration-card available\">\n            <h3>Planon <span class=\"status beta\">B\u00eata<\/span><\/h3>\n            <p>Synchronisez les \u00e9tats des espaces et les actifs pour un aper\u00e7u financier. Recevez des notifications sur vos contrats directement dans le tableau de bord.<\/p>\n        <\/div>\n    <\/div>\n<\/section>\n\n<section class=\"integrations-section\" style=\"background: #f9fafb;\">\n    <h2>Sur la Feuille de Route<\/h2>\n    <p style=\"text-align: center; color: #6b7280; max-width: 600px; margin: 0 auto 2rem;\">Renseignez-vous sur les possibilit\u00e9s &#8211; nous construisons ensemble<\/p>\n\n    <div class=\"integrations-grid\">\n        <div class=\"integration-card roadmap\">\n            <h3>AFAS <span class=\"status planned\">Planifi\u00e9<\/span><\/h3>\n            <p>Importez tous vos contrats depuis AFAS. Choisissez les contrats que vous souhaitez g\u00e9rer en d\u00e9tail et suivez les d\u00e9penses aux c\u00f4t\u00e9s des actions et KPIs dans un aper\u00e7u unique.<\/p>\n        <\/div>\n\n        <div class=\"integration-card roadmap\">\n            <h3>Exact Online <span class=\"status planned\">Planifi\u00e9<\/span><\/h3>\n            <p>Importez tous vos contrats depuis Exact Online. S\u00e9lectionnez les contrats pour une gestion approfondie et surveillez les d\u00e9penses avec tous vos KPIs et actions.<\/p>\n        <\/div>\n\n        <div class=\"integration-card roadmap\">\n            <h3>Spendcloud <span class=\"status planned\">Planifi\u00e9<\/span><\/h3>\n            <p>Connectez tous les contrats depuis Spendcloud. D\u00e9cidez lesquels vous souhaitez g\u00e9rer activement et obtenez un aper\u00e7u des d\u00e9penses aux c\u00f4t\u00e9s de vos actions et KPIs.<\/p>\n        <\/div>\n    <\/div>\n<\/section>\n\n<section class=\"api-section\">\n    <h2>Plateforme API Ouverte<\/h2>\n    <p>Nous pouvons connecter tout syst\u00e8me avec une API. Notre API REST et le support des webhooks rendent toute int\u00e9gration possible.<\/p>\n\n    <div class=\"api-features\">\n        <div class=\"api-feature\">\n            <svg xmlns=\"http:\/\/www.w3.org\/2000\/svg\" fill=\"none\" viewBox=\"0 0 24 24\" stroke=\"currentColor\"><path stroke-linecap=\"round\" stroke-linejoin=\"round\" stroke-width=\"2\" d=\"M10 20l4-16m4 4l4 4-4 4M6 16l-4-4 4-4\" \/><\/svg>\n            <h4>API REST<\/h4>\n            <p>Documentation API compl\u00e8te<\/p>\n        <\/div>\n\n        <div class=\"api-feature\">\n            <svg xmlns=\"http:\/\/www.w3.org\/2000\/svg\" fill=\"none\" viewBox=\"0 0 24 24\" stroke=\"currentColor\"><path stroke-linecap=\"round\" stroke-linejoin=\"round\" stroke-width=\"2\" d=\"M13 10V3L4 14h7v7l9-11h-7z\" \/><\/svg>\n            <h4>Webhooks<\/h4>\n            <p>Notifications d&rsquo;\u00e9v\u00e9nements en temps r\u00e9el<\/p>\n        <\/div>\n\n        <div class=\"api-feature\">\n            <svg xmlns=\"http:\/\/www.w3.org\/2000\/svg\" fill=\"none\" viewBox=\"0 0 24 24\" stroke=\"currentColor\"><path stroke-linecap=\"round\" stroke-linejoin=\"round\" stroke-width=\"2\" d=\"M9 12l2 2 4-4m5.618-4.016A11.955 11.955 0 0112 2.944a11.955 11.955 0 01-8.618 3.04A12.02 12.02 0 003 9c0 5.591 3.824 10.29 9 11.622 5.176-1.332 9-6.03 9-11.622 0-1.042-.133-2.052-.382-3.016z\" \/><\/svg>\n            <h4>OAuth 2.0<\/h4>\n            <p>Authentification s\u00e9curis\u00e9e<\/p>\n        <\/div>\n    <\/div>\n<\/section>\n\n<section class=\"cta-section\">\n    <h2>Il vous manque une int\u00e9gration?<\/h2>\n    <p>Nous sommes heureux de cr\u00e9er de nouvelles connexions. Dites-nous quel syst\u00e8me vous souhaitez connecter.<\/p>\n    <a href=\"\/fr\/nous-contacter\/\" class=\"cta-button\">Contactez-nous<\/a>\n<\/section>\n","protected":false},"excerpt":{"rendered":"<p>Int\u00e9grations GRIP Facility se connecte de mani\u00e8re transparente \u00e0 vos syst\u00e8mes existants. De l&rsquo;ERP \u00e0 la gestion des installations &#8211; nous rendons cela possible. Int\u00e9grations Disponibles Pr\u00eates \u00e0 \u00eatre d\u00e9ploy\u00e9es pour votre organisation TOPdesk B\u00eata Recevez les \u00e9tats des espaces pour la gestion financi\u00e8re et les notifications directement dans votre tableau de bord des contrats. [&hellip;]<\/p>\n","protected":false},"author":1,"featured_media":0,"parent":18267,"menu_order":0,"comment_status":"closed","ping_status":"closed","template":"elementor_header_footer","meta":{"_acf_changed":false,"inline_featured_image":false,"site-sidebar-layout":"no-sidebar","site-content-layout":"","ast-site-content-layout":"default","site-content-style":"default","site-sidebar-style":"default","ast-global-header-display":"","ast-banner-title-visibility":"","ast-main-header-display":"","ast-hfb-above-header-display":"","ast-hfb-below-header-display":"","ast-hfb-mobile-header-display":"","site-post-title":"","ast-breadcrumbs-content":"","ast-featured-img":"","footer-sml-layout":"","theme-transparent-header-meta":"","adv-header-id-meta":"","stick-header-meta":"","header-above-stick-meta":"","header-main-stick-meta":"","header-below-stick-meta":"","astra-migrate-meta-layouts":"default","ast-page-background-enabled":"default","ast-page-background-meta":{"desktop":{"background-color":"var(--ast-global-color-4)","background-image":"","background-repeat":"repeat","background-position":"center center","background-size":"auto","background-attachment":"scroll","background-type":"","background-media":"","overlay-type":"","overlay-color":"","overlay-opacity":"","overlay-gradient":""},"tablet":{"background-color":"","background-image":"","background-repeat":"repeat","background-position":"center center","background-size":"auto","background-attachment":"scroll","background-type":"","background-media":"","overlay-type":"","overlay-color":"","overlay-opacity":"","overlay-gradient":""},"mobile":{"background-color":"","background-image":"","background-repeat":"repeat","background-position":"center center","background-size":"auto","background-attachment":"scroll","background-type":"","background-media":"","overlay-type":"","overlay-color":"","overlay-opacity":"","overlay-gradient":""}},"ast-content-background-meta":{"desktop":{"background-color":"var(--ast-global-color-5)","background-image":"","background-repeat":"repeat","background-position":"center center","background-size":"auto","background-attachment":"scroll","background-type":"","background-media":"","overlay-type":"","overlay-color":"","overlay-opacity":"","overlay-gradient":""},"tablet":{"background-color":"var(--ast-global-color-5)","background-image":"","background-repeat":"repeat","background-position":"center center","background-size":"auto","background-attachment":"scroll","background-type":"","background-media":"","overlay-type":"","overlay-color":"","overlay-opacity":"","overlay-gradient":""},"mobile":{"background-color":"var(--ast-global-color-5)","background-image":"","background-repeat":"repeat","background-position":"center center","background-size":"auto","background-attachment":"scroll","background-type":"","background-media":"","overlay-type":"","overlay-color":"","overlay-opacity":"","overlay-gradient":""}},"footnotes":""},"class_list":["post-18125","page","type-page","status-publish","hentry"],"acf":[],"_links":{"self":[{"href":"https:\/\/www.grip-facility.com\/fr\/wp-json\/wp\/v2\/pages\/18125","targetHints":{"allow":["GET"]}}],"collection":[{"href":"https:\/\/www.grip-facility.com\/fr\/wp-json\/wp\/v2\/pages"}],"about":[{"href":"https:\/\/www.grip-facility.com\/fr\/wp-json\/wp\/v2\/types\/page"}],"author":[{"embeddable":true,"href":"https:\/\/www.grip-facility.com\/fr\/wp-json\/wp\/v2\/users\/1"}],"replies":[{"embeddable":true,"href":"https:\/\/www.grip-facility.com\/fr\/wp-json\/wp\/v2\/comments?post=18125"}],"version-history":[{"count":1,"href":"https:\/\/www.grip-facility.com\/fr\/wp-json\/wp\/v2\/pages\/18125\/revisions"}],"predecessor-version":[{"id":18275,"href":"https:\/\/www.grip-facility.com\/fr\/wp-json\/wp\/v2\/pages\/18125\/revisions\/18275"}],"up":[{"embeddable":true,"href":"https:\/\/www.grip-facility.com\/fr\/wp-json\/wp\/v2\/pages\/18267"}],"wp:attachment":[{"href":"https:\/\/www.grip-facility.com\/fr\/wp-json\/wp\/v2\/media?parent=18125"}],"curies":[{"name":"wp","href":"https:\/\/api.w.org\/{rel}","templated":true}]}}