{"id":18124,"date":"2025-06-06T11:31:01","date_gmt":"2025-06-06T11:31:01","guid":{"rendered":""},"modified":"2025-12-22T18:47:03","modified_gmt":"2025-12-22T18:47:03","slug":"carrieres","status":"publish","type":"page","link":"https:\/\/www.grip-facility.com\/fr\/carrieres\/","title":{"rendered":"Carri\u00e8res"},"content":{"rendered":"\n<section class=\"hero hero--blue\">\n  <div class=\"hero__bg-circles hero__bg-circles--left\"><\/div>\n  <div class=\"hero__bg-circles hero__bg-circles--right\"><\/div>\n\n  <div class=\"hero__overlay\">\n    <div class=\"hero__inner\">\n      <div class=\"hero__content\">\n        <span class=\"hero__eyebrow\">Travailler chez GRIP<\/span>\n\n        <h1 class=\"hero__title\">\n          Construisez l&rsquo;<span class=\"highlight\">avenir<\/span> du facility management\n        <\/h1>\n\n        <p class=\"hero__subtitle\">\n          Chez GRIP Facility, nous travaillons quotidiennement sur des logiciels qui facilitent la vie des facility managers. Une \u00e9quipe informelle, des projets stimulants et de l&rsquo;espace pour grandir.\n        <\/p>\n\n        <div class=\"hero__meta\">\n          <span class=\"hero__meta-pill\">Amsterdam<\/span>\n          <span class=\"hero__meta-text\">Travail hybride possible<\/span>\n        <\/div>\n      <\/div>\n\n      <div class=\"hero__media\">\n        <div class=\"hero__media-frame\">\n          <img decoding=\"async\"\n            src=\"\/wp-content\/uploads\/2025\/11\/dashboard-home.png\"\n            alt=\"Travailler chez GRIP Facility\"\n            class=\"hero__image\"\n          >\n        <\/div>\n      <\/div>\n    <\/div>\n  <\/div>\n<\/section>\n\n\n\n<section class=\"challenges-section\">\n  <div class=\"challenges-container\">\n    <span class=\"challenges-eyebrow\">Aucune offre d&#8217;emploi actuellement<\/span>\n    <h2 class=\"challenges-heading\">Nous n&rsquo;avons actuellement aucune offre d&#8217;emploi disponible<\/h2>\n\n    <div class=\"challenges-grid\" style=\"max-width: 800px; margin: 0 auto;\">\n      <div class=\"challenge-card\" style=\"grid-column: 1 \/ -1;\">\n        <div class=\"challenge-icon\">\n          <svg xmlns=\"http:\/\/www.w3.org\/2000\/svg\" fill=\"none\" viewBox=\"0 0 24 24\" stroke-width=\"1.5\" stroke=\"currentColor\" width=\"32\" height=\"32\">\n            <path stroke-linecap=\"round\" stroke-linejoin=\"round\" d=\"M21.75 6.75v10.5a2.25 2.25 0 0 1-2.25 2.25h-15a2.25 2.25 0 0 1-2.25-2.25V6.75m19.5 0A2.25 2.25 0 0 0 19.5 4.5h-15a2.25 2.25 0 0 0-2.25 2.25m19.5 0v.243a2.25 2.25 0 0 1-1.07 1.916l-7.5 4.615a2.25 2.25 0 0 1-2.36 0L3.32 8.91a2.25 2.25 0 0 1-1.07-1.916V6.75\" \/>\n          <\/svg>\n        <\/div>\n        <h3 class=\"challenge-title\">Candidature spontan\u00e9e<\/h3>\n        <p class=\"challenge-desc\">\n          Bien que nous n&rsquo;ayons actuellement aucune offre d&#8217;emploi, nous restons toujours ouverts aux talents.\n          Vous pensez \u00eatre un atout pr\u00e9cieux pour notre \u00e9quipe ? Envoyez votre CV et votre lettre de motivation \u00e0\n          <a href=\"mailto:info@grip-facility.com\" style=\"color: #006BFF; text-decoration: none; font-weight: 500;\">info@grip-facility.com<\/a>\n          et qui sait, nous vous contacterons bient\u00f4t.\n        <\/p>\n      <\/div>\n    <\/div>\n  <\/div>\n<\/section>\n\n\n\n<section class=\"feature-section\">\n  <div class=\"feature-container\">\n    <h2 class=\"feature-heading\">\n      Pourquoi travailler chez GRIP ?\n    <\/h2>\n    <p class=\"feature-intro\">\n      Voici ce que vous pouvez attendre en tant que coll\u00e8gue\n    <\/p>\n\n    <div class=\"feature-grid feature-grid--3col\">\n      <div class=\"feature-card bg-light\">\n        <div class=\"feature-icon\">\n          <svg xmlns=\"http:\/\/www.w3.org\/2000\/svg\" fill=\"none\" viewBox=\"0 0 24 24\" stroke-width=\"1.5\" stroke=\"currentColor\" width=\"28\" height=\"28\">\n            <path stroke-linecap=\"round\" stroke-linejoin=\"round\" d=\"M18 18.72a9.094 9.094 0 0 0 3.741-.479 3 3 0 0 0-4.682-2.72m.94 3.198.001.031c0 .225-.012.447-.037.666A11.944 11.944 0 0 1 12 21c-2.17 0-4.207-.576-5.963-1.584A6.062 6.062 0 0 1 6 18.719m12 0a5.971 5.971 0 0 0-.941-3.197m0 0A5.995 5.995 0 0 0 12 12.75a5.995 5.995 0 0 0-5.058 2.772m0 0a3 3 0 0 0-4.681 2.72 8.986 8.986 0 0 0 3.74.477m.94-3.197a5.971 5.971 0 0 0-.94 3.197M15 6.75a3 3 0 1 1-6 0 3 3 0 0 1 6 0Zm6 3a2.25 2.25 0 1 1-4.5 0 2.25 2.25 0 0 1 4.5 0Zm-13.5 0a2.25 2.25 0 1 1-4.5 0 2.25 2.25 0 0 1 4.5 0Z\" \/>\n          <\/svg>\n        <\/div>\n        <h3 class=\"feature-title\">Petite \u00e9quipe, grand impact<\/h3>\n        <p class=\"feature-desc\">Dans notre \u00e9quipe compacte, chacun a de l&rsquo;influence. Vos id\u00e9es sont entendues et votre travail fait directement la diff\u00e9rence pour nos clients.<\/p>\n      <\/div>\n\n      <div class=\"feature-card bg-light\">\n        <div class=\"feature-icon\">\n          <svg xmlns=\"http:\/\/www.w3.org\/2000\/svg\" fill=\"none\" viewBox=\"0 0 24 24\" stroke-width=\"1.5\" stroke=\"currentColor\" width=\"28\" height=\"28\">\n            <path stroke-linecap=\"round\" stroke-linejoin=\"round\" d=\"M4.26 10.147a60.438 60.438 0 0 0-.491 6.347A48.62 48.62 0 0 1 12 20.904a48.62 48.62 0 0 1 8.232-4.41 60.46 60.46 0 0 0-.491-6.347m-15.482 0a50.636 50.636 0 0 0-2.658-.813A59.906 59.906 0 0 1 12 3.493a59.903 59.903 0 0 1 10.399 5.84c-.896.248-1.783.52-2.658.814m-15.482 0A50.717 50.717 0 0 1 12 13.489a50.702 50.702 0 0 1 7.74-3.342M6.75 15a.75.75 0 1 0 0-1.5.75.75 0 0 0 0 1.5Zm0 0v-3.675A55.378 55.378 0 0 1 12 8.443m-7.007 11.55A5.981 5.981 0 0 0 6.75 15.75v-1.5\" \/>\n          <\/svg>\n        <\/div>\n        <h3 class=\"feature-title\">Continuer \u00e0 apprendre<\/h3>\n        <p class=\"feature-desc\">Des nouvelles technologies \u00e0 l&rsquo;expertise du domaine : nous investissons dans votre d\u00e9veloppement et vous donnons l&rsquo;espace pour grandir.<\/p>\n      <\/div>\n\n      <div class=\"feature-card bg-light\">\n        <div class=\"feature-icon\">\n          <svg xmlns=\"http:\/\/www.w3.org\/2000\/svg\" fill=\"none\" viewBox=\"0 0 24 24\" stroke-width=\"1.5\" stroke=\"currentColor\" width=\"28\" height=\"28\">\n            <path stroke-linecap=\"round\" stroke-linejoin=\"round\" d=\"m2.25 12 8.954-8.955c.44-.439 1.152-.439 1.591 0L21.75 12M4.5 9.75v10.125c0 .621.504 1.125 1.125 1.125H9.75v-4.875c0-.621.504-1.125 1.125-1.125h2.25c.621 0 1.125.504 1.125 1.125V21h4.125c.621 0 1.125-.504 1.125-1.125V9.75M8.25 21h8.25\" \/>\n          <\/svg>\n        <\/div>\n        <h3 class=\"feature-title\">Travail flexible<\/h3>\n        <p class=\"feature-desc\">Le travail hybride est la norme. Combinez le t\u00e9l\u00e9travail avec des jours au bureau \u00e0 Amsterdam, selon vos pr\u00e9f\u00e9rences.<\/p>\n      <\/div>\n\n      <div class=\"feature-card bg-light\">\n        <div class=\"feature-icon\">\n          <svg xmlns=\"http:\/\/www.w3.org\/2000\/svg\" fill=\"none\" viewBox=\"0 0 24 24\" stroke-width=\"1.5\" stroke=\"currentColor\" width=\"28\" height=\"28\">\n            <path stroke-linecap=\"round\" stroke-linejoin=\"round\" d=\"M9.813 15.904 9 18.75l-.813-2.846a4.5 4.5 0 0 0-3.09-3.09L2.25 12l2.846-.813a4.5 4.5 0 0 0 3.09-3.09L9 5.25l.813 2.846a4.5 4.5 0 0 0 3.09 3.09L15.75 12l-2.846.813a4.5 4.5 0 0 0-3.09 3.09ZM18.259 8.715 18 9.75l-.259-1.035a3.375 3.375 0 0 0-2.455-2.456L14.25 6l1.036-.259a3.375 3.375 0 0 0 2.455-2.456L18 2.25l.259 1.035a3.375 3.375 0 0 0 2.456 2.456L21.75 6l-1.035.259a3.375 3.375 0 0 0-2.456 2.456ZM16.894 20.567 16.5 21.75l-.394-1.183a2.25 2.25 0 0 0-1.423-1.423L13.5 18.75l1.183-.394a2.25 2.25 0 0 0 1.423-1.423l.394-1.183.394 1.183a2.25 2.25 0 0 0 1.423 1.423l1.183.394-1.183.394a2.25 2.25 0 0 0-1.423 1.423Z\" \/>\n          <\/svg>\n        <\/div>\n        <h3 class=\"feature-title\">Stack moderne<\/h3>\n        <p class=\"feature-desc\">Nous travaillons avec des technologies modernes : Laravel, React, Azure, IA. Pas de code obsol\u00e8te vieux de 20 ans.<\/p>\n      <\/div>\n\n      <div class=\"feature-card bg-light\">\n        <div class=\"feature-icon\">\n          <svg xmlns=\"http:\/\/www.w3.org\/2000\/svg\" fill=\"none\" viewBox=\"0 0 24 24\" stroke-width=\"1.5\" stroke=\"currentColor\" width=\"28\" height=\"28\">\n            <path stroke-linecap=\"round\" stroke-linejoin=\"round\" d=\"M15.182 15.182a4.5 4.5 0 0 1-6.364 0M21 12a9 9 0 1 1-18 0 9 9 0 0 1 18 0ZM9.75 9.75c0 .414-.168.75-.375.75S9 10.164 9 9.75 9.168 9 9.375 9s.375.336.375.75Zm-.375 0h.008v.015h-.008V9.75Zm5.625 0c0 .414-.168.75-.375.75s-.375-.336-.375-.75.168-.75.375-.75.375.336.375.75Zm-.375 0h.008v.015h-.008V9.75Z\" \/>\n          <\/svg>\n        <\/div>\n        <h3 class=\"feature-title\">Ambiance informelle<\/h3>\n        <p class=\"feature-desc\">Pas de costumes stricts ou de r\u00e9unions formelles. Nous sommes directs, informels et aimons plaisanter.<\/p>\n      <\/div>\n\n      <div class=\"feature-card bg-light\">\n        <div class=\"feature-icon\">\n          <svg xmlns=\"http:\/\/www.w3.org\/2000\/svg\" fill=\"none\" viewBox=\"0 0 24 24\" stroke-width=\"1.5\" stroke=\"currentColor\" width=\"28\" height=\"28\">\n            <path stroke-linecap=\"round\" stroke-linejoin=\"round\" d=\"M12 6v12m-3-2.818.879.659c1.171.879 3.07.879 4.242 0 1.172-.879 1.172-2.303 0-3.182C13.536 12.219 12.768 12 12 12c-.725 0-1.45-.22-2.003-.659-1.106-.879-1.106-2.303 0-3.182s2.9-.879 4.006 0l.415.33M21 12a9 9 0 1 1-18 0 9 9 0 0 1 18 0Z\" \/>\n          <\/svg>\n        <\/div>\n        <h3 class=\"feature-title\">Bonnes conditions<\/h3>\n        <p class=\"feature-desc\">Salaire comp\u00e9titif, r\u00e9gime de retraite, 25 jours de cong\u00e9s et un ordinateur portable de votre choix. Les bases sont bien assur\u00e9es.<\/p>\n      <\/div>\n    <\/div>\n  <\/div>\n<\/section>\n\n\n\n<section class=\"cta-section\">\n  <div class=\"cta-container\">\n    <div class=\"cta-content\">\n      <h2 class=\"cta-title\">Int\u00e9ress\u00e9(e) ?<\/h2>\n      <p class=\"cta-text\">M\u00eame si nous n&rsquo;avons pas de postes vacants actuellement, nous serions ravis de vous conna\u00eetre. Envoyez une candidature spontan\u00e9e et qui sait, nous nous parlerons bient\u00f4t.<\/p>\n      <div class=\"cta-buttons\">\n        <a href=\"mailto:info@grip-facility.com\" class=\"cta-btn cta-btn--primary\">Envoyer un e-mail<\/a>\n        <a href=\"\/fr\/a-propos\/\" class=\"cta-btn cta-btn--secondary\">En savoir plus sur GRIP<\/a>\n      <\/div>\n    <\/div>\n  <\/div>\n<\/section>\n","protected":false},"excerpt":{"rendered":"<p>Travailler chez GRIP Construisez l&rsquo;avenir du facility management Chez GRIP Facility, nous travaillons quotidiennement sur des logiciels qui facilitent la vie des facility managers. Une \u00e9quipe informelle, des projets stimulants et de l&rsquo;espace pour grandir. Amsterdam Travail hybride possible Aucune offre d&#8217;emploi actuellement Nous n&rsquo;avons actuellement aucune offre d&#8217;emploi disponible Candidature spontan\u00e9e Bien que nous [&hellip;]<\/p>\n","protected":false},"author":1,"featured_media":0,"parent":0,"menu_order":0,"comment_status":"closed","ping_status":"closed","template":"","meta":{"_acf_changed":false,"inline_featured_image":false,"site-sidebar-layout":"no-sidebar","site-content-layout":"page-builder","ast-site-content-layout":"full-width-container","site-content-style":"default","site-sidebar-style":"default","ast-global-header-display":"","ast-banner-title-visibility":"","ast-main-header-display":"","ast-hfb-above-header-display":"","ast-hfb-below-header-display":"","ast-hfb-mobile-header-display":"","site-post-title":"disabled","ast-breadcrumbs-content":"","ast-featured-img":"disabled","footer-sml-layout":"","theme-transparent-header-meta":"","adv-header-id-meta":"","stick-header-meta":"","header-above-stick-meta":"","header-main-stick-meta":"","header-below-stick-meta":"","astra-migrate-meta-layouts":"default","ast-page-background-enabled":"default","ast-page-background-meta":{"desktop":{"background-color":"var(--ast-global-color-4)","background-image":"","background-repeat":"repeat","background-position":"center center","background-size":"auto","background-attachment":"scroll","background-type":"","background-media":"","overlay-type":"","overlay-color":"","overlay-opacity":"","overlay-gradient":""},"tablet":{"background-color":"","background-image":"","background-repeat":"repeat","background-position":"center center","background-size":"auto","background-attachment":"scroll","background-type":"","background-media":"","overlay-type":"","overlay-color":"","overlay-opacity":"","overlay-gradient":""},"mobile":{"background-color":"","background-image":"","background-repeat":"repeat","background-position":"center center","background-size":"auto","background-attachment":"scroll","background-type":"","background-media":"","overlay-type":"","overlay-color":"","overlay-opacity":"","overlay-gradient":""}},"ast-content-background-meta":{"desktop":{"background-color":"var(--ast-global-color-5)","background-image":"","background-repeat":"repeat","background-position":"center center","background-size":"auto","background-attachment":"scroll","background-type":"","background-media":"","overlay-type":"","overlay-color":"","overlay-opacity":"","overlay-gradient":""},"tablet":{"background-color":"var(--ast-global-color-5)","background-image":"","background-repeat":"repeat","background-position":"center center","background-size":"auto","background-attachment":"scroll","background-type":"","background-media":"","overlay-type":"","overlay-color":"","overlay-opacity":"","overlay-gradient":""},"mobile":{"background-color":"var(--ast-global-color-5)","background-image":"","background-repeat":"repeat","background-position":"center center","background-size":"auto","background-attachment":"scroll","background-type":"","background-media":"","overlay-type":"","overlay-color":"","overlay-opacity":"","overlay-gradient":""}},"footnotes":""},"class_list":["post-18124","page","type-page","status-publish","hentry"],"acf":[],"_links":{"self":[{"href":"https:\/\/www.grip-facility.com\/fr\/wp-json\/wp\/v2\/pages\/18124","targetHints":{"allow":["GET"]}}],"collection":[{"href":"https:\/\/www.grip-facility.com\/fr\/wp-json\/wp\/v2\/pages"}],"about":[{"href":"https:\/\/www.grip-facility.com\/fr\/wp-json\/wp\/v2\/types\/page"}],"author":[{"embeddable":true,"href":"https:\/\/www.grip-facility.com\/fr\/wp-json\/wp\/v2\/users\/1"}],"replies":[{"embeddable":true,"href":"https:\/\/www.grip-facility.com\/fr\/wp-json\/wp\/v2\/comments?post=18124"}],"version-history":[{"count":0,"href":"https:\/\/www.grip-facility.com\/fr\/wp-json\/wp\/v2\/pages\/18124\/revisions"}],"wp:attachment":[{"href":"https:\/\/www.grip-facility.com\/fr\/wp-json\/wp\/v2\/media?parent=18124"}],"curies":[{"name":"wp","href":"https:\/\/api.w.org\/{rel}","templated":true}]}}