{"id":18122,"date":"2025-12-22T18:47:03","date_gmt":"2025-12-22T18:47:03","guid":{"rendered":""},"modified":"2025-12-22T18:47:03","modified_gmt":"2025-12-22T18:47:03","slug":"temoignages-clients","status":"publish","type":"page","link":"https:\/\/www.grip-facility.com\/fr\/temoignages-clients\/","title":{"rendered":"T\u00e9moignages Clients"},"content":{"rendered":"\r\n<div class=\"wp-block-group grip-archive-hero has-background is-layout-flow wp-block-group-is-layout-flow\" style=\"background-color:#1a1a2e;padding-top:80px;padding-bottom:80px\">\r\n<h1 class=\"wp-block-heading has-text-align-center has-white-color has-text-color\">T\u00e9moignages clients<\/h1>\r\n\r\n\r\n\r\n<p class=\"has-text-align-center\" style=\"color:#ffffffcc\">D\u00e9couvrez comment nos clients r\u00e9ussissent avec GRIP Facility<\/p>\r\n<\/div>\r\n\r\n\r\n\r\n<div class=\"wp-block-group is-layout-flow wp-block-group-is-layout-flow\" style=\"padding-top:60px;padding-bottom:60px\">\r\n<div class=\"wp-block-query is-layout-flow wp-block-query-is-layout-flow\">\r\n\r\n\r\n\r\n<div class=\"wp-block-query-no-results\">\r\n\r\n<p class=\"has-text-align-center\">Aucun t\u00e9moignage client disponible pour le moment.<\/p>\r\n\r\n<\/div><\/div>\r\n<\/div>\r\n","protected":false},"excerpt":{"rendered":"<p>T\u00e9moignages clients D\u00e9couvrez comment nos clients r\u00e9ussissent avec GRIP Facility<\/p>\n","protected":false},"author":1,"featured_media":0,"parent":0,"menu_order":0,"comment_status":"closed","ping_status":"closed","template":"","meta":{"_acf_changed":false,"inline_featured_image":false,"site-sidebar-layout":"default","site-content-layout":"","ast-site-content-layout":"default","site-content-style":"default","site-sidebar-style":"default","ast-global-header-display":"","ast-banner-title-visibility":"","ast-main-header-display":"","ast-hfb-above-header-display":"","ast-hfb-below-header-display":"","ast-hfb-mobile-header-display":"","site-post-title":"","ast-breadcrumbs-content":"","ast-featured-img":"","footer-sml-layout":"","theme-transparent-header-meta":"","adv-header-id-meta":"","stick-header-meta":"","header-above-stick-meta":"","header-main-stick-meta":"","header-below-stick-meta":"","astra-migrate-meta-layouts":"default","ast-page-background-enabled":"default","ast-page-background-meta":{"desktop":{"background-color":"var(--ast-global-color-4)","background-image":"","background-repeat":"repeat","background-position":"center center","background-size":"auto","background-attachment":"scroll","background-type":"","background-media":"","overlay-type":"","overlay-color":"","overlay-opacity":"","overlay-gradient":""},"tablet":{"background-color":"","background-image":"","background-repeat":"repeat","background-position":"center center","background-size":"auto","background-attachment":"scroll","background-type":"","background-media":"","overlay-type":"","overlay-color":"","overlay-opacity":"","overlay-gradient":""},"mobile":{"background-color":"","background-image":"","background-repeat":"repeat","background-position":"center center","background-size":"auto","background-attachment":"scroll","background-type":"","background-media":"","overlay-type":"","overlay-color":"","overlay-opacity":"","overlay-gradient":""}},"ast-content-background-meta":{"desktop":{"background-color":"var(--ast-global-color-5)","background-image":"","background-repeat":"repeat","background-position":"center center","background-size":"auto","background-attachment":"scroll","background-type":"","background-media":"","overlay-type":"","overlay-color":"","overlay-opacity":"","overlay-gradient":""},"tablet":{"background-color":"var(--ast-global-color-5)","background-image":"","background-repeat":"repeat","background-position":"center center","background-size":"auto","background-attachment":"scroll","background-type":"","background-media":"","overlay-type":"","overlay-color":"","overlay-opacity":"","overlay-gradient":""},"mobile":{"background-color":"var(--ast-global-color-5)","background-image":"","background-repeat":"repeat","background-position":"center center","background-size":"auto","background-attachment":"scroll","background-type":"","background-media":"","overlay-type":"","overlay-color":"","overlay-opacity":"","overlay-gradient":""}},"footnotes":""},"class_list":["post-18122","page","type-page","status-publish","hentry"],"acf":[],"_links":{"self":[{"href":"https:\/\/www.grip-facility.com\/fr\/wp-json\/wp\/v2\/pages\/18122","targetHints":{"allow":["GET"]}}],"collection":[{"href":"https:\/\/www.grip-facility.com\/fr\/wp-json\/wp\/v2\/pages"}],"about":[{"href":"https:\/\/www.grip-facility.com\/fr\/wp-json\/wp\/v2\/types\/page"}],"author":[{"embeddable":true,"href":"https:\/\/www.grip-facility.com\/fr\/wp-json\/wp\/v2\/users\/1"}],"replies":[{"embeddable":true,"href":"https:\/\/www.grip-facility.com\/fr\/wp-json\/wp\/v2\/comments?post=18122"}],"version-history":[{"count":0,"href":"https:\/\/www.grip-facility.com\/fr\/wp-json\/wp\/v2\/pages\/18122\/revisions"}],"wp:attachment":[{"href":"https:\/\/www.grip-facility.com\/fr\/wp-json\/wp\/v2\/media?parent=18122"}],"curies":[{"name":"wp","href":"https:\/\/api.w.org\/{rel}","templated":true}]}}