{"id":18120,"date":"2024-12-06T21:42:48","date_gmt":"2024-12-06T21:42:48","guid":{"rendered":""},"modified":"2025-12-22T18:44:26","modified_gmt":"2025-12-22T18:44:26","slug":"prestataires-services","status":"publish","type":"page","link":"https:\/\/www.grip-facility.com\/fr\/secteurs\/prestataires-services\/","title":{"rendered":"Pour les Prestataires de Services"},"content":{"rendered":"\n<style>\n\/* Center hero content *\/\n.hero__inner {\n  max-width: 1200px !important;\n  margin: 0 auto !important;\n  padding-left: 2rem !important;\n  padding-right: 2rem !important;\n}\n.hero__overlay {\n  width: 100% !important;\n  display: flex !important;\n  justify-content: center !important;\n}\n.hero__content {\n  text-align: center !important;\n  max-width: 700px !important;\n  margin: 0 auto !important;\n}\n.hero__actions {\n  justify-content: center !important;\n}\n.hero__meta {\n  justify-content: center !important;\n}\n\n\/* Hero height fix *\/\n.hero {\n  max-height: 500px !important;\n  min-height: auto !important;\n}\n.hero__inner {\n  min-height: auto !important;\n  padding-top: 20px !important;\n  padding-bottom: 30px !important;\n}\n.hero__media {\n  max-height: 280px !important;\n  overflow: hidden !important;\n}\n.hero__media-frame {\n  max-height: 250px !important;\n  overflow: hidden !important;\n}\n.hero__media-frame img,\n.hero__image {\n  max-height: 250px !important;\n  width: auto !important;\n  object-fit: contain !important;\n}\n\n\n\/* Hero orange variant *\/\n.hero.hero--orange {\n  background: linear-gradient(135deg, #FF4B2A 0%, #E0341B 100%) !important;\n  min-height: auto !important;\n  padding: 60px 16px 80px !important;\n  margin-top: -85px !important;\n  position: relative;\n  overflow: hidden;\n}\n\n.hero.hero--orange::after {\n  content: \"\";\n  position: absolute;\n  right: 0;\n  bottom: 0;\n  width: 60%;\n  height: 100%;\n  background-image: url(\"\/wp-content\/uploads\/2025\/01\/ov1.png\");\n  background-size: contain;\n  background-position: right bottom;\n  background-repeat: no-repeat;\n  opacity: 0.7;\n  pointer-events: none;\n  z-index: 1;\n}\n\n.hero.hero--orange .hero__overlay {\n  position: relative;\n  z-index: 2;\n  flex: 1;\n  display: flex;\n  align-items: center;\n}\n\n.hero.hero--orange .hero__bg-circles {\n  display: none;\n}\n\n.hero.hero--orange .hero__title {\n  color: #fff !important;\n}\n\n.hero.hero--orange .hero__title .highlight {\n  color: #0F172A !important;\n}\n\n.hero.hero--orange .hero__subtitle {\n  color: rgba(255,255,255,0.9) !important;\n}\n\n.hero.hero--orange .hero__eyebrow {\n  color: #fff !important;\n  background: rgba(255,255,255,0.2) !important;\n}\n\n.hero.hero--orange .hero__meta-pill {\n  background: rgba(255,255,255,0.2) !important;\n  color: #fff !important;\n  padding: 6px 14px !important;\n  border-radius: 20px !important;\n}\n\n.hero.hero--orange .hero__btn--primary {\n  background: #fff !important;\n  color: #FF4B2A !important;\n}\n<\/style>\n\n\n\n<section class=\"hero hero--orange\">\n  <div class=\"hero__bg-circles hero__bg-circles--left\"><\/div>\n  <div class=\"hero__bg-circles hero__bg-circles--right\"><\/div>\n\n  <div class=\"hero__overlay\">\n    <div class=\"hero__inner\">\n      <div class=\"hero__content\">\n        <span class=\"hero__eyebrow\">GRIP Facility pour les Prestataires de Services<\/span>\n\n        <h1 class=\"hero__title\">\n          D\u00e9veloppez-vous avec une <span class=\"highlight\">ma\u00eetrise<\/span> de tous vos contrats\n        <\/h1>\n\n        <p class=\"hero__subtitle\">\n          En tant qu&rsquo;entreprise de nettoyage ou prestataire de services, vous souhaitez ma\u00eetriser vos contrats clients.\n          GRIP Facility vous aide avec les calculs, les mesures de qualit\u00e9 et la gestion financi\u00e8re.\n        <\/p>\n\n        <div class=\"hero__actions\">\n          <a href=\"\/fr\/reserver-demo\/\" class=\"hero__btn hero__btn--primary\">\n            R\u00e9server une d\u00e9mo\n          <\/a>\n        <\/div>\n\n        <div class=\"hero__meta\">\n          <span class=\"hero__meta-pill\">100+ prestataires de services<\/span>\n          <span class=\"hero__meta-text\">Des PME aux multinationales<\/span>\n        <\/div>\n      <\/div>\n\n      <div class=\"hero__media\">\n        <div class=\"hero__media-frame\">\n          <img decoding=\"async\"\n            src=\"\/wp-content\/uploads\/2025\/12\/branche-dienstverleners-hero.png\"\n            alt=\"Tableau de bord GRIP Facility pour prestataires de services\"\n            class=\"hero__image\"\n          >\n          <div class=\"hero__media-badge\">\n            Tableau de bord prestataires\n          <\/div>\n        <\/div>\n      <\/div>\n    <\/div>\n  <\/div>\n<\/section>\n\n\n\n<section class=\"challenges-section\">\n  <div class=\"challenges-container\">\n    <span class=\"challenges-eyebrow\">Reconnaissable en tant que prestataire de services ?<\/span>\n    <h2 class=\"challenges-heading\">Les d\u00e9fis pour les prestataires de services<\/h2>\n\n    <div class=\"challenges-grid\">\n      <div class=\"challenge-card\">\n        <div class=\"challenge-icon\">\n          <svg xmlns=\"http:\/\/www.w3.org\/2000\/svg\" fill=\"none\" viewBox=\"0 0 24 24\" stroke-width=\"1.5\" stroke=\"currentColor\" width=\"32\" height=\"32\">\n            <path stroke-linecap=\"round\" stroke-linejoin=\"round\" d=\"M2.25 18.75a60.07 60.07 0 0 1 15.797 2.101c.727.198 1.453-.342 1.453-1.096V18.75M3.75 4.5v.75A.75.75 0 0 1 3 6h-.75m0 0v-.375c0-.621.504-1.125 1.125-1.125H20.25M2.25 6v9m18-10.5v.75c0 .414.336.75.75.75h.75m-1.5-1.5h.375c.621 0 1.125.504 1.125 1.125v9.75c0 .621-.504 1.125-1.125 1.125h-.375m1.5-1.5H21a.75.75 0 0 0-.75.75v.75m0 0H3.75m0 0h-.375a1.125 1.125 0 0 1-1.125-1.125V15m1.5 1.5v-.75A.75.75 0 0 0 3 15h-.75M15 10.5a3 3 0 1 1-6 0 3 3 0 0 1 6 0Zm3 0h.008v.008H18V10.5Zm-12 0h.008v.008H6V10.5Z\" \/>\n          <\/svg>\n        <\/div>\n        <h3 class=\"challenge-title\">Calculs complexes<\/h3>\n        <p class=\"challenge-desc\">Chaque devis n\u00e9cessite des calculs pr\u00e9cis. M\u00e8tres carr\u00e9s, fr\u00e9quences, tarifs horaires &#8211; comment gardez-vous une vue d&rsquo;ensemble ?<\/p>\n      <\/div>\n\n      <div class=\"challenge-card\">\n        <div class=\"challenge-icon\">\n          <svg xmlns=\"http:\/\/www.w3.org\/2000\/svg\" fill=\"none\" viewBox=\"0 0 24 24\" stroke-width=\"1.5\" stroke=\"currentColor\" width=\"32\" height=\"32\">\n            <path stroke-linecap=\"round\" stroke-linejoin=\"round\" d=\"M18 18.72a9.094 9.094 0 0 0 3.741-.479 3 3 0 0 0-4.682-2.72m.94 3.198.001.031c0 .225-.012.447-.037.666A11.944 11.944 0 0 1 12 21c-2.17 0-4.207-.576-5.963-1.584A6.062 6.062 0 0 1 6 18.719m12 0a5.971 5.971 0 0 0-.941-3.197m0 0A5.995 5.995 0 0 0 12 12.75a5.995 5.995 0 0 0-5.058 2.772m0 0a3 3 0 0 0-4.681 2.72 8.986 8.986 0 0 0 3.74.477m.94-3.197a5.971 5.971 0 0 0-.94 3.197M15 6.75a3 3 0 1 1-6 0 3 3 0 0 1 6 0Zm6 3a2.25 2.25 0 1 1-4.5 0 2.25 2.25 0 0 1 4.5 0Zm-13.5 0a2.25 2.25 0 1 1-4.5 0 2.25 2.25 0 0 1 4.5 0Z\" \/>\n          <\/svg>\n        <\/div>\n        <h3 class=\"challenge-title\">G\u00e9rer plusieurs clients<\/h3>\n        <p class=\"challenge-desc\">Chaque client a ses propres contrats, sites et accords. Comment gardez-vous une vue d&rsquo;ensemble de tous vos portefeuilles clients ?<\/p>\n      <\/div>\n\n      <div class=\"challenge-card\">\n        <div class=\"challenge-icon\">\n          <svg xmlns=\"http:\/\/www.w3.org\/2000\/svg\" fill=\"none\" viewBox=\"0 0 24 24\" stroke-width=\"1.5\" stroke=\"currentColor\" width=\"32\" height=\"32\">\n            <path stroke-linecap=\"round\" stroke-linejoin=\"round\" d=\"M9 12.75 11.25 15 15 9.75m-3-7.036A11.959 11.959 0 0 1 3.598 6 11.99 11.99 0 0 0 3 9.749c0 5.592 3.824 10.29 9 11.623 5.176-1.332 9-6.03 9-11.622 0-1.31-.21-2.571-.598-3.751h-.152c-3.196 0-6.1-1.248-8.25-3.285Z\" \/>\n          <\/svg>\n        <\/div>\n        <h3 class=\"challenge-title\">D\u00e9montrer la qualit\u00e9<\/h3>\n        <p class=\"challenge-desc\">Les donneurs d&rsquo;ordre exigent des preuves de qualit\u00e9. Comment mesurez-vous objectivement et rapportez-vous professionnellement ?<\/p>\n      <\/div>\n\n      <div class=\"challenge-card\">\n        <div class=\"challenge-icon\">\n          <svg xmlns=\"http:\/\/www.w3.org\/2000\/svg\" fill=\"none\" viewBox=\"0 0 24 24\" stroke-width=\"1.5\" stroke=\"currentColor\" width=\"32\" height=\"32\">\n            <path stroke-linecap=\"round\" stroke-linejoin=\"round\" d=\"M2.25 18 9 11.25l4.306 4.306a11.95 11.95 0 0 1 5.814-5.518l2.74-1.22m0 0-5.94-2.281m5.94 2.28-2.28 5.941\" \/>\n          <\/svg>\n        <\/div>\n        <h3 class=\"challenge-title\">Surveiller la rentabilit\u00e9<\/h3>\n        <p class=\"challenge-desc\">Chaque contrat est-il rentable ? Les analyses de co\u00fbts a posteriori prennent du temps mais sont essentielles pour des marges saines.<\/p>\n      <\/div>\n    <\/div>\n  <\/div>\n<\/section>\n\n\n\n<section class=\"kpi-section\">\n  <div class=\"kpi-grid\">\n    <div class=\"kpi-item\">\n      <div class=\"kpi-number\">100+<\/div>\n      <div class=\"kpi-label\">prestataires de services travaillent avec GRIP Facility<\/div>\n    <\/div>\n    <div class=\"kpi-item\">\n      <div class=\"kpi-number\">50%<\/div>\n      <div class=\"kpi-label\">plus rapide pour calculer avec des mod\u00e8les<\/div>\n    <\/div>\n    <div class=\"kpi-item\">\n      <div class=\"kpi-number\">100%<\/div>\n      <div class=\"kpi-label\">de visibilit\u00e9 sur la rentabilit\u00e9 par contrat<\/div>\n    <\/div>\n    <div class=\"kpi-item\">\n      <div class=\"kpi-number\">0<\/div>\n      <div class=\"kpi-label\">surprises lors de l&rsquo;analyse des co\u00fbts<\/div>\n    <\/div>\n  <\/div>\n<\/section>\n\n\n\n<style>\n\n\/* Logo slider orange *\/\n.grip-logo-wrapper-orange {\n  width: 90%;\n  max-width: 1400px;\n  margin: 3rem auto;\n  font-family: \"Poppins\", sans-serif;\n  text-align: center;\n}\n.grip-logo-wrapper-orange h2 {\n  font-size: 1.25rem;\n  font-weight: 600;\n  color: #0F172A;\n  margin-bottom: 1.5rem;\n}\n.grip-logo-slider-orange {\n  width: 100%;\n  overflow: hidden;\n  border-radius: 22px;\n  background: linear-gradient(135deg, #FF4B2A 0%, #E0341B 100%);\n  padding: 1.5rem 0;\n  position: relative;\n}\n.grip-logo-fade-left-orange,\n.grip-logo-fade-right-orange {\n  position: absolute;\n  top: 0;\n  bottom: 0;\n  width: 80px;\n  z-index: 2;\n  pointer-events: none;\n}\n.grip-logo-fade-left-orange {\n  left: 0;\n  background: linear-gradient(90deg, #FF4B2A 0%, transparent 100%);\n}\n.grip-logo-fade-right-orange {\n  right: 0;\n  background: linear-gradient(270deg, #E0341B 0%, transparent 100%);\n}\n.grip-logo-track-orange {\n  display: flex;\n  align-items: center;\n  gap: 4rem;\n  width: max-content;\n  animation: gripLogoScrollOrange 35s linear infinite;\n}\n.grip-logo-track-orange img {\n  height: 45px;\n  width: auto;\n  opacity: 0.95;\n}\n@keyframes gripLogoScrollOrange {\n  0% { transform: translateX(0); }\n  100% { transform: translateX(-50%); }\n}\n\n<\/style>\n\n<section class=\"grip-logo-wrapper-orange\">\n  <h2>Reconnu par les principaux prestataires de services<\/h2>\n  <div class=\"grip-logo-slider-orange\">\n    <div class=\"grip-logo-fade-left-orange\"><\/div>\n    <div class=\"grip-logo-fade-right-orange\"><\/div>\n    <div class=\"grip-logo-track-orange\">\n      <img decoding=\"async\" src=\"\/wp-content\/uploads\/2025\/11\/balans-white.png\" alt=\"Balans\">\n      <img decoding=\"async\" src=\"\/wp-content\/uploads\/2025\/11\/sodexo-white.png\" alt=\"Sodexo\">\n      <img decoding=\"async\" src=\"\/wp-content\/uploads\/2025\/11\/iris-white.png\" alt=\"Iris\">\n      <img decoding=\"async\" src=\"\/wp-content\/uploads\/2025\/11\/Coolblue_white.png\" alt=\"Coolblue\">\n      <img decoding=\"async\" src=\"\/wp-content\/uploads\/2025\/11\/gom-white.png\" alt=\"GOM\">\n      <img decoding=\"async\" src=\"\/wp-content\/uploads\/2025\/11\/schoonzorg-white.png\" alt=\"Schoonzorg\">\n      <img decoding=\"async\" src=\"\/wp-content\/uploads\/2025\/11\/balans-white.png\" alt=\"Balans\">\n      <img decoding=\"async\" src=\"\/wp-content\/uploads\/2025\/11\/sodexo-white.png\" alt=\"Sodexo\">\n      <img decoding=\"async\" src=\"\/wp-content\/uploads\/2025\/11\/iris-white.png\" alt=\"Iris\">\n      <img decoding=\"async\" src=\"\/wp-content\/uploads\/2025\/11\/Coolblue_white.png\" alt=\"Coolblue\">\n      <img decoding=\"async\" src=\"\/wp-content\/uploads\/2025\/11\/gom-white.png\" alt=\"GOM\">\n      <img decoding=\"async\" src=\"\/wp-content\/uploads\/2025\/11\/schoonzorg-white.png\" alt=\"Schoonzorg\">\n    <\/div>\n  <\/div>\n<\/section>\n\n\n\n<section class=\"feature-section\">\n  <div class=\"feature-container\">\n    <h2 class=\"feature-heading\">\n      Pourquoi les prestataires de services choisissent GRIP\n    <\/h2>\n    <p class=\"feature-intro\">\n      Du calcul au contr\u00f4le qualit\u00e9 : tout ce dont vous avez besoin pour servir vos clients de mani\u00e8re professionnelle.\n    <\/p>\n\n    <div class=\"feature-grid\">\n      <a class=\"feature-card bg-orange\" href=\"\/fr\/plateforme\/gestion-financiere\/\">\n        <div class=\"feature-title\">Module de calcul<\/div>\n        <div class=\"feature-desc\">\n          Cr\u00e9ez des devis pr\u00e9cis bas\u00e9s sur les m2, fr\u00e9quences et tarifs horaires. Utilisez des mod\u00e8les pour des calculs rapides.\n        <\/div>\n      <\/a>\n\n      <a class=\"feature-card bg-blue\" href=\"\/fr\/plateforme\/tableau-de-bord-contrats\/\">\n        <div class=\"feature-title\">Gestion des contrats<\/div>\n        <div class=\"feature-desc\">\n          G\u00e9rez tous vos contrats clients de mani\u00e8re centralis\u00e9e. Des dur\u00e9es aux modifications &#8211; tout clairement en un seul endroit.\n        <\/div>\n      <\/a>\n\n      <a class=\"feature-card bg-dark1\" href=\"\/fr\/plateforme\/gestion-qualite\/\">\n        <div class=\"feature-title\">Mesures de qualit\u00e9<\/div>\n        <div class=\"feature-desc\">\n          DKS, VSR et audits dans une application. Mesurez objectivement, rapportez professionnellement et d\u00e9montrez votre qualit\u00e9.\n        <\/div>\n      <\/a>\n\n      <a class=\"feature-card bg-dark2\" href=\"\/fr\/plateforme\/intelligence-artificielle\/\">\n        <div class=\"feature-title\">Analyse des co\u00fbts<\/div>\n        <div class=\"feature-desc\">\n          Comparez les co\u00fbts r\u00e9els avec vos calculs. D\u00e9tectez les \u00e9carts et optimisez vos marges.\n        <\/div>\n      <\/a>\n    <\/div>\n  <\/div>\n<\/section>\n\n\n\n<section class=\"testimonial-section\">\n  <div class=\"testimonial-container\">\n    <div class=\"testimonial-card\">\n      <div class=\"testimonial-quote\">\n        \u00ab\u00a0Avec GRIP, nous pouvons optimiser nos processus, r\u00e9duire les erreurs et offrir de la transparence \u00e0 nos donneurs d&rsquo;ordre. Le logiciel apporte des avantages d&rsquo;efficacit\u00e9 tant pour nos clients que pour notre organisation.\u00a0\u00bb\n      <\/div>\n      <div class=\"testimonial-author\">\n        <div class=\"testimonial-author-info\">\n          <div class=\"testimonial-name\">Achint Atwal<\/div>\n          <div class=\"testimonial-role\">Directeur G\u00e9n\u00e9ral, Balans<\/div>\n        <\/div>\n      <\/div>\n    <\/div>\n  <\/div>\n<\/section>\n\n\n\n<section class=\"grip-faq-section\">\n  <div class=\"grip-faq-container\">\n    <h2 class=\"grip-faq-title\">\n      <span class=\"grip-faq-highlight\">Questions fr\u00e9quentes<\/span> pour les prestataires de services\n    <\/h2>\n\n    <div class=\"grip-faq-list\">\n      <div class=\"grip-faq-item\">\n        <button class=\"grip-faq-question\" aria-expanded=\"false\">\n          <span>Comment fonctionne le module de calcul ?<\/span>\n          <span class=\"grip-faq-icon\">+<\/span>\n        <\/button>\n        <div class=\"grip-faq-answer\" hidden>\n          <p>Le module de calcul vous permet de cr\u00e9er des devis bas\u00e9s sur les espaces, m\u00e8tres carr\u00e9s, fr\u00e9quences et tarifs horaires. Vous pouvez utiliser des mod\u00e8les pour les calculs standard et tout exporter vers des devis professionnels.<\/p>\n        <\/div>\n      <\/div>\n\n      <div class=\"grip-faq-item\">\n        <button class=\"grip-faq-question\" aria-expanded=\"false\">\n          <span>Puis-je g\u00e9rer plusieurs clients ?<\/span>\n          <span class=\"grip-faq-icon\">+<\/span>\n        <\/button>\n        <div class=\"grip-faq-answer\" hidden>\n          <p>Oui. GRIP Facility est con\u00e7u pour les prestataires de services avec plusieurs clients. Vous g\u00e9rez tous les contrats clients depuis une vue d&rsquo;ensemble et basculez facilement entre les environnements clients.<\/p>\n        <\/div>\n      <\/div>\n\n      <div class=\"grip-faq-item\">\n        <button class=\"grip-faq-question\" aria-expanded=\"false\">\n          <span>Comment fonctionnent les mesures de qualit\u00e9 ?<\/span>\n          <span class=\"grip-faq-icon\">+<\/span>\n        <\/button>\n        <div class=\"grip-faq-answer\" hidden>\n          <p>Avec l&rsquo;application mobile, vous effectuez des mesures DKS, des inspections VSR et des audits. Les r\u00e9sultats sont imm\u00e9diatement synchronis\u00e9s avec le tableau de bord o\u00f9 vous g\u00e9n\u00e9rez des rapports pour vos donneurs d&rsquo;ordre.<\/p>\n        <\/div>\n      <\/div>\n\n      <div class=\"grip-faq-item\">\n        <button class=\"grip-faq-question\" aria-expanded=\"false\">\n          <span>GRIP peut-il \u00eatre connect\u00e9 \u00e0 notre syst\u00e8me ERP ?<\/span>\n          <span class=\"grip-faq-icon\">+<\/span>\n        <\/button>\n        <div class=\"grip-faq-answer\" hidden>\n          <p>Oui. GRIP dispose de connexions API pour l&rsquo;int\u00e9gration avec les syst\u00e8mes ERP et de planification. Contactez-nous pour les possibilit\u00e9s pour votre organisation.<\/p>\n        <\/div>\n      <\/div>\n\n      <div class=\"grip-faq-item\">\n        <button class=\"grip-faq-question\" aria-expanded=\"false\">\n          <span>Y a-t-il une p\u00e9riode d&rsquo;essai disponible ?<\/span>\n          <span class=\"grip-faq-icon\">+<\/span>\n        <\/button>\n        <div class=\"grip-faq-answer\" hidden>\n          <p>Oui. Nous proposons une d\u00e9mo sans engagement et pouvons mettre en place un environnement de test pour que vous puissiez exp\u00e9rimenter GRIP avec de vraies donn\u00e9es.<\/p>\n        <\/div>\n      <\/div>\n    <\/div>\n  <\/div>\n<\/section>\n\n\n\n<section class=\"platform-cta\">\n  <div class=\"platform-cta__inner\">\n    <h2 class=\"platform-cta__title\">Pr\u00eat \u00e0 commencer ?<\/h2>\n    <p class=\"platform-cta__subtitle\">D\u00e9couvrez comment GRIP Facility \u00e9l\u00e8ve votre prestation de services \u00e0 un niveau sup\u00e9rieur.<\/p>\n    <div class=\"platform-cta__actions\">\n      <a href=\"\/fr\/reserver-demo\/\" class=\"platform-cta__btn platform-cta__btn--primary\">R\u00e9server une d\u00e9mo<\/a>\n      <a href=\"\/fr\/tarifs\/\" class=\"platform-cta__btn platform-cta__btn--secondary\">Voir les tarifs<\/a>\n    <\/div>\n  <\/div>\n<\/section>\n","protected":false},"excerpt":{"rendered":"<p>GRIP Facility pour les Prestataires de Services D\u00e9veloppez-vous avec une ma\u00eetrise de tous vos contrats En tant qu&rsquo;entreprise de nettoyage ou prestataire de services, vous souhaitez ma\u00eetriser vos contrats clients. GRIP Facility vous aide avec les calculs, les mesures de qualit\u00e9 et la gestion financi\u00e8re. R\u00e9server une d\u00e9mo 100+ prestataires de services Des PME aux [&hellip;]<\/p>\n","protected":false},"author":1,"featured_media":0,"parent":18268,"menu_order":0,"comment_status":"closed","ping_status":"closed","template":"","meta":{"_acf_changed":false,"inline_featured_image":false,"site-sidebar-layout":"no-sidebar","site-content-layout":"page-builder","ast-site-content-layout":"full-width-container","site-content-style":"default","site-sidebar-style":"default","ast-global-header-display":"","ast-banner-title-visibility":"","ast-main-header-display":"","ast-hfb-above-header-display":"","ast-hfb-below-header-display":"","ast-hfb-mobile-header-display":"","site-post-title":"disabled","ast-breadcrumbs-content":"","ast-featured-img":"disabled","footer-sml-layout":"","theme-transparent-header-meta":"","adv-header-id-meta":"","stick-header-meta":"","header-above-stick-meta":"","header-main-stick-meta":"","header-below-stick-meta":"","astra-migrate-meta-layouts":"default","ast-page-background-enabled":"default","ast-page-background-meta":{"desktop":{"background-color":"var(--ast-global-color-4)","background-image":"","background-repeat":"repeat","background-position":"center center","background-size":"auto","background-attachment":"scroll","background-type":"","background-media":"","overlay-type":"","overlay-color":"","overlay-opacity":"","overlay-gradient":""},"tablet":{"background-color":"","background-image":"","background-repeat":"repeat","background-position":"center center","background-size":"auto","background-attachment":"scroll","background-type":"","background-media":"","overlay-type":"","overlay-color":"","overlay-opacity":"","overlay-gradient":""},"mobile":{"background-color":"","background-image":"","background-repeat":"repeat","background-position":"center center","background-size":"auto","background-attachment":"scroll","background-type":"","background-media":"","overlay-type":"","overlay-color":"","overlay-opacity":"","overlay-gradient":""}},"ast-content-background-meta":{"desktop":{"background-color":"var(--ast-global-color-5)","background-image":"","background-repeat":"repeat","background-position":"center center","background-size":"auto","background-attachment":"scroll","background-type":"","background-media":"","overlay-type":"","overlay-color":"","overlay-opacity":"","overlay-gradient":""},"tablet":{"background-color":"var(--ast-global-color-5)","background-image":"","background-repeat":"repeat","background-position":"center center","background-size":"auto","background-attachment":"scroll","background-type":"","background-media":"","overlay-type":"","overlay-color":"","overlay-opacity":"","overlay-gradient":""},"mobile":{"background-color":"var(--ast-global-color-5)","background-image":"","background-repeat":"repeat","background-position":"center center","background-size":"auto","background-attachment":"scroll","background-type":"","background-media":"","overlay-type":"","overlay-color":"","overlay-opacity":"","overlay-gradient":""}},"footnotes":""},"class_list":["post-18120","page","type-page","status-publish","hentry"],"acf":[],"_links":{"self":[{"href":"https:\/\/www.grip-facility.com\/fr\/wp-json\/wp\/v2\/pages\/18120","targetHints":{"allow":["GET"]}}],"collection":[{"href":"https:\/\/www.grip-facility.com\/fr\/wp-json\/wp\/v2\/pages"}],"about":[{"href":"https:\/\/www.grip-facility.com\/fr\/wp-json\/wp\/v2\/types\/page"}],"author":[{"embeddable":true,"href":"https:\/\/www.grip-facility.com\/fr\/wp-json\/wp\/v2\/users\/1"}],"replies":[{"embeddable":true,"href":"https:\/\/www.grip-facility.com\/fr\/wp-json\/wp\/v2\/comments?post=18120"}],"version-history":[{"count":0,"href":"https:\/\/www.grip-facility.com\/fr\/wp-json\/wp\/v2\/pages\/18120\/revisions"}],"up":[{"embeddable":true,"href":"https:\/\/www.grip-facility.com\/fr\/wp-json\/wp\/v2\/pages\/18268"}],"wp:attachment":[{"href":"https:\/\/www.grip-facility.com\/fr\/wp-json\/wp\/v2\/media?parent=18120"}],"curies":[{"name":"wp","href":"https:\/\/api.w.org\/{rel}","templated":true}]}}