{"id":18118,"date":"2025-09-23T19:41:05","date_gmt":"2025-09-23T19:41:05","guid":{"rendered":""},"modified":"2025-12-22T18:44:26","modified_gmt":"2025-12-22T18:44:26","slug":"secteur-public","status":"publish","type":"page","link":"https:\/\/www.grip-facility.com\/fr\/secteurs\/secteur-public\/","title":{"rendered":"Secteur Public"},"content":{"rendered":"\n<style>\n\/* Center hero content *\/\n.hero__inner {\n  max-width: 1200px !important;\n  margin: 0 auto !important;\n  padding-left: 2rem !important;\n  padding-right: 2rem !important;\n}\n.hero__overlay {\n  width: 100% !important;\n  display: flex !important;\n  justify-content: center !important;\n}\n.hero__content {\n  text-align: center !important;\n  max-width: 700px !important;\n  margin: 0 auto !important;\n}\n.hero__actions {\n  justify-content: center !important;\n}\n.hero__meta {\n  justify-content: center !important;\n}\n\n\/* Hero height fix *\/\n.hero {\n  max-height: 500px !important;\n  min-height: auto !important;\n}\n.hero__inner {\n  min-height: auto !important;\n  padding-top: 20px !important;\n  padding-bottom: 30px !important;\n}\n.hero__media {\n  max-height: 280px !important;\n  overflow: hidden !important;\n}\n.hero__media-frame {\n  max-height: 250px !important;\n  overflow: hidden !important;\n}\n.hero__media-frame img,\n.hero__image {\n  max-height: 250px !important;\n  width: auto !important;\n  object-fit: contain !important;\n}\n\n\n\/* Hero orange variant *\/\n.hero.hero--orange {\n  background: linear-gradient(135deg, #FF4B2A 0%, #E0341B 100%) !important;\n  min-height: auto !important;\n  padding: 60px 16px 80px !important;\n  margin-top: -85px !important;\n  position: relative;\n  overflow: hidden;\n}\n\n.hero.hero--orange::after {\n  content: \"\";\n  position: absolute;\n  right: 0;\n  bottom: 0;\n  width: 60%;\n  height: 100%;\n  background-image: url(\"\/wp-content\/uploads\/2025\/01\/ov1.png\");\n  background-size: contain;\n  background-position: right bottom;\n  background-repeat: no-repeat;\n  opacity: 0.7;\n  pointer-events: none;\n  z-index: 1;\n}\n\n.hero.hero--orange .hero__overlay {\n  position: relative;\n  z-index: 2;\n  flex: 1;\n  display: flex;\n  align-items: center;\n}\n\n.hero.hero--orange .hero__bg-circles {\n  display: none;\n}\n\n.hero.hero--orange .hero__title {\n  color: #fff !important;\n}\n\n.hero.hero--orange .hero__title .highlight {\n  color: #0F172A !important;\n}\n\n.hero.hero--orange .hero__subtitle {\n  color: rgba(255,255,255,0.9) !important;\n}\n\n.hero.hero--orange .hero__eyebrow {\n  color: #fff !important;\n  background: rgba(255,255,255,0.2) !important;\n}\n\n.hero.hero--orange .hero__meta-pill {\n  background: rgba(255,255,255,0.2) !important;\n  color: #fff !important;\n  padding: 6px 14px !important;\n  border-radius: 20px !important;\n}\n\n.hero.hero--orange .hero__btn--primary {\n  background: #fff !important;\n  color: #FF4B2A !important;\n}\n<\/style>\n\n\n\n<section class=\"hero hero--orange\">\n  <div class=\"hero__bg-circles hero__bg-circles--left\"><\/div>\n  <div class=\"hero__bg-circles hero__bg-circles--right\"><\/div>\n\n  <div class=\"hero__overlay\">\n    <div class=\"hero__inner\">\n      <div class=\"hero__content\">\n        <span class=\"hero__eyebrow\">GRIP Facility pour le Secteur Public<\/span>\n\n        <h1 class=\"hero__title\">\n          <span class=\"highlight\">Gestion des contrats<\/span> transparente pour le secteur public\n        <\/h1>\n\n        <p class=\"hero__subtitle\">\n          Travailler de mani\u00e8re transparente et conforme est essentiel pour les organisations publiques. Avec GRIP Facility,\n          vous g\u00e9rez tous vos contrats de services de mani\u00e8re centralis\u00e9e, avec des pistes d&rsquo;audit compl\u00e8tes et des rapports.\n        <\/p>\n\n        <div class=\"hero__actions\">\n          <a href=\"\/fr\/reserver-demo\/\" class=\"hero__btn hero__btn--primary\">\n            R\u00e9server une d\u00e9mo\n          <\/a>\n        <\/div>\n\n        <div class=\"hero__meta\">\n          <span class=\"hero__meta-pill\">Communes et Provinces<\/span>\n          <span class=\"hero__meta-text\">Des offices des eaux \u00e0 l&rsquo;\u00c9tat<\/span>\n        <\/div>\n      <\/div>\n\n      <div class=\"hero__media\">\n        <div class=\"hero__media-frame\">\n          <img decoding=\"async\"\n            src=\"\/wp-content\/uploads\/2025\/12\/branche-overheid-hero.png\"\n            alt=\"Gestion des services dans le secteur public\"\n            class=\"hero__image\"\n            style=\"width:100%;max-height:400px;object-fit:cover;object-position:center top;display:block;\"\n          >\n          <div class=\"hero__media-badge\">\n            Gestion des services secteur public\n          <\/div>\n        <\/div>\n      <\/div>\n    <\/div>\n  <\/div>\n<\/section>\n\n\n\n<section class=\"challenges-section\">\n  <div class=\"challenges-container\">\n    <span class=\"challenges-eyebrow\">Reconnaissable dans le secteur public ?<\/span>\n    <h2 class=\"challenges-heading\">Les d\u00e9fis de la gestion des services dans le secteur public<\/h2>\n\n    <div class=\"challenges-grid\">\n      <div class=\"challenge-card\">\n        <div class=\"challenge-icon\">\n          <svg xmlns=\"http:\/\/www.w3.org\/2000\/svg\" fill=\"none\" viewBox=\"0 0 24 24\" stroke-width=\"1.5\" stroke=\"currentColor\" width=\"32\" height=\"32\">\n            <path stroke-linecap=\"round\" stroke-linejoin=\"round\" d=\"M9 12.75 11.25 15 15 9.75m-3-7.036A11.959 11.959 0 0 1 3.598 6 11.99 11.99 0 0 0 3 9.749c0 5.592 3.824 10.29 9 11.623 5.176-1.332 9-6.03 9-11.622 0-1.31-.21-2.571-.598-3.751h-.152c-3.196 0-6.1-1.248-8.25-3.285Z\" \/>\n          <\/svg>\n        <\/div>\n        <h3 class=\"challenge-title\">Conformit\u00e9 et transparence<\/h3>\n        <p class=\"challenge-desc\">Chaque d\u00e9cision doit \u00eatre tra\u00e7able. Les r\u00e8gles de march\u00e9s publics, les pistes d&rsquo;audit et les rapports sont obligatoires. Comment garantissez-vous cela dans votre travail quotidien ?<\/p>\n      <\/div>\n\n      <div class=\"challenge-card\">\n        <div class=\"challenge-icon\">\n          <svg xmlns=\"http:\/\/www.w3.org\/2000\/svg\" fill=\"none\" viewBox=\"0 0 24 24\" stroke-width=\"1.5\" stroke=\"currentColor\" width=\"32\" height=\"32\">\n            <path stroke-linecap=\"round\" stroke-linejoin=\"round\" d=\"M2.25 21h19.5m-18-18v18m10.5-18v18m6-13.5V21M6.75 6.75h.75m-.75 3h.75m-.75 3h.75m3-6h.75m-.75 3h.75m-.75 3h.75M6.75 21v-3.375c0-.621.504-1.125 1.125-1.125h2.25c.621 0 1.125.504 1.125 1.125V21M3 3h12m-.75 4.5H21m-3.75 3.75h.008v.008h-.008v-.008Zm0 3h.008v.008h-.008v-.008Zm0 3h.008v.008h-.008v-.008Z\" \/>\n          <\/svg>\n        <\/div>\n        <h3 class=\"challenge-title\">Portefeuille immobilier dispers\u00e9<\/h3>\n        <p class=\"challenge-desc\">De l&rsquo;h\u00f4tel de ville au centre de quartier, du d\u00e9p\u00f4t au complexe sportif. Chaque b\u00e2timent a ses propres fournisseurs et contrats. La vue d&rsquo;ensemble est difficile.<\/p>\n      <\/div>\n\n      <div class=\"challenge-card\">\n        <div class=\"challenge-icon\">\n          <svg xmlns=\"http:\/\/www.w3.org\/2000\/svg\" fill=\"none\" viewBox=\"0 0 24 24\" stroke-width=\"1.5\" stroke=\"currentColor\" width=\"32\" height=\"32\">\n            <path stroke-linecap=\"round\" stroke-linejoin=\"round\" d=\"M12 6v12m-3-2.818.879.659c1.171.879 3.07.879 4.242 0 1.172-.879 1.172-2.303 0-3.182C13.536 12.219 12.768 12 12 12c-.725 0-1.45-.22-2.003-.659-1.106-.879-1.106-2.303 0-3.182s2.9-.879 4.006 0l.415.33M21 12a9 9 0 1 1-18 0 9 9 0 0 1 18 0Z\" \/>\n          <\/svg>\n        <\/div>\n        <h3 class=\"challenge-title\">Responsabilit\u00e9 publique<\/h3>\n        <p class=\"challenge-desc\">Les budgets et d\u00e9penses sont sous la loupe. Comment justifiez-vous vos choix et d\u00e9montrez-vous que vous travaillez efficacement ?<\/p>\n      <\/div>\n\n      <div class=\"challenge-card\">\n        <div class=\"challenge-icon\">\n          <svg xmlns=\"http:\/\/www.w3.org\/2000\/svg\" fill=\"none\" viewBox=\"0 0 24 24\" stroke-width=\"1.5\" stroke=\"currentColor\" width=\"32\" height=\"32\">\n            <path stroke-linecap=\"round\" stroke-linejoin=\"round\" d=\"M19.5 14.25v-2.625a3.375 3.375 0 0 0-3.375-3.375h-1.5A1.125 1.125 0 0 1 13.5 7.125v-1.5a3.375 3.375 0 0 0-3.375-3.375H8.25m0 12.75h7.5m-7.5 3H12M10.5 2.25H5.625c-.621 0-1.125.504-1.125 1.125v17.25c0 .621.504 1.125 1.125 1.125h12.75c.621 0 1.125-.504 1.125-1.125V11.25a9 9 0 0 0-9-9Z\" \/>\n          <\/svg>\n        <\/div>\n        <h3 class=\"challenge-title\">Dur\u00e9es des contrats et appels d&rsquo;offres<\/h3>\n        <p class=\"challenge-desc\">Quand quel contrat expire-t-il ? Quand devez-vous lancer un appel d&rsquo;offres ? Les d\u00e9lais manqu\u00e9s entra\u00eenent des prolongations tacites.<\/p>\n      <\/div>\n    <\/div>\n  <\/div>\n<\/section>\n\n\n\n<section class=\"kpi-section\">\n  <div class=\"kpi-grid\">\n    <div class=\"kpi-item\">\n      <div class=\"kpi-number\">50+<\/div>\n      <div class=\"kpi-label\">organisations publiques font confiance \u00e0 GRIP Facility<\/div>\n    <\/div>\n    <div class=\"kpi-item\">\n      <div class=\"kpi-number\">100%<\/div>\n      <div class=\"kpi-label\">piste d&rsquo;audit pour une transparence totale<\/div>\n    <\/div>\n    <div class=\"kpi-item\">\n      <div class=\"kpi-number\">0<\/div>\n      <div class=\"kpi-label\">\u00e9ch\u00e9ances de contrats manqu\u00e9es<\/div>\n    <\/div>\n    <div class=\"kpi-item\">\n      <div class=\"kpi-number\">30%<\/div>\n      <div class=\"kpi-label\">de temps en moins sur l&rsquo;administration des contrats<\/div>\n    <\/div>\n  <\/div>\n<\/section>\n\n\n\n<style>\n\n\/* Logo slider orange *\/\n.grip-logo-wrapper-orange {\n  width: 90%;\n  max-width: 1400px;\n  margin: 3rem auto;\n  font-family: \"Poppins\", sans-serif;\n  text-align: center;\n}\n.grip-logo-wrapper-orange h2 {\n  font-size: 1.25rem;\n  font-weight: 600;\n  color: #0F172A;\n  margin-bottom: 1.5rem;\n}\n.grip-logo-slider-orange {\n  width: 100%;\n  overflow: hidden;\n  border-radius: 22px;\n  background: linear-gradient(135deg, #FF4B2A 0%, #E0341B 100%);\n  padding: 1.5rem 0;\n  position: relative;\n}\n.grip-logo-fade-left-orange,\n.grip-logo-fade-right-orange {\n  position: absolute;\n  top: 0;\n  bottom: 0;\n  width: 80px;\n  z-index: 2;\n  pointer-events: none;\n}\n.grip-logo-fade-left-orange {\n  left: 0;\n  background: linear-gradient(90deg, #FF4B2A 0%, transparent 100%);\n}\n.grip-logo-fade-right-orange {\n  right: 0;\n  background: linear-gradient(270deg, #E0341B 0%, transparent 100%);\n}\n.grip-logo-track-orange {\n  display: flex;\n  align-items: center;\n  gap: 4rem;\n  width: max-content;\n  animation: gripLogoScrollOrange 35s linear infinite;\n}\n.grip-logo-track-orange img {\n  height: 45px;\n  width: auto;\n  opacity: 0.95;\n}\n@keyframes gripLogoScrollOrange {\n  0% { transform: translateX(0); }\n  100% { transform: translateX(-50%); }\n}\n\n<\/style>\n\n<section class=\"grip-logo-wrapper-orange\">\n  <h2>Reconnu par les organisations publiques<\/h2>\n  <div class=\"grip-logo-slider-orange\">\n    <div class=\"grip-logo-fade-left-orange\"><\/div>\n    <div class=\"grip-logo-fade-right-orange\"><\/div>\n    <div class=\"grip-logo-track-orange\">\n      <img decoding=\"async\" src=\"\/wp-content\/uploads\/2025\/11\/Gemeente-nissewaard-white.png\" alt=\"Gemeente-nissewaard\">\n      <img decoding=\"async\" src=\"\/wp-content\/uploads\/2025\/11\/brabantse-delta-white.png\" alt=\"brabantse-delta\">\n      <img decoding=\"async\" src=\"\/wp-content\/uploads\/2025\/11\/GVB-white.png\" alt=\"GVB\">\n      <img decoding=\"async\" src=\"\/wp-content\/uploads\/2025\/11\/curacao_white.png\" alt=\"curacao\">\n      <img decoding=\"async\" src=\"\/wp-content\/uploads\/2025\/11\/Gemeente-nissewaard-white.png\" alt=\"Gemeente-nissewaard\">\n      <img decoding=\"async\" src=\"\/wp-content\/uploads\/2025\/11\/brabantse-delta-white.png\" alt=\"brabantse-delta\">\n      <img decoding=\"async\" src=\"\/wp-content\/uploads\/2025\/11\/GVB-white.png\" alt=\"GVB\">\n      <img decoding=\"async\" src=\"\/wp-content\/uploads\/2025\/11\/curacao_white.png\" alt=\"curacao\">\n    <\/div>\n  <\/div>\n<\/section>\n\n\n\n<section class=\"feature-section\">\n  <div class=\"feature-container\">\n    <h2 class=\"feature-heading\">\n      Comment GRIP Facility aide le secteur public\n    <\/h2>\n    <p class=\"feature-intro\">\n      De la gestion des contrats aux mesures de qualit\u00e9 : tout ce dont vous avez besoin pour une gestion des services professionnelle et conforme.\n    <\/p>\n\n    <div class=\"feature-grid\">\n      <a class=\"feature-card bg-blue\" href=\"\/fr\/plateforme\/tableau-de-bord-contrats\/\">\n        <div class=\"feature-title\">Piste d&rsquo;audit compl\u00e8te<\/div>\n        <div class=\"feature-desc\">\n          Chaque modification est enregistr\u00e9e. Vous pouvez toujours d\u00e9montrer qui a modifi\u00e9 quoi et quand. Parfait pour les audits internes et externes.\n        <\/div>\n      <\/a>\n\n      <a class=\"feature-card bg-dark2\" href=\"\/fr\/plateforme\/gestion-financiere\/\">\n        <div class=\"feature-title\">Suivi budg\u00e9taire<\/div>\n        <div class=\"feature-desc\">\n          Suivez les d\u00e9penses par contrat, site et p\u00e9riode. Comparez avec le budget et signalez les \u00e9carts avant qu&rsquo;ils ne deviennent des probl\u00e8mes.\n        <\/div>\n      <\/a>\n\n      <a class=\"feature-card bg-dark1\" href=\"\/fr\/plateforme\/gestion-qualite\/\">\n        <div class=\"feature-title\">Contr\u00f4les qualit\u00e9<\/div>\n        <div class=\"feature-desc\">\n          Mesurez et comparez la qualit\u00e9 par site. Des contr\u00f4les DKS aux audits &#8211; enregistr\u00e9s de mani\u00e8re objective et reproductible.\n        <\/div>\n      <\/a>\n\n      <a class=\"feature-card bg-orange\" href=\"\/fr\/plateforme\/intelligence-artificielle\/\">\n        <div class=\"feature-title\">\u00c9ch\u00e9ances des contrats<\/div>\n        <div class=\"feature-desc\">\n          Alertes automatiques pour les contrats arrivant \u00e0 \u00e9ch\u00e9ance. Lancez les appels d&rsquo;offres \u00e0 temps et \u00e9vitez les prolongations tacites.\n        <\/div>\n      <\/a>\n    <\/div>\n  <\/div>\n<\/section>\n\n\n\n<section class=\"testimonial-section\">\n  <div class=\"testimonial-container\">\n    <div class=\"testimonial-card\">\n      <div class=\"testimonial-quote\">\n        \u00ab\u00a0En travaillant avec GRIP sur toute la ligne, nous centralisons nos donn\u00e9es et \u00e9vitons la fragmentation entre diff\u00e9rents syst\u00e8mes. Cela nous permet de collecter et d&rsquo;analyser des donn\u00e9es pertinentes, ce qui conduit \u00e0 l&rsquo;optimisation de nos services.\u00a0\u00bb\n      <\/div>\n      <div class=\"testimonial-author\">\n        <div class=\"testimonial-author-info\">\n          <div class=\"testimonial-name\">Frans Cramer<\/div>\n          <div class=\"testimonial-role\">GVB<\/div>\n        <\/div>\n      <\/div>\n    <\/div>\n  <\/div>\n<\/section>\n\n\n\n<section class=\"grip-faq-section\">\n  <div class=\"grip-faq-container\">\n    <h2 class=\"grip-faq-title\">\n      <span class=\"grip-faq-highlight\">Questions fr\u00e9quentes<\/span> sur GRIP pour le secteur public\n    <\/h2>\n\n    <div class=\"grip-faq-list\">\n      <div class=\"grip-faq-item\">\n        <button class=\"grip-faq-question\" aria-expanded=\"false\">\n          <span>GRIP Facility r\u00e9pond-il aux exigences des organisations gouvernementales ?<\/span>\n          <span class=\"grip-faq-icon\">+<\/span>\n        <\/button>\n        <div class=\"grip-faq-answer\" hidden>\n          <p>Oui. GRIP Facility est certifi\u00e9 ISO 27001 et toutes les donn\u00e9es sont stock\u00e9es en Europe. La plateforme offre des pistes d&rsquo;audit compl\u00e8tes et r\u00e9pond \u00e0 toutes les exigences de confidentialit\u00e9 et de s\u00e9curit\u00e9 pour le secteur public.<\/p>\n        <\/div>\n      <\/div>\n\n      <div class=\"grip-faq-item\">\n        <button class=\"grip-faq-question\" aria-expanded=\"false\">\n          <span>Comment GRIP aide-t-il dans les proc\u00e9dures d&rsquo;appels d&rsquo;offres ?<\/span>\n          <span class=\"grip-faq-icon\">+<\/span>\n        <\/button>\n        <div class=\"grip-faq-answer\" hidden>\n          <p>GRIP signale automatiquement lorsque les contrats arrivent \u00e0 \u00e9ch\u00e9ance, vous permettant de lancer un appel d&rsquo;offres \u00e0 temps. Toutes les donn\u00e9es contractuelles sont imm\u00e9diatement disponibles pour le cahier des charges et l&rsquo;attribution.<\/p>\n        <\/div>\n      <\/div>\n\n      <div class=\"grip-faq-item\">\n        <button class=\"grip-faq-question\" aria-expanded=\"false\">\n          <span>Pouvons-nous cr\u00e9er des rapports pour le conseil municipal ou la direction ?<\/span>\n          <span class=\"grip-faq-icon\">+<\/span>\n        <\/button>\n        <div class=\"grip-faq-answer\" hidden>\n          <p>Absolument. GRIP offre des possibilit\u00e9s de rapports \u00e9tendues. Des co\u00fbts par site aux performances des fournisseurs &#8211; tout peut \u00eatre export\u00e9 et pr\u00e9sent\u00e9.<\/p>\n        <\/div>\n      <\/div>\n\n      <div class=\"grip-faq-item\">\n        <button class=\"grip-faq-question\" aria-expanded=\"false\">\n          <span>GRIP est-il adapt\u00e9 aux organisations avec de nombreux sites ?<\/span>\n          <span class=\"grip-faq-icon\">+<\/span>\n        <\/button>\n        <div class=\"grip-faq-answer\" hidden>\n          <p>Oui. GRIP Facility est con\u00e7u pour les organisations avec des dizaines voire des centaines de sites. Les filtres, les fonctions de recherche et les vues cartographiques facilitent la navigation.<\/p>\n        <\/div>\n      <\/div>\n\n      <div class=\"grip-faq-item\">\n        <button class=\"grip-faq-question\" aria-expanded=\"false\">\n          <span>Qu&rsquo;en est-il du RGPD et de la protection des donn\u00e9es ?<\/span>\n          <span class=\"grip-faq-icon\">+<\/span>\n        <\/button>\n        <div class=\"grip-faq-answer\" hidden>\n          <p>GRIP est enti\u00e8rement conforme au RGPD. Nous ne traitons que les donn\u00e9es n\u00e9cessaires \u00e0 la gestion des contrats. Toutes les donn\u00e9es sont stock\u00e9es de mani\u00e8re crypt\u00e9e et des accords de traitement clairs sont en place.<\/p>\n        <\/div>\n      <\/div>\n\n      <div class=\"grip-faq-item\">\n        <button class=\"grip-faq-question\" aria-expanded=\"false\">\n          <span>GRIP peut-il \u00eatre connect\u00e9 aux syst\u00e8mes existants ?<\/span>\n          <span class=\"grip-faq-icon\">+<\/span>\n        <\/button>\n        <div class=\"grip-faq-answer\" hidden>\n          <p>Oui. GRIP dispose de connexions avec divers syst\u00e8mes FMIS et peut s&rsquo;int\u00e9grer aux syst\u00e8mes financiers. Contactez-nous pour les possibilit\u00e9s pour votre organisation.<\/p>\n        <\/div>\n      <\/div>\n    <\/div>\n  <\/div>\n<\/section>\n\n\n\n<section class=\"platform-cta\">\n  <div class=\"platform-cta__inner\">\n    <h2 class=\"platform-cta__title\">Pr\u00eat \u00e0 commencer ?<\/h2>\n    <p class=\"platform-cta__subtitle\">D\u00e9couvrez comment GRIP Facility aide votre organisation avec une gestion des contrats transparente et conforme.<\/p>\n    <div class=\"platform-cta__actions\">\n      <a href=\"\/fr\/reserver-demo\/\" class=\"platform-cta__btn platform-cta__btn--primary\">R\u00e9server une d\u00e9mo<\/a>\n      <a href=\"\/fr\/tarifs\/\" class=\"platform-cta__btn platform-cta__btn--secondary\">Voir les tarifs<\/a>\n    <\/div>\n  <\/div>\n<\/section>\n","protected":false},"excerpt":{"rendered":"<p>GRIP Facility pour le Secteur Public Gestion des contrats transparente pour le secteur public Travailler de mani\u00e8re transparente et conforme est essentiel pour les organisations publiques. Avec GRIP Facility, vous g\u00e9rez tous vos contrats de services de mani\u00e8re centralis\u00e9e, avec des pistes d&rsquo;audit compl\u00e8tes et des rapports. R\u00e9server une d\u00e9mo Communes et Provinces Des offices [&hellip;]<\/p>\n","protected":false},"author":1,"featured_media":0,"parent":18268,"menu_order":0,"comment_status":"closed","ping_status":"closed","template":"","meta":{"_acf_changed":false,"inline_featured_image":false,"site-sidebar-layout":"no-sidebar","site-content-layout":"page-builder","ast-site-content-layout":"full-width-container","site-content-style":"default","site-sidebar-style":"default","ast-global-header-display":"","ast-banner-title-visibility":"","ast-main-header-display":"","ast-hfb-above-header-display":"","ast-hfb-below-header-display":"","ast-hfb-mobile-header-display":"","site-post-title":"","ast-breadcrumbs-content":"","ast-featured-img":"disabled","footer-sml-layout":"","theme-transparent-header-meta":"","adv-header-id-meta":"","stick-header-meta":"","header-above-stick-meta":"","header-main-stick-meta":"","header-below-stick-meta":"","astra-migrate-meta-layouts":"default","ast-page-background-enabled":"default","ast-page-background-meta":{"desktop":{"background-color":"var(--ast-global-color-4)","background-image":"","background-repeat":"repeat","background-position":"center center","background-size":"auto","background-attachment":"scroll","background-type":"","background-media":"","overlay-type":"","overlay-color":"","overlay-opacity":"","overlay-gradient":""},"tablet":{"background-color":"","background-image":"","background-repeat":"repeat","background-position":"center center","background-size":"auto","background-attachment":"scroll","background-type":"","background-media":"","overlay-type":"","overlay-color":"","overlay-opacity":"","overlay-gradient":""},"mobile":{"background-color":"","background-image":"","background-repeat":"repeat","background-position":"center center","background-size":"auto","background-attachment":"scroll","background-type":"","background-media":"","overlay-type":"","overlay-color":"","overlay-opacity":"","overlay-gradient":""}},"ast-content-background-meta":{"desktop":{"background-color":"var(--ast-global-color-5)","background-image":"","background-repeat":"repeat","background-position":"center center","background-size":"auto","background-attachment":"scroll","background-type":"","background-media":"","overlay-type":"","overlay-color":"","overlay-opacity":"","overlay-gradient":""},"tablet":{"background-color":"var(--ast-global-color-5)","background-image":"","background-repeat":"repeat","background-position":"center center","background-size":"auto","background-attachment":"scroll","background-type":"","background-media":"","overlay-type":"","overlay-color":"","overlay-opacity":"","overlay-gradient":""},"mobile":{"background-color":"var(--ast-global-color-5)","background-image":"","background-repeat":"repeat","background-position":"center center","background-size":"auto","background-attachment":"scroll","background-type":"","background-media":"","overlay-type":"","overlay-color":"","overlay-opacity":"","overlay-gradient":""}},"footnotes":""},"class_list":["post-18118","page","type-page","status-publish","hentry"],"acf":[],"_links":{"self":[{"href":"https:\/\/www.grip-facility.com\/fr\/wp-json\/wp\/v2\/pages\/18118","targetHints":{"allow":["GET"]}}],"collection":[{"href":"https:\/\/www.grip-facility.com\/fr\/wp-json\/wp\/v2\/pages"}],"about":[{"href":"https:\/\/www.grip-facility.com\/fr\/wp-json\/wp\/v2\/types\/page"}],"author":[{"embeddable":true,"href":"https:\/\/www.grip-facility.com\/fr\/wp-json\/wp\/v2\/users\/1"}],"replies":[{"embeddable":true,"href":"https:\/\/www.grip-facility.com\/fr\/wp-json\/wp\/v2\/comments?post=18118"}],"version-history":[{"count":0,"href":"https:\/\/www.grip-facility.com\/fr\/wp-json\/wp\/v2\/pages\/18118\/revisions"}],"up":[{"embeddable":true,"href":"https:\/\/www.grip-facility.com\/fr\/wp-json\/wp\/v2\/pages\/18268"}],"wp:attachment":[{"href":"https:\/\/www.grip-facility.com\/fr\/wp-json\/wp\/v2\/media?parent=18118"}],"curies":[{"name":"wp","href":"https:\/\/api.w.org\/{rel}","templated":true}]}}