{"id":18117,"date":"2025-09-23T19:55:31","date_gmt":"2025-09-23T19:55:31","guid":{"rendered":""},"modified":"2025-12-22T18:44:26","modified_gmt":"2025-12-22T18:44:26","slug":"sante","status":"publish","type":"page","link":"https:\/\/www.grip-facility.com\/fr\/secteurs\/sante\/","title":{"rendered":"Soins de Sant\u00e9"},"content":{"rendered":"\n<style>\n\/* Center hero content *\/\n.hero__inner {\n  max-width: 1200px !important;\n  margin: 0 auto !important;\n  padding-left: 2rem !important;\n  padding-right: 2rem !important;\n}\n.hero__overlay {\n  width: 100% !important;\n  display: flex !important;\n  justify-content: center !important;\n}\n.hero__content {\n  text-align: center !important;\n  max-width: 700px !important;\n  margin: 0 auto !important;\n}\n.hero__actions {\n  justify-content: center !important;\n}\n.hero__meta {\n  justify-content: center !important;\n}\n\n\/* Hero height fix - aggressive *\/\n.hero {\n  max-height: 500px !important;\n  min-height: auto !important;\n}\n.hero__inner {\n  min-height: auto !important;\n  padding-top: 20px !important;\n  padding-bottom: 30px !important;\n}\n.hero__media {\n  max-height: 280px !important;\n  overflow: hidden !important;\n}\n.hero__media-frame {\n  max-height: 250px !important;\n  overflow: hidden !important;\n}\n.hero__media-frame img,\n.hero__image {\n  max-height: 250px !important;\n  width: auto !important;\n  object-fit: contain !important;\n}\n\n\n\/* Hero orange variant *\/\n.hero.hero--orange {\n  background: linear-gradient(135deg, #FF4B2A 0%, #E0341B 100%) !important;\n  min-height: auto !important;\n  padding: 60px 16px 80px !important;\n  margin-top: -85px !important;\n  position: relative;\n  overflow: hidden;\n}\n\n.hero.hero--orange::after {\n  content: \"\";\n  position: absolute;\n  right: 0;\n  bottom: 0;\n  width: 60%;\n  height: 100%;\n  background-image: url(\"\/wp-content\/uploads\/2025\/01\/ov1.png\");\n  background-size: contain;\n  background-position: right bottom;\n  background-repeat: no-repeat;\n  opacity: 0.7;\n  pointer-events: none;\n  z-index: 1;\n}\n\n.hero.hero--orange .hero__overlay {\n  position: relative;\n  z-index: 2;\n  flex: 1;\n  display: flex;\n  align-items: center;\n}\n\n.hero.hero--orange .hero__bg-circles {\n  display: none;\n}\n\n.hero.hero--orange .hero__title {\n  color: #fff !important;\n}\n\n.hero.hero--orange .hero__title .highlight {\n  color: #0F172A !important;\n}\n\n.hero.hero--orange .hero__subtitle {\n  color: rgba(255,255,255,0.9) !important;\n}\n\n.hero.hero--orange .hero__eyebrow {\n  color: #fff !important;\n  background: rgba(255,255,255,0.2) !important;\n}\n\n.hero.hero--orange .hero__meta-pill {\n  background: rgba(255,255,255,0.2) !important;\n  color: #fff !important;\n  padding: 6px 14px !important;\n  border-radius: 20px !important;\n}\n\n.hero.hero--orange .hero__btn--primary {\n  background: #fff !important;\n  color: #FF4B2A !important;\n}\n<\/style>\n\n\n\n<section class=\"hero hero--orange\">\n  <div class=\"hero__bg-circles hero__bg-circles--left\"><\/div>\n  <div class=\"hero__bg-circles hero__bg-circles--right\"><\/div>\n\n  <div class=\"hero__overlay\">\n    <div class=\"hero__inner\">\n      <div class=\"hero__content\">\n        <span class=\"hero__eyebrow\">GRIP Facility pour la Sant\u00e9<\/span>\n\n        <h1 class=\"hero__title\">\n          Concentrez-vous sur les <span class=\"highlight\">soins<\/span>, pas sur l&rsquo;administration des contrats\n        <\/h1>\n\n        <p class=\"hero__subtitle\">Les dates d\u2019\u00e9ch\u00e9ance passent inaper\u00e7ues, les renouvellements se poursuivent et lors d\u2019une inspection, le puzzle commence manuellement. Pendant ce temps, les r\u00e9gulateurs, le RGPD et la pression budg\u00e9taire exigent de plus en plus de transparence et de contr\u00f4le.<br><br>Il est temps de reprendre les r\u00eanes, afin que la priorit\u00e9 reste l\u00e0 o\u00f9 elle doit \u00eatre\u00a0: des soins de qualit\u00e9.<\/p>\n\n        <div class=\"hero__actions\">\n          <a href=\"\/fr\/reserver-demo\/\" class=\"hero__btn hero__btn--primary\">\n            R\u00e9server une d\u00e9mo\n          <\/a>\n        <\/div>\n\n        <div class=\"hero__meta\">\n          <span class=\"hero__meta-pill\">30+ \u00e9tablissements de sant\u00e9<\/span>\n          <span class=\"hero__meta-text\">De l&rsquo;h\u00f4pital \u00e0 la maison de retraite<\/span>\n        <\/div>\n      <\/div>\n\n      <div class=\"hero__media\">\n        <div class=\"hero__media-frame\">\n          <img decoding=\"async\" src=\"\/wp-content\/uploads\/2025\/12\/branche-zorg-hero.png\" alt=\"Tableau de bord GRIP Facility pour la sant\u00e9\" class=\"hero__image\">\n          <div class=\"hero__media-badge\">\n            Gestion des contrats pour la sant\u00e9\n          <\/div>\n        <\/div>\n      <\/div>\n    <\/div>\n  <\/div>\n<\/section>\n\n\n\n<style>\n\n\/* Logo slider orange *\/\n.grip-logo-wrapper-orange {\n  width: 90%;\n  max-width: 1400px;\n  margin: 3rem auto;\n  font-family: \"Poppins\", sans-serif;\n  text-align: center;\n}\n.grip-logo-wrapper-orange h2 {\n  font-size: 1.25rem;\n  font-weight: 600;\n  color: #0F172A;\n  margin-bottom: 1.5rem;\n}\n.grip-logo-slider-orange {\n  width: 100%;\n  overflow: hidden;\n  border-radius: 22px;\n  background: linear-gradient(135deg, #FF4B2A 0%, #E0341B 100%);\n  padding: 1.5rem 0;\n  position: relative;\n}\n.grip-logo-fade-left-orange,\n.grip-logo-fade-right-orange {\n  position: absolute;\n  top: 0;\n  bottom: 0;\n  width: 80px;\n  z-index: 2;\n  pointer-events: none;\n}\n.grip-logo-fade-left-orange {\n  left: 0;\n  background: linear-gradient(90deg, #FF4B2A 0%, transparent 100%);\n}\n.grip-logo-fade-right-orange {\n  right: 0;\n  background: linear-gradient(270deg, #E0341B 0%, transparent 100%);\n}\n.grip-logo-track-orange {\n  display: flex;\n  align-items: center;\n  gap: 4rem;\n  width: max-content;\n  animation: gripLogoScrollOrange 35s linear infinite;\n}\n.grip-logo-track-orange img {\n  height: 45px;\n  width: auto;\n  opacity: 0.95;\n}\n@keyframes gripLogoScrollOrange {\n  0% { transform: translateX(0); }\n  100% { transform: translateX(-50%); }\n}\n\n<\/style>\n\n<section class=\"grip-logo-wrapper-orange\">\n  <h2>Reconnu par les \u00e9tablissements de sant\u00e9<\/h2>\n  <div class=\"grip-logo-slider-orange\">\n    <div class=\"grip-logo-fade-left-orange\"><\/div>\n    <div class=\"grip-logo-fade-right-orange\"><\/div>\n    <div class=\"grip-logo-track-orange\">\n      <img decoding=\"async\" src=\"\/wp-content\/uploads\/2025\/11\/Amphia-white.png\" alt=\"Amphia\">\n      <img decoding=\"async\" src=\"\/wp-content\/uploads\/2025\/11\/Parnassia_Groep-white.png\" alt=\"Parnassia Groep\">\n      <img decoding=\"async\" src=\"\/wp-content\/uploads\/2025\/11\/Lelie-zorggroep-white.png\" alt=\"Lelie Zorggroep\">\n      <img decoding=\"async\" src=\"\/wp-content\/uploads\/2025\/11\/azdelta-white.png\" alt=\"AZ Delta\">\n      <img decoding=\"async\" src=\"\/wp-content\/uploads\/2025\/11\/Amphia-white.png\" alt=\"Amphia\">\n      <img decoding=\"async\" src=\"\/wp-content\/uploads\/2025\/11\/Parnassia_Groep-white.png\" alt=\"Parnassia Groep\">\n      <img decoding=\"async\" src=\"\/wp-content\/uploads\/2025\/11\/Lelie-zorggroep-white.png\" alt=\"Lelie Zorggroep\">\n      <img decoding=\"async\" src=\"\/wp-content\/uploads\/2025\/11\/azdelta-white.png\" alt=\"AZ Delta\">\n    <\/div>\n  <\/div>\n<\/section>\n\n\n\n<section class=\"challenges-section\">\n  <div class=\"challenges-container\">\n    <span class=\"challenges-eyebrow\">Reconnaissable dans le secteur de la sant\u00e9 ?<\/span>\n    <h2 class=\"challenges-heading\">Les d\u00e9fis de la gestion des services dans le secteur de la sant\u00e9<\/h2>\n\n    <div class=\"challenges-grid\">\n      <div class=\"challenge-card\">\n        <div class=\"challenge-icon\"><\/div>\n        <h3 class=\"challenge-title\">Portefeuille immobilier complexe<\/h3>\n        <p class=\"challenge-desc\">Du campus hospitalier aux maisons de retraite et cliniques : chaque site a des besoins et contrats de services uniques.<\/p>\n      <\/div>\n\n      <div class=\"challenge-card\">\n        <div class=\"challenge-icon\"><\/div>\n        <h3 class=\"challenge-title\">Normes d&rsquo;hygi\u00e8ne strictes<\/h3>\n        <p class=\"challenge-desc\">La qualit\u00e9 du nettoyage est cruciale dans le secteur de la sant\u00e9. Comment mesurez-vous objectivement si les fournisseurs respectent les exigences de pr\u00e9vention des infections ?<\/p>\n      <\/div>\n\n      <div class=\"challenge-card\">\n        <div class=\"challenge-icon\"><\/div>\n        <h3 class=\"challenge-title\">Pression sur les co\u00fbts de sant\u00e9<\/h3>\n        <p class=\"challenge-desc\">Avec la hausse des co\u00fbts de sant\u00e9, la ma\u00eetrise des d\u00e9penses de services est essentielle. Mais la visibilit\u00e9 sur les co\u00fbts r\u00e9els par service fait souvent d\u00e9faut.<\/p>\n      <\/div>\n\n      <div class=\"challenge-card\">\n        <div class=\"challenge-icon\"><\/div>\n        <h3 class=\"challenge-title\">Fonctionnement 24h\/24<\/h3>\n        <p class=\"challenge-desc\">Les soins ne s&rsquo;arr\u00eatent jamais. Les services doivent \u00eatre constamment au niveau, mais comment surveillez-vous les performances jour et nuit ?<\/p>\n      <\/div>\n    <\/div>\n  <\/div>\n<\/section>\n\n\n\n<section class=\"kpi-section\">\n  <div class=\"kpi-grid\">\n    <div class=\"kpi-item\">\n      <div class=\"kpi-number\">30+<\/div>\n      <div class=\"kpi-label\">\u00e9tablissements de sant\u00e9 font confiance \u00e0 GRIP Facility<\/div>\n    <\/div>\n    <div class=\"kpi-item\">\n      <div class=\"kpi-number\">25%<\/div>\n      <div class=\"kpi-label\">meilleure conformit\u00e9 aux contrats d&rsquo;hygi\u00e8ne<\/div>\n    <\/div>\n    <div class=\"kpi-item\">\n      <div class=\"kpi-number\">100%<\/div>\n      <div class=\"kpi-label\">de visibilit\u00e9 sur les co\u00fbts par site et par service<\/div>\n    <\/div>\n    <div class=\"kpi-item\">\n      <div class=\"kpi-number\">0<\/div>\n      <div class=\"kpi-label\">surprises lors des audits annuels<\/div>\n    <\/div>\n  <\/div>\n<\/section>\n\n\n\n<section class=\"feature-section\">\n  <div class=\"feature-container\">\n    <h2 class=\"feature-heading\">\n      Comment GRIP Facility aide les \u00e9tablissements de sant\u00e9\n    <\/h2>\n    <p class=\"feature-intro\">\n      De la gestion des contrats aux mesures de qualit\u00e9 : tout ce dont vous avez besoin pour une gestion professionnelle des services dans le secteur de la sant\u00e9.\n    <\/p>\n\n    <div class=\"feature-grid\">\n      <a class=\"feature-card bg-blue\" href=\"\/fr\/plateforme\/tableau-de-bord-contrats\/\">\n        <div class=\"feature-title\">Tous les contrats centralis\u00e9s<\/div>\n        <div class=\"feature-desc\">\n          G\u00e9rez tous vos contrats de sant\u00e9 en un seul endroit. Du nettoyage \u00e0 la restauration en passant par la maintenance technique &#8211; vous voyez imm\u00e9diatement o\u00f9 l&rsquo;attention est n\u00e9cessaire.\n        <\/div>\n      <\/a>\n\n      <a class=\"feature-card bg-dark2\" href=\"\/fr\/plateforme\/gestion-financiere\/\">\n        <div class=\"feature-title\">Co\u00fbts par service<\/div>\n        <div class=\"feature-desc\">\n          Obtenez une vue d&rsquo;ensemble directe de tous les co\u00fbts de services par service et par site. D\u00e9tectez les \u00e9carts \u00e0 temps et justifiez vos demandes budg\u00e9taires.\n        <\/div>\n      <\/a>\n\n      <a class=\"feature-card bg-dark1\" href=\"\/fr\/plateforme\/gestion-qualite\/\">\n        <div class=\"feature-title\">Surveillance de l&rsquo;hygi\u00e8ne<\/div>\n        <div class=\"feature-desc\">\n          Mesurez et comparez la qualit\u00e9 du nettoyage par service. Des contr\u00f4les DKS aux audits &#8211; tout conforme aux normes de sant\u00e9.\n        <\/div>\n      <\/a>\n\n      <a class=\"feature-card bg-orange\" href=\"\/fr\/integrations\/\">\n        <div class=\"feature-title\">Connexion FMIS<\/div>\n        <div class=\"feature-desc\">\n          Connectez votre FMIS directement \u00e0 GRIP Facility. Espaces, m\u00e8tres carr\u00e9s et services automatiquement synchronis\u00e9s.\n        <\/div>\n      <\/a>\n    <\/div>\n  <\/div>\n<\/section>\n\n\n\n<section class=\"grip-faq-section\">\n  <div class=\"grip-faq-container\">\n    <h2 class=\"grip-faq-title\">\n      <span class=\"grip-faq-highlight\">Questions fr\u00e9quentes<\/span> sur GRIP pour la sant\u00e9\n    <\/h2>\n\n    <div class=\"grip-faq-list\">\n      <div class=\"grip-faq-item\">\n        <button class=\"grip-faq-question\" aria-expanded=\"false\">\n          <span>Pourquoi la gestion des contrats est-elle si importante pour les \u00e9tablissements de sant\u00e9 ?<\/span>\n          <span class=\"grip-faq-icon\">+<\/span>\n        <\/button>\n        <div class=\"grip-faq-answer\" hidden>\n          <p>Parce que les \u00e9tablissements de sant\u00e9 travaillent avec des normes d&rsquo;hygi\u00e8ne strictes et une pression budg\u00e9taire, la ma\u00eetrise des contrats de services est cruciale. Une bonne gestion des contrats aide \u00e0 garantir la qualit\u00e9, ma\u00eetriser les co\u00fbts et r\u00e9ussir les audits.<\/p>\n        <\/div>\n      <\/div>\n\n      <div class=\"grip-faq-item\">\n        <button class=\"grip-faq-question\" aria-expanded=\"false\">\n          <span>Comment GRIP Facility aide-t-il \u00e0 la surveillance de l&rsquo;hygi\u00e8ne ?<\/span>\n          <span class=\"grip-faq-icon\">+<\/span>\n        <\/button>\n        <div class=\"grip-faq-answer\" hidden>\n          <p>GRIP Facility propose des mesures de qualit\u00e9 DKS et des audits sp\u00e9cifiques au secteur de la sant\u00e9. Vous mesurez objectivement si les performances de nettoyage r\u00e9pondent aux exigences de pr\u00e9vention des infections et obtenez imm\u00e9diatement un aper\u00e7u des tendances.<\/p>\n        <\/div>\n      <\/div>\n\n      <div class=\"grip-faq-item\">\n        <button class=\"grip-faq-question\" aria-expanded=\"false\">\n          <span>GRIP Facility peut-il \u00eatre connect\u00e9 \u00e0 notre FMIS ?<\/span>\n          <span class=\"grip-faq-icon\">+<\/span>\n        <\/button>\n        <div class=\"grip-faq-answer\" hidden>\n          <p>Oui, GRIP Facility s&rsquo;int\u00e8gre parfaitement aux syst\u00e8mes FMIS. Les espaces, m\u00e8tres carr\u00e9s et donn\u00e9es de service sont automatiquement synchronis\u00e9s.<\/p>\n        <\/div>\n      <\/div>\n\n      <div class=\"grip-faq-item\">\n        <button class=\"grip-faq-question\" aria-expanded=\"false\">\n          <span>GRIP est-il adapt\u00e9 \u00e0 une organisation de sant\u00e9 avec plus de 50 sites ?<\/span>\n          <span class=\"grip-faq-icon\">+<\/span>\n        <\/button>\n        <div class=\"grip-faq-answer\" hidden>\n          <p>Absolument. GRIP Facility est con\u00e7u pour les organisations avec des dizaines voire des centaines de sites. Les filtres, les fonctions de recherche et les vues cartographiques facilitent la navigation, quel que soit le nombre d&rsquo;\u00e9tablissements de sant\u00e9.<\/p>\n        <\/div>\n      <\/div>\n\n      <div class=\"grip-faq-item\">\n        <button class=\"grip-faq-question\" aria-expanded=\"false\">\n          <span>GRIP est-il conforme au RGPD et \u00e0 la norme ISO 27001 ?<\/span>\n          <span class=\"grip-faq-icon\">+<\/span>\n        <\/button>\n        <div class=\"grip-faq-answer\" hidden>\n          <p>Oui. Toutes les donn\u00e9es sont stock\u00e9es de mani\u00e8re s\u00e9curis\u00e9e en Europe et nous sommes certifi\u00e9s ISO 27001. GRIP Facility r\u00e9pond \u00e0 toutes les exigences de confidentialit\u00e9 et de s\u00e9curit\u00e9 pour les \u00e9tablissements de sant\u00e9.<\/p>\n        <\/div>\n      <\/div>\n\n      <div class=\"grip-faq-item\">\n        <button class=\"grip-faq-question\" aria-expanded=\"false\">\n          <span>Les fournisseurs peuvent-ils \u00e9galement acc\u00e9der \u00e0 GRIP ?<\/span>\n          <span class=\"grip-faq-icon\">+<\/span>\n        <\/button>\n        <div class=\"grip-faq-answer\" hidden>\n          <p>Oui. Les fournisseurs obtiennent leur propre connexion avec des droits limit\u00e9s. Ils peuvent consulter leurs propres performances, t\u00e9l\u00e9charger des documents et soumettre des modifications. Vous gardez la vue d&rsquo;ensemble et approuvez.<\/p>\n        <\/div>\n      <\/div>\n    <\/div>\n  <\/div>\n<\/section>\n\n\n\n<section class=\"platform-cta\">\n  <div class=\"platform-cta__inner\">\n    <h2 class=\"platform-cta__title\">Pr\u00eat \u00e0 commencer ?<\/h2>\n    <p class=\"platform-cta__subtitle\">D\u00e9couvrez comment GRIP Facility aide votre \u00e9tablissement de sant\u00e9 avec une gestion professionnelle des contrats de services.<\/p>\n    <div class=\"platform-cta__actions\">\n      <a href=\"\/fr\/reserver-demo\/\" class=\"platform-cta__btn platform-cta__btn--primary\">R\u00e9server une d\u00e9mo<\/a>\n      <a href=\"\/fr\/tarifs\/\" class=\"platform-cta__btn platform-cta__btn--secondary\">Voir les tarifs<\/a>\n    <\/div>\n  <\/div>\n<\/section>\n","protected":false},"excerpt":{"rendered":"<p>GRIP Facility pour la Sant\u00e9 Concentrez-vous sur les soins, pas sur l&rsquo;administration des contrats Les dates d\u2019\u00e9ch\u00e9ance passent inaper\u00e7ues, les renouvellements se poursuivent et lors d\u2019une inspection, le puzzle commence manuellement. Pendant ce temps, les r\u00e9gulateurs, le RGPD et la pression budg\u00e9taire exigent de plus en plus de transparence et de contr\u00f4le. Il est temps [&hellip;]<\/p>\n","protected":false},"author":1,"featured_media":0,"parent":18268,"menu_order":0,"comment_status":"closed","ping_status":"closed","template":"","meta":{"_acf_changed":false,"inline_featured_image":false,"site-sidebar-layout":"no-sidebar","site-content-layout":"page-builder","ast-site-content-layout":"full-width-container","site-content-style":"default","site-sidebar-style":"default","ast-global-header-display":"","ast-banner-title-visibility":"","ast-main-header-display":"","ast-hfb-above-header-display":"","ast-hfb-below-header-display":"","ast-hfb-mobile-header-display":"","site-post-title":"","ast-breadcrumbs-content":"","ast-featured-img":"disabled","footer-sml-layout":"","theme-transparent-header-meta":"","adv-header-id-meta":"","stick-header-meta":"","header-above-stick-meta":"","header-main-stick-meta":"","header-below-stick-meta":"","astra-migrate-meta-layouts":"default","ast-page-background-enabled":"default","ast-page-background-meta":{"desktop":{"background-color":"var(--ast-global-color-4)","background-image":"","background-repeat":"repeat","background-position":"center center","background-size":"auto","background-attachment":"scroll","background-type":"","background-media":"","overlay-type":"","overlay-color":"","overlay-opacity":"","overlay-gradient":""},"tablet":{"background-color":"","background-image":"","background-repeat":"repeat","background-position":"center center","background-size":"auto","background-attachment":"scroll","background-type":"","background-media":"","overlay-type":"","overlay-color":"","overlay-opacity":"","overlay-gradient":""},"mobile":{"background-color":"","background-image":"","background-repeat":"repeat","background-position":"center center","background-size":"auto","background-attachment":"scroll","background-type":"","background-media":"","overlay-type":"","overlay-color":"","overlay-opacity":"","overlay-gradient":""}},"ast-content-background-meta":{"desktop":{"background-color":"var(--ast-global-color-5)","background-image":"","background-repeat":"repeat","background-position":"center center","background-size":"auto","background-attachment":"scroll","background-type":"","background-media":"","overlay-type":"","overlay-color":"","overlay-opacity":"","overlay-gradient":""},"tablet":{"background-color":"var(--ast-global-color-5)","background-image":"","background-repeat":"repeat","background-position":"center center","background-size":"auto","background-attachment":"scroll","background-type":"","background-media":"","overlay-type":"","overlay-color":"","overlay-opacity":"","overlay-gradient":""},"mobile":{"background-color":"var(--ast-global-color-5)","background-image":"","background-repeat":"repeat","background-position":"center center","background-size":"auto","background-attachment":"scroll","background-type":"","background-media":"","overlay-type":"","overlay-color":"","overlay-opacity":"","overlay-gradient":""}},"footnotes":""},"class_list":["post-18117","page","type-page","status-publish","hentry"],"acf":[],"_links":{"self":[{"href":"https:\/\/www.grip-facility.com\/fr\/wp-json\/wp\/v2\/pages\/18117","targetHints":{"allow":["GET"]}}],"collection":[{"href":"https:\/\/www.grip-facility.com\/fr\/wp-json\/wp\/v2\/pages"}],"about":[{"href":"https:\/\/www.grip-facility.com\/fr\/wp-json\/wp\/v2\/types\/page"}],"author":[{"embeddable":true,"href":"https:\/\/www.grip-facility.com\/fr\/wp-json\/wp\/v2\/users\/1"}],"replies":[{"embeddable":true,"href":"https:\/\/www.grip-facility.com\/fr\/wp-json\/wp\/v2\/comments?post=18117"}],"version-history":[{"count":0,"href":"https:\/\/www.grip-facility.com\/fr\/wp-json\/wp\/v2\/pages\/18117\/revisions"}],"up":[{"embeddable":true,"href":"https:\/\/www.grip-facility.com\/fr\/wp-json\/wp\/v2\/pages\/18268"}],"wp:attachment":[{"href":"https:\/\/www.grip-facility.com\/fr\/wp-json\/wp\/v2\/media?parent=18117"}],"curies":[{"name":"wp","href":"https:\/\/api.w.org\/{rel}","templated":true}]}}