{"id":18116,"date":"2025-09-23T19:27:42","date_gmt":"2025-09-23T19:27:42","guid":{"rendered":""},"modified":"2025-12-22T18:44:26","modified_gmt":"2025-12-22T18:44:26","slug":"enseignement","status":"publish","type":"page","link":"https:\/\/www.grip-facility.com\/fr\/secteurs\/enseignement\/","title":{"rendered":"Enseignement"},"content":{"rendered":"\n<section class=\"hero hero--blue\">\n  <div class=\"hero__bg-circles hero__bg-circles--left\"><\/div>\n  <div class=\"hero__bg-circles hero__bg-circles--right\"><\/div>\n\n  <div class=\"hero__overlay\">\n    <div class=\"hero__inner\">\n      <div class=\"hero__content\">\n        <span class=\"hero__eyebrow\">GRIP Facility pour l&rsquo;Enseignement<\/span>\n\n        <h1 class=\"hero__title\">\n          Ma\u00eetrisez chaque contrat, de <span class=\"highlight\">l&rsquo;\u00e9cole primaire \u00e0 l&rsquo;universit\u00e9<\/span>\n        <\/h1>\n\n        <p class=\"hero__subtitle\">Les informations sont dispers\u00e9es entre bo\u00eetes mail, lecteurs r\u00e9seau et dossiers papier. Les dates d\u2019\u00e9ch\u00e9ance passent inaper\u00e7ues, les renouvellements automatiques se poursuivent et lors d\u2019un audit, le puzzle commence manuellement.<br><br>Pendant ce temps, la pression monte\u00a0: les r\u00e9gulateurs exigent de la transparence, le RGPD impose des exigences sur les accords avec les fournisseurs et les budgets doivent \u00eatre justifi\u00e9s.<br><br>Sans ma\u00eetrise des contrats, le pilotage strat\u00e9gique devient difficile. Et c\u2019est pr\u00e9cis\u00e9ment l\u2019espace dont les \u00e9tablissements d\u2019enseignement ont besoin \u2013 se concentrer sur l\u2019enseignement. Nous nous occupons de vos co\u00fbts de facility management.<\/p>\n\n        <div class=\"hero__actions\">\n          <a href=\"\/fr\/reserver-demo\/\" class=\"hero__btn hero__btn--primary\">\n            R\u00e9server une d\u00e9mo\n          <\/a>\n        <\/div>\n\n        <div class=\"hero__meta\">\n          <span class=\"hero__meta-pill\">50+ organisations \u00e9ducatives<\/span>\n          <span class=\"hero__meta-text\">De l&rsquo;\u00e9cole primaire \u00e0 l&rsquo;universit\u00e9<\/span>\n        <\/div>\n      <\/div>\n\n      <div class=\"hero__media\">\n        <div class=\"hero__media-frame\">\n          <img decoding=\"async\"\n            src=\"\/wp-content\/uploads\/2025\/12\/branche-onderwijs-hero.png\"\n            alt=\"Tableau de bord GRIP Facility pour l'enseignement\"\n            class=\"hero__image\"\n          >\n          <div class=\"hero__media-badge\">\n            Gestion des contrats pour l&rsquo;enseignement\n          <\/div>\n        <\/div>\n      <\/div>\n    <\/div>\n  <\/div>\n<\/section>\n\n\n\n<section class=\"challenges-section\">\n  <div class=\"challenges-container\">\n    <span class=\"challenges-eyebrow\">Reconnaissable dans l&rsquo;enseignement ?<\/span>\n    <h2 class=\"challenges-heading\">Les d\u00e9fis de la gestion des services dans l&rsquo;enseignement<\/h2>\n\n    <div class=\"challenges-grid\">\n      <div class=\"challenge-card\">\n        <div class=\"challenge-icon\">\n          <svg xmlns=\"http:\/\/www.w3.org\/2000\/svg\" fill=\"none\" viewBox=\"0 0 24 24\" stroke-width=\"1.5\" stroke=\"currentColor\" width=\"32\" height=\"32\">\n            <path stroke-linecap=\"round\" stroke-linejoin=\"round\" d=\"M2.25 21h19.5m-18-18v18m10.5-18v18m6-13.5V21M6.75 6.75h.75m-.75 3h.75m-.75 3h.75m3-6h.75m-.75 3h.75m-.75 3h.75M6.75 21v-3.375c0-.621.504-1.125 1.125-1.125h2.25c.621 0 1.125.504 1.125 1.125V21M3 3h12m-.75 4.5H21m-3.75 3.75h.008v.008h-.008v-.008Zm0 3h.008v.008h-.008v-.008Zm0 3h.008v.008h-.008v-.008Z\" \/>\n          <\/svg>\n        <\/div>\n        <h3 class=\"challenge-title\">G\u00e9rer plusieurs sites<\/h3>\n        <p class=\"challenge-desc\">Des \u00e9coles primaires aux b\u00e2timents universitaires : chaque site a ses propres fournisseurs, contrats et accords. Comment gardez-vous une vue d&rsquo;ensemble ?<\/p>\n      <\/div>\n\n      <div class=\"challenge-card\">\n        <div class=\"challenge-icon\">\n          <svg xmlns=\"http:\/\/www.w3.org\/2000\/svg\" fill=\"none\" viewBox=\"0 0 24 24\" stroke-width=\"1.5\" stroke=\"currentColor\" width=\"32\" height=\"32\">\n            <path stroke-linecap=\"round\" stroke-linejoin=\"round\" d=\"M2.25 18.75a60.07 60.07 0 0 1 15.797 2.101c.727.198 1.453-.342 1.453-1.096V18.75M3.75 4.5v.75A.75.75 0 0 1 3 6h-.75m0 0v-.375c0-.621.504-1.125 1.125-1.125H20.25M2.25 6v9m18-10.5v.75c0 .414.336.75.75.75h.75m-1.5-1.5h.375c.621 0 1.125.504 1.125 1.125v9.75c0 .621-.504 1.125-1.125 1.125h-.375m1.5-1.5H21a.75.75 0 0 0-.75.75v.75m0 0H3.75m0 0h-.375a1.125 1.125 0 0 1-1.125-1.125V15m1.5 1.5v-.75A.75.75 0 0 0 3 15h-.75M15 10.5a3 3 0 1 1-6 0 3 3 0 0 1 6 0Zm3 0h.008v.008H18V10.5Zm-12 0h.008v.008H6V10.5Z\" \/>\n          <\/svg>\n        <\/div>\n        <h3 class=\"challenge-title\">Budgets limit\u00e9s<\/h3>\n        <p class=\"challenge-desc\">Les budgets de l&rsquo;enseignement sont sous pression. Chaque euro compte, mais la visibilit\u00e9 sur les co\u00fbts r\u00e9els par site fait souvent d\u00e9faut.<\/p>\n      <\/div>\n\n      <div class=\"challenge-card\">\n        <div class=\"challenge-icon\">\n          <svg xmlns=\"http:\/\/www.w3.org\/2000\/svg\" fill=\"none\" viewBox=\"0 0 24 24\" stroke-width=\"1.5\" stroke=\"currentColor\" width=\"32\" height=\"32\">\n            <path stroke-linecap=\"round\" stroke-linejoin=\"round\" d=\"M9 12h3.75M9 15h3.75M9 18h3.75m3 .75H18a2.25 2.25 0 0 0 2.25-2.25V6.108c0-1.135-.845-2.098-1.976-2.192a48.424 48.424 0 0 0-1.123-.08m-5.801 0c-.065.21-.1.433-.1.664 0 .414.336.75.75.75h4.5a.75.75 0 0 0 .75-.75 2.25 2.25 0 0 0-.1-.664m-5.8 0A2.251 2.251 0 0 1 13.5 2.25H15c1.012 0 1.867.668 2.15 1.586m-5.8 0c-.376.023-.75.05-1.124.08C9.095 4.01 8.25 4.973 8.25 6.108V8.25m0 0H4.875c-.621 0-1.125.504-1.125 1.125v11.25c0 .621.504 1.125 1.125 1.125h9.75c.621 0 1.125-.504 1.125-1.125V9.375c0-.621-.504-1.125-1.125-1.125H8.25ZM6.75 12h.008v.008H6.75V12Zm0 3h.008v.008H6.75V15Zm0 3h.008v.008H6.75V18Z\" \/>\n          <\/svg>\n        <\/div>\n        <h3 class=\"challenge-title\">Administration fragment\u00e9e<\/h3>\n        <p class=\"challenge-desc\">Contrats dans des dossiers, budgets dans Excel, performances dans les e-mails. O\u00f9 se trouve cet accord d\u00e9j\u00e0 ?<\/p>\n      <\/div>\n\n      <div class=\"challenge-card\">\n        <div class=\"challenge-icon\">\n          <svg xmlns=\"http:\/\/www.w3.org\/2000\/svg\" fill=\"none\" viewBox=\"0 0 24 24\" stroke-width=\"1.5\" stroke=\"currentColor\" width=\"32\" height=\"32\">\n            <path stroke-linecap=\"round\" stroke-linejoin=\"round\" d=\"M18 18.72a9.094 9.094 0 0 0 3.741-.479 3 3 0 0 0-4.682-2.72m.94 3.198.001.031c0 .225-.012.447-.037.666A11.944 11.944 0 0 1 12 21c-2.17 0-4.207-.576-5.963-1.584A6.062 6.062 0 0 1 6 18.719m12 0a5.971 5.971 0 0 0-.941-3.197m0 0A5.995 5.995 0 0 0 12 12.75a5.995 5.995 0 0 0-5.058 2.772m0 0a3 3 0 0 0-4.681 2.72 8.986 8.986 0 0 0 3.74.477m.94-3.197a5.971 5.971 0 0 0-.94 3.197M15 6.75a3 3 0 1 1-6 0 3 3 0 0 1 6 0Zm6 3a2.25 2.25 0 1 1-4.5 0 2.25 2.25 0 0 1 4.5 0Zm-13.5 0a2.25 2.25 0 1 1-4.5 0 2.25 2.25 0 0 1 4.5 0Z\" \/>\n          <\/svg>\n        <\/div>\n        <h3 class=\"challenge-title\">Rotation du personnel<\/h3>\n        <p class=\"challenge-desc\">Lorsque le responsable des services g\u00e9n\u00e9raux part, les connaissances sur les accords contractuels et les relations avec les fournisseurs disparaissent souvent aussi.<\/p>\n      <\/div>\n    <\/div>\n  <\/div>\n<\/section>\n\n\n\n<section class=\"kpi-section\">\n  <div class=\"kpi-grid\">\n    <div class=\"kpi-item\">\n      <div class=\"kpi-number\">50+<\/div>\n      <div class=\"kpi-label\">organisations \u00e9ducatives font confiance \u00e0 GRIP Facility<\/div>\n    <\/div>\n    <div class=\"kpi-item\">\n      <div class=\"kpi-number\">30%<\/div>\n      <div class=\"kpi-label\">de temps en moins consacr\u00e9 \u00e0 l&rsquo;administration des contrats<\/div>\n    <\/div>\n    <div class=\"kpi-item\">\n      <div class=\"kpi-number\">100%<\/div>\n      <div class=\"kpi-label\">de visibilit\u00e9 sur les co\u00fbts par site et par contrat<\/div>\n    <\/div>\n    <div class=\"kpi-item\">\n      <div class=\"kpi-number\">0<\/div>\n      <div class=\"kpi-label\">surprises lors des contr\u00f4les de factures<\/div>\n    <\/div>\n  <\/div>\n<\/section>\n\n\n\n<style>\n\n\/* Logo slider blue *\/\n.grip-logo-wrapper-blue {\n  width: 90%;\n  max-width: 1400px;\n  margin: 3rem auto;\n  font-family: \"Poppins\", sans-serif;\n  text-align: center;\n}\n.grip-logo-wrapper-blue h2 {\n  font-size: 1.25rem;\n  font-weight: 600;\n  color: #0F172A;\n  margin-bottom: 1.5rem;\n}\n.grip-logo-slider-blue {\n  width: 100%;\n  overflow: hidden;\n  border-radius: 22px;\n  background: linear-gradient(135deg, #1E3A8A 0%, #1E40AF 100%);\n  padding: 1.5rem 0;\n  position: relative;\n}\n.grip-logo-fade-left-blue,\n.grip-logo-fade-right-blue {\n  position: absolute;\n  top: 0;\n  bottom: 0;\n  width: 80px;\n  z-index: 2;\n  pointer-events: none;\n}\n.grip-logo-fade-left-blue {\n  left: 0;\n  background: linear-gradient(90deg, #1E3A8A 0%, transparent 100%);\n}\n.grip-logo-fade-right-blue {\n  right: 0;\n  background: linear-gradient(270deg, #1E40AF 0%, transparent 100%);\n}\n.grip-logo-track-blue {\n  display: flex;\n  align-items: center;\n  gap: 4rem;\n  width: max-content;\n  animation: gripLogoScrollBlue 35s linear infinite;\n}\n.grip-logo-track-blue img {\n  height: 45px;\n  width: auto;\n  opacity: 0.95;\n}\n@keyframes gripLogoScrollBlue {\n  0% { transform: translateX(0); }\n  100% { transform: translateX(-50%); }\n}\n\n<\/style>\n\n<section class=\"grip-logo-wrapper-blue\">\n  <h2>Reconnu par les \u00e9tablissements d&rsquo;enseignement<\/h2>\n  <div class=\"grip-logo-slider-blue\">\n    <div class=\"grip-logo-fade-left-blue\"><\/div>\n    <div class=\"grip-logo-fade-right-blue\"><\/div>\n    <div class=\"grip-logo-track-blue\">\n      <img decoding=\"async\" src=\"\/wp-content\/uploads\/2025\/11\/Landstede-white.png\" alt=\"Landstede\">\n      <img decoding=\"async\" src=\"\/wp-content\/uploads\/2025\/11\/TU-Delft-white.png\" alt=\"TU-Delft\">\n      <img decoding=\"async\" src=\"\/wp-content\/uploads\/2025\/11\/Windesheim-White.png\" alt=\"Windesheim\">\n      <img decoding=\"async\" src=\"\/wp-content\/uploads\/2025\/11\/roc-van-twente-white.png\" alt=\"roc-van-twente\">\n      <img decoding=\"async\" src=\"\/wp-content\/uploads\/2025\/11\/Landstede-white.png\" alt=\"Landstede\">\n      <img decoding=\"async\" src=\"\/wp-content\/uploads\/2025\/11\/TU-Delft-white.png\" alt=\"TU-Delft\">\n      <img decoding=\"async\" src=\"\/wp-content\/uploads\/2025\/11\/Windesheim-White.png\" alt=\"Windesheim\">\n      <img decoding=\"async\" src=\"\/wp-content\/uploads\/2025\/11\/roc-van-twente-white.png\" alt=\"roc-van-twente\">\n    <\/div>\n  <\/div>\n<\/section>\n\n\n\n<section class=\"feature-section\">\n  <div class=\"feature-container\">\n    <h2 class=\"feature-heading\">\n      Comment GRIP Facility aide les \u00e9tablissements d&rsquo;enseignement\n    <\/h2>\n    <p class=\"feature-intro\">\n      De la gestion des contrats aux mesures de qualit\u00e9 : tout ce dont vous avez besoin pour une gestion professionnelle des services dans l&rsquo;enseignement.\n    <\/p>\n\n    <div class=\"feature-grid\">\n      <a class=\"feature-card bg-blue\" href=\"\/fr\/plateforme\/tableau-de-bord-contrats\/\">\n        <div class=\"feature-title\">Tous les contrats centralis\u00e9s<\/div>\n        <div class=\"feature-desc\">\n          G\u00e9rez tous vos contrats d&rsquo;enseignement en un seul endroit. Du nettoyage \u00e0 la restauration en passant par la maintenance &#8211; vous voyez imm\u00e9diatement o\u00f9 l&rsquo;attention est n\u00e9cessaire.\n        <\/div>\n      <\/a>\n\n      <a class=\"feature-card bg-dark2\" href=\"\/fr\/plateforme\/gestion-financiere\/\">\n        <div class=\"feature-title\">Visibilit\u00e9 des co\u00fbts en temps r\u00e9el<\/div>\n        <div class=\"feature-desc\">\n          Obtenez une vue d&rsquo;ensemble directe de tous les co\u00fbts par site et par contrat. D\u00e9tectez les \u00e9carts \u00e0 temps et gardez le contr\u00f4le sur vos d\u00e9penses de services.\n        <\/div>\n      <\/a>\n\n      <a class=\"feature-card bg-dark1\" href=\"\/fr\/plateforme\/gestion-qualite\/\">\n        <div class=\"feature-title\">Mesures de qualit\u00e9<\/div>\n        <div class=\"feature-desc\">\n          Mesurez et comparez la qualit\u00e9 par \u00e9cole ou campus. Des contr\u00f4les DKS aux audits &#8211; tout dans une application et un tableau de bord.\n        <\/div>\n      <\/a>\n\n      <a class=\"feature-card bg-orange\" href=\"\/fr\/integrations\/\">\n        <div class=\"feature-title\">Connexion FMIS<\/div>\n        <div class=\"feature-desc\">\n          Connectez vos \u00e9tats des locaux FMIS directement \u00e0 GRIP Facility. \u00c9vitez le travail manuel avec les m\u00e8tres carr\u00e9s et les cat\u00e9gories.\n        <\/div>\n      <\/a>\n    <\/div>\n  <\/div>\n<\/section>\n\n\n\n<section class=\"testimonial-section\">\n  <div class=\"testimonial-container\">\n    <div class=\"testimonial-card\">\n      <div class=\"testimonial-quote\">\n        \u00ab\u00a0Le logiciel de GRIP Facility nous fait vraiment \u00e9conomiser beaucoup de temps et d&rsquo;argent.\u00a0\u00bb\n      <\/div>\n      <div class=\"testimonial-author\">\n        <div class=\"testimonial-author-info\">\n          <div class=\"testimonial-name\">Katyana Ottink<\/div>\n          <div class=\"testimonial-role\">ROC van Twente<\/div>\n        <\/div>\n      <\/div>\n    <\/div>\n  <\/div>\n<\/section>\n\n\n\n<section class=\"grip-faq-section\">\n  <div class=\"grip-faq-container\">\n    <h2 class=\"grip-faq-title\">\n      <span class=\"grip-faq-highlight\">Questions fr\u00e9quentes<\/span> sur GRIP pour l&rsquo;enseignement\n    <\/h2>\n\n    <div class=\"grip-faq-list\">\n      <div class=\"grip-faq-item\">\n        <button class=\"grip-faq-question\" aria-expanded=\"false\">\n          <span>Pourquoi la gestion des contrats est-elle si importante pour les \u00e9tablissements d&rsquo;enseignement ?<\/span>\n          <span class=\"grip-faq-icon\">+<\/span>\n        <\/button>\n        <div class=\"grip-faq-answer\" hidden>\n          <p>Parce que les \u00e9tablissements d&rsquo;enseignement travaillent souvent avec des budgets serr\u00e9s et plusieurs sites, la vue d&rsquo;ensemble est cruciale. Une bonne gestion des contrats aide \u00e0 ma\u00eetriser les co\u00fbts, surveiller les performances et \u00e9viter les surprises.<\/p>\n        <\/div>\n      <\/div>\n\n      <div class=\"grip-faq-item\">\n        <button class=\"grip-faq-question\" aria-expanded=\"false\">\n          <span>Comment GRIP Facility aide-t-il \u00e0 la gestion des contrats de services ?<\/span>\n          <span class=\"grip-faq-icon\">+<\/span>\n        <\/button>\n        <div class=\"grip-faq-answer\" hidden>\n          <p>GRIP Facility centralise tous vos contrats d&rsquo;enseignement sur une plateforme. Vous obtenez une visibilit\u00e9 en temps r\u00e9el sur les co\u00fbts, les performances et les risques. Des alertes automatiques vous avertissent en cas d&rsquo;\u00e9carts, vous permettant d&rsquo;agir de mani\u00e8re proactive.<\/p>\n        <\/div>\n      <\/div>\n\n      <div class=\"grip-faq-item\">\n        <button class=\"grip-faq-question\" aria-expanded=\"false\">\n          <span>GRIP Facility peut-il \u00eatre connect\u00e9 \u00e0 notre FMIS ?<\/span>\n          <span class=\"grip-faq-icon\">+<\/span>\n        <\/button>\n        <div class=\"grip-faq-answer\" hidden>\n          <p>Oui, GRIP Facility s&rsquo;int\u00e8gre parfaitement aux \u00e9tats des locaux FMIS. Les m\u00e8tres carr\u00e9s, les cat\u00e9gories d&rsquo;espaces et les donn\u00e9es de localisation sont automatiquement synchronis\u00e9s.<\/p>\n        <\/div>\n      <\/div>\n\n      <div class=\"grip-faq-item\">\n        <button class=\"grip-faq-question\" aria-expanded=\"false\">\n          <span>GRIP est-il adapt\u00e9 \u00e0 un groupe scolaire avec plus de 20 sites ?<\/span>\n          <span class=\"grip-faq-icon\">+<\/span>\n        <\/button>\n        <div class=\"grip-faq-answer\" hidden>\n          <p>Absolument. GRIP Facility est con\u00e7u pour les organisations avec des dizaines voire des centaines de sites. Les filtres, les fonctions de recherche et les vues cartographiques facilitent la navigation, quel que soit le nombre d&rsquo;\u00e9coles.<\/p>\n        <\/div>\n      <\/div>\n\n      <div class=\"grip-faq-item\">\n        <button class=\"grip-faq-question\" aria-expanded=\"false\">\n          <span>GRIP est-il conforme au RGPD et aux exigences de l&rsquo;enseignement ?<\/span>\n          <span class=\"grip-faq-icon\">+<\/span>\n        <\/button>\n        <div class=\"grip-faq-answer\" hidden>\n          <p>Oui. Toutes les donn\u00e9es sont stock\u00e9es de mani\u00e8re s\u00e9curis\u00e9e en Europe et nous sommes certifi\u00e9s ISO 27001. GRIP Facility r\u00e9pond \u00e0 toutes les exigences de confidentialit\u00e9 et de s\u00e9curit\u00e9 pour les \u00e9tablissements d&rsquo;enseignement.<\/p>\n        <\/div>\n      <\/div>\n\n      <div class=\"grip-faq-item\">\n        <button class=\"grip-faq-question\" aria-expanded=\"false\">\n          <span>Combien de temps les organisations \u00e9ducatives \u00e9conomisent-elles avec GRIP ?<\/span>\n          <span class=\"grip-faq-icon\">+<\/span>\n        <\/button>\n        <div class=\"grip-faq-answer\" hidden>\n          <p>Les organisations \u00e9ducatives \u00e9conomisent en moyenne 30% de temps sur l&rsquo;administration des contrats. Le travail manuel est \u00e9limin\u00e9 et les \u00e9carts sont d\u00e9tect\u00e9s plus rapidement, ce qui permet \u00e9galement d&rsquo;\u00e9conomiser sur les frais de conseil externes.<\/p>\n        <\/div>\n      <\/div>\n    <\/div>\n  <\/div>\n<\/section>\n\n\n\n<section class=\"platform-cta\">\n  <div class=\"platform-cta__inner\">\n    <h2 class=\"platform-cta__title\">Pr\u00eat \u00e0 commencer ?<\/h2>\n    <p class=\"platform-cta__subtitle\">D\u00e9couvrez comment GRIP Facility aide votre \u00e9tablissement d&rsquo;enseignement avec une gestion professionnelle des contrats.<\/p>\n    <div class=\"platform-cta__actions\">\n      <a href=\"\/fr\/reserver-demo\/\" class=\"platform-cta__btn platform-cta__btn--primary\">R\u00e9server une d\u00e9mo<\/a>\n      <a href=\"\/fr\/tarifs\/\" class=\"platform-cta__btn platform-cta__btn--secondary\">Voir les tarifs<\/a>\n    <\/div>\n  <\/div>\n<\/section>\n","protected":false},"excerpt":{"rendered":"<p>GRIP Facility pour l&rsquo;Enseignement Ma\u00eetrisez chaque contrat, de l&rsquo;\u00e9cole primaire \u00e0 l&rsquo;universit\u00e9 Les informations sont dispers\u00e9es entre bo\u00eetes mail, lecteurs r\u00e9seau et dossiers papier. Les dates d\u2019\u00e9ch\u00e9ance passent inaper\u00e7ues, les renouvellements automatiques se poursuivent et lors d\u2019un audit, le puzzle commence manuellement. Pendant ce temps, la pression monte\u00a0: les r\u00e9gulateurs exigent de la transparence, le [&hellip;]<\/p>\n","protected":false},"author":1,"featured_media":0,"parent":18268,"menu_order":0,"comment_status":"closed","ping_status":"closed","template":"","meta":{"_acf_changed":false,"inline_featured_image":false,"site-sidebar-layout":"no-sidebar","site-content-layout":"page-builder","ast-site-content-layout":"full-width-container","site-content-style":"default","site-sidebar-style":"default","ast-global-header-display":"","ast-banner-title-visibility":"","ast-main-header-display":"","ast-hfb-above-header-display":"","ast-hfb-below-header-display":"","ast-hfb-mobile-header-display":"","site-post-title":"","ast-breadcrumbs-content":"","ast-featured-img":"disabled","footer-sml-layout":"","theme-transparent-header-meta":"","adv-header-id-meta":"","stick-header-meta":"","header-above-stick-meta":"","header-main-stick-meta":"","header-below-stick-meta":"","astra-migrate-meta-layouts":"default","ast-page-background-enabled":"default","ast-page-background-meta":{"desktop":{"background-color":"var(--ast-global-color-4)","background-image":"","background-repeat":"repeat","background-position":"center center","background-size":"auto","background-attachment":"scroll","background-type":"","background-media":"","overlay-type":"","overlay-color":"","overlay-opacity":"","overlay-gradient":""},"tablet":{"background-color":"","background-image":"","background-repeat":"repeat","background-position":"center center","background-size":"auto","background-attachment":"scroll","background-type":"","background-media":"","overlay-type":"","overlay-color":"","overlay-opacity":"","overlay-gradient":""},"mobile":{"background-color":"","background-image":"","background-repeat":"repeat","background-position":"center center","background-size":"auto","background-attachment":"scroll","background-type":"","background-media":"","overlay-type":"","overlay-color":"","overlay-opacity":"","overlay-gradient":""}},"ast-content-background-meta":{"desktop":{"background-color":"var(--ast-global-color-5)","background-image":"","background-repeat":"repeat","background-position":"center center","background-size":"auto","background-attachment":"scroll","background-type":"","background-media":"","overlay-type":"","overlay-color":"","overlay-opacity":"","overlay-gradient":""},"tablet":{"background-color":"var(--ast-global-color-5)","background-image":"","background-repeat":"repeat","background-position":"center center","background-size":"auto","background-attachment":"scroll","background-type":"","background-media":"","overlay-type":"","overlay-color":"","overlay-opacity":"","overlay-gradient":""},"mobile":{"background-color":"var(--ast-global-color-5)","background-image":"","background-repeat":"repeat","background-position":"center center","background-size":"auto","background-attachment":"scroll","background-type":"","background-media":"","overlay-type":"","overlay-color":"","overlay-opacity":"","overlay-gradient":""}},"footnotes":""},"class_list":["post-18116","page","type-page","status-publish","hentry"],"acf":[],"_links":{"self":[{"href":"https:\/\/www.grip-facility.com\/fr\/wp-json\/wp\/v2\/pages\/18116","targetHints":{"allow":["GET"]}}],"collection":[{"href":"https:\/\/www.grip-facility.com\/fr\/wp-json\/wp\/v2\/pages"}],"about":[{"href":"https:\/\/www.grip-facility.com\/fr\/wp-json\/wp\/v2\/types\/page"}],"author":[{"embeddable":true,"href":"https:\/\/www.grip-facility.com\/fr\/wp-json\/wp\/v2\/users\/1"}],"replies":[{"embeddable":true,"href":"https:\/\/www.grip-facility.com\/fr\/wp-json\/wp\/v2\/comments?post=18116"}],"version-history":[{"count":0,"href":"https:\/\/www.grip-facility.com\/fr\/wp-json\/wp\/v2\/pages\/18116\/revisions"}],"up":[{"embeddable":true,"href":"https:\/\/www.grip-facility.com\/fr\/wp-json\/wp\/v2\/pages\/18268"}],"wp:attachment":[{"href":"https:\/\/www.grip-facility.com\/fr\/wp-json\/wp\/v2\/media?parent=18116"}],"curies":[{"name":"wp","href":"https:\/\/api.w.org\/{rel}","templated":true}]}}