{"id":18079,"date":"2025-12-22T17:44:47","date_gmt":"2025-12-22T17:44:47","guid":{"rendered":""},"modified":"2025-12-22T17:44:47","modified_gmt":"2025-12-22T17:44:47","slug":"notre-histoire","status":"publish","type":"page","link":"https:\/\/www.grip-facility.com\/fr\/a-propos\/notre-histoire\/","title":{"rendered":"Notre Histoire"},"content":{"rendered":"\n<section class=\"hero hero--blue\">\n  <div class=\"hero__bg-circles hero__bg-circles--left\"><\/div>\n  <div class=\"hero__bg-circles hero__bg-circles--right\"><\/div>\n\n  <div class=\"hero__overlay\">\n    <div class=\"hero__inner\">\n      <div class=\"hero__content\">\n        <span class=\"hero__eyebrow\">Notre histoire<\/span>\n\n        <h1 class=\"hero__title\">\n          Le gestionnaire de contrats de <span class=\"highlight\">facility management<\/span> digitalis\u00e9\n        <\/h1>\n\n        <p class=\"hero__subtitle\">\n          Nous r\u00e9volutionnons la gestion des contrats de facility management pour les organisations et prestataires. Depuis 2016, nous construisons le standard de la gestion des contrats.\n        <\/p>\n\n        <div class=\"hero__actions\">\n          <a href=\"\/fr\/reserver-demo\/\" class=\"hero__btn hero__btn--primary\">R\u00e9server une d\u00e9mo<\/a>\n          <a href=\"\/fr\/nous-contacter\/\" class=\"hero__btn hero__btn--secondary\">Nous contacter<\/a>\n        <\/div>\n\n        <div class=\"hero__meta\">\n          <span class=\"hero__meta-pill\">Amsterdam<\/span>\n          <span class=\"hero__meta-text\">200+ organisations font confiance \u00e0 GRIP<\/span>\n        <\/div>\n      <\/div>\n\n      <div class=\"hero__media\">\n        <div class=\"hero__media-frame\">\n          <img decoding=\"async\"\n            src=\"\/wp-content\/uploads\/2024\/12\/onze-pic1.png\"\n            alt=\"Pr\u00e9sentation GRIP Facility\"\n            class=\"hero__image\"\n          >\n        <\/div>\n      <\/div>\n    <\/div>\n  <\/div>\n<\/section>\n\n\n\n<section class=\"timeline-visual\">\n  <div class=\"timeline-visual__container\">\n    <div class=\"timeline-visual__track\">\n      <div class=\"timeline-visual__item\">\n        <div class=\"timeline-visual__circle\">2016<\/div>\n        <div class=\"timeline-visual__label\">\n          <strong>Naissance de<br>GRIP Facility<\/strong>\n        <\/div>\n      <\/div>\n      <div class=\"timeline-visual__connector\"><\/div>\n      <div class=\"timeline-visual__item\">\n        <div class=\"timeline-visual__circle\">2017<\/div>\n        <div class=\"timeline-visual__label\">\n          <strong>Introduction de la<br>gestion de la qualit\u00e9<\/strong>\n        <\/div>\n      <\/div>\n      <div class=\"timeline-visual__connector\"><\/div>\n      <div class=\"timeline-visual__item\">\n        <div class=\"timeline-visual__circle\">2018<\/div>\n        <div class=\"timeline-visual__label\">\n          <strong>S\u00e9paration avec<br>CONTRAST<\/strong>\n          <span>(GRIP devient<br>ind\u00e9pendant)<\/span>\n        <\/div>\n      <\/div>\n      <div class=\"timeline-visual__connector\"><\/div>\n      <div class=\"timeline-visual__item\">\n        <div class=\"timeline-visual__circle\">2019<\/div>\n        <div class=\"timeline-visual__label\">\n          <strong>Introduction de la<br>gestion financi\u00e8re<\/strong>\n        <\/div>\n      <\/div>\n      <div class=\"timeline-visual__connector\"><\/div>\n      <div class=\"timeline-visual__item\">\n        <div class=\"timeline-visual__circle\">2023<\/div>\n        <div class=\"timeline-visual__label\">\n          <strong>D\u00e9m\u00e9nagement<br>vers un<br>nouveau bureau<\/strong>\n        <\/div>\n      <\/div>\n      <div class=\"timeline-visual__connector\"><\/div>\n      <div class=\"timeline-visual__item\">\n        <div class=\"timeline-visual__circle\">2024<\/div>\n        <div class=\"timeline-visual__label\">\n          <strong>Nouvelle<br>proposition<br>&#038; rebranding<\/strong>\n        <\/div>\n      <\/div>\n    <\/div>\n  <\/div>\n<\/section>\n\n\n\n<section class=\"story-section\">\n  <div class=\"story-container\">\n    <div class=\"story-block\">\n      <div class=\"story-year\">2016<\/div>\n      <div class=\"story-content\">\n        <h2>Naissance de GRIP Facility<\/h2>\n        <p>\n          GRIP Facility a vu le jour le 1er janvier 2016 avec l&rsquo;ambition de r\u00e9volutionner la gestion des contrats de facility management. Notre plateforme initiale offrait la possibilit\u00e9 d&rsquo;importer, de traiter et de rendre accessibles les donn\u00e9es de facility management, tant manuellement qu&rsquo;automatiquement, pour les donneurs d&rsquo;ordre.\n        <\/p>\n        <p>\n          Cela a facilit\u00e9 une optimisation de la collaboration entre donneurs d&rsquo;ordre, prestataires et interm\u00e9diaires gr\u00e2ce \u00e0 des accords plus transparents.\n        <\/p>\n      <\/div>\n    <\/div>\n\n    <div class=\"story-block\">\n      <div class=\"story-year\">2017<\/div>\n      <div class=\"story-content\">\n        <h2>Introduction de la gestion de la qualit\u00e9<\/h2>\n        <p>\n          La plateforme s&rsquo;enrichit avec les mesures de qualit\u00e9. Non seulement g\u00e9rer les contrats, mais aussi mesurer les performances et les rendre accessibles \u00e0 toutes les parties prenantes.\n        <\/p>\n      <\/div>\n    <\/div>\n\n    <div class=\"story-block\">\n      <div class=\"story-year\">2018<\/div>\n      <div class=\"story-content\">\n        <h2>S\u00e9paration &#8211; GRIP devient ind\u00e9pendant<\/h2>\n        <p>\n          Nous avons \u00e9largi notre offre avec trois nouvelles applications : gestion des contrats, logiciel d&rsquo;audit et logiciel DKS sp\u00e9cifique pour le contr\u00f4le du nettoyage. Ces produits, y compris notre tableau de bord original, sont con\u00e7us pour s&rsquo;int\u00e9grer parfaitement les uns aux autres.\n        <\/p>\n        <p>\n          GRIP se s\u00e9pare de CONTRAST et continue en tant qu&rsquo;entreprise ind\u00e9pendante.\n        <\/p>\n      <\/div>\n    <\/div>\n\n    <div class=\"story-block\">\n      <div class=\"story-year\">2019<\/div>\n      <div class=\"story-content\">\n        <h2>Introduction de la gestion financi\u00e8re<\/h2>\n        <p>\n          La gestion financi\u00e8re est ajout\u00e9e \u00e0 la plateforme. Une transparence totale des co\u00fbts, le contr\u00f4le des factures et le suivi budg\u00e9taire font de GRIP un syst\u00e8me complet de gestion des contrats.\n        <\/p>\n      <\/div>\n    <\/div>\n\n    <div class=\"story-block\">\n      <div class=\"story-year\">2023<\/div>\n      <div class=\"story-content\">\n        <h2>D\u00e9m\u00e9nagement vers Amsterdam<\/h2>\n        <p>\n          Dans une optique d&rsquo;am\u00e9lioration continue et de croissance, nous avons d\u00e9m\u00e9nag\u00e9 vers un nouveau local au Nieuwe Hemweg 48 \u00e0 Amsterdam. Nous continuons \u00e0 nous engager \u00e0 am\u00e9liorer l&rsquo;exp\u00e9rience des utilisateurs des b\u00e2timents.\n        <\/p>\n      <\/div>\n    <\/div>\n\n    <div class=\"story-block\">\n      <div class=\"story-year\">2024<\/div>\n      <div class=\"story-content\">\n        <h2>Nouvelle proposition &#038; rebranding<\/h2>\n        <p>\n          Une proposition enti\u00e8rement renouvel\u00e9e et un rebranding. Traitement de documents pilot\u00e9 par l&rsquo;IA, analyses intelligentes et une apparence fra\u00eeche. Avec plus de 200 organisations qui font confiance \u00e0 GRIP au quotidien, nous sommes pr\u00eats pour la prochaine phase.\n        <\/p>\n      <\/div>\n    <\/div>\n  <\/div>\n<\/section>\n\n\n\n<section class=\"feature-section\">\n  <div class=\"feature-container\">\n    <div class=\"feature-grid feature-grid--2col\">\n      <div class=\"feature-card bg-light\" style=\"display: flex; flex-direction: column; justify-content: center;\">\n        <h2 style=\"font-size: 1.75rem; font-weight: 700; color: #0F172A; margin-bottom: 16px;\">Gestion des contrats bas\u00e9e sur les donn\u00e9es<\/h2>\n        <p style=\"color: #475569; line-height: 1.7; margin-bottom: 12px;\">\n          Notre coeur de m\u00e9tier r\u00e9side dans les d\u00e9tails des contrats de facility management et la connexion des informations. Nous ne regardons pas seulement les informations contractuelles de mani\u00e8re globale, mais aussi les d\u00e9tails concernant le calcul et la performance.\n        <\/p>\n        <p style=\"color: #475569; line-height: 1.7;\">\n          <strong style=\"color: #0F172A;\">Prendre des d\u00e9cisions bas\u00e9es sur les donn\u00e9es.<\/strong>\n        <\/p>\n      <\/div>\n      <div style=\"display: flex; justify-content: center; align-items: center;\">\n        <img decoding=\"async\"\n          src=\"\/wp-content\/uploads\/2024\/12\/onze-overlay-copy.png\"\n          alt=\"L'\u00e9quipe GRIP Facility\"\n          style=\"max-width: 100%; height: auto; border-radius: 0;\"\n        >\n      <\/div>\n    <\/div>\n  <\/div>\n<\/section>\n\n\n\n<section class=\"mission-section\">\n  <div class=\"mission-container\">\n    <div class=\"mission-card\">\n      <div class=\"mission-icon\">\n        <svg xmlns=\"http:\/\/www.w3.org\/2000\/svg\" fill=\"none\" viewBox=\"0 0 24 24\" stroke-width=\"1.5\" stroke=\"currentColor\" width=\"40\" height=\"40\">\n          <path stroke-linecap=\"round\" stroke-linejoin=\"round\" d=\"M15.59 14.37a6 6 0 0 1-5.84 7.38v-4.8m5.84-2.58a14.98 14.98 0 0 0 6.16-12.12A14.98 14.98 0 0 0 9.631 8.41m5.96 5.96a14.926 14.926 0 0 1-5.841 2.58m-.119-8.54a6 6 0 0 0-7.381 5.84h4.8m2.581-5.84a14.927 14.927 0 0 0-2.58 5.84m2.699 2.7c-.103.021-.207.041-.311.06a15.09 15.09 0 0 1-2.448-2.448 14.9 14.9 0 0 1 .06-.312m-2.24 2.39a4.493 4.493 0 0 0-1.757 4.306 4.493 4.493 0 0 0 4.306-1.758M16.5 9a1.5 1.5 0 1 1-3 0 1.5 1.5 0 0 1 3 0Z\" \/>\n        <\/svg>\n      <\/div>\n      <h3>Notre mission<\/h3>\n      <p>\n        Accompagner les organisations et leurs partenaires contractuels avec une solution logicielle num\u00e9rique simple et conviviale pour la gestion des contrats de facility management. Nous utilisons des technologies intelligentes telles que l&rsquo;IA, l&rsquo;automatisation et des analyses d\u00e9taill\u00e9es de performance et de co\u00fbts pour rendre la gestion des contrats plus facile et plus transparente.\n      <\/p>\n    <\/div>\n\n    <div class=\"mission-card\">\n      <div class=\"mission-icon\">\n        <svg xmlns=\"http:\/\/www.w3.org\/2000\/svg\" fill=\"none\" viewBox=\"0 0 24 24\" stroke-width=\"1.5\" stroke=\"currentColor\" width=\"40\" height=\"40\">\n          <path stroke-linecap=\"round\" stroke-linejoin=\"round\" d=\"M2.036 12.322a1.012 1.012 0 0 1 0-.639C3.423 7.51 7.36 4.5 12 4.5c4.638 0 8.573 3.007 9.963 7.178.07.207.07.431 0 .639C20.577 16.49 16.64 19.5 12 19.5c-4.638 0-8.573-3.007-9.963-7.178Z\" \/>\n          <path stroke-linecap=\"round\" stroke-linejoin=\"round\" d=\"M15 12a3 3 0 1 1-6 0 3 3 0 0 1 6 0Z\" \/>\n        <\/svg>\n      <\/div>\n      <h3>Notre vision<\/h3>\n      <p>\n        Un avenir o\u00f9 la gestion des contrats de facility management est simple, efficace et accessible \u00e0 tous via GRIP Facility. En am\u00e9liorant la collaboration et la communication entre les organisations et leurs partenaires contractuels gr\u00e2ce aux technologies intelligentes. Par une innovation continue, nous visons \u00e0 \u00e9tablir la norme mondiale pour la gestion des contrats.\n      <\/p>\n    <\/div>\n  <\/div>\n<\/section>\n\n\n\n<section class=\"values-blob-section\">\n  <div class=\"values-blob-container\">\n    <h2 class=\"values-blob-heading\">Nos valeurs fondamentales<\/h2>\n    <div class=\"values-blob\">\n      <div class=\"values-blob__shape\">\n        <div class=\"blob-circle blob-circle--small blob-circle--accent\"><\/div>\n        <div class=\"blob-circle blob-circle--1\">\n          <span>Sinc\u00e8re<\/span>\n        <\/div>\n        <div class=\"blob-circle blob-circle--connector-1\"><\/div>\n        <div class=\"blob-circle blob-circle--2\">\n          <span>Connectant<\/span>\n        <\/div>\n        <div class=\"blob-circle blob-circle--3\">\n          <span>Analytique<\/span>\n        <\/div>\n        <div class=\"blob-circle blob-circle--4\">\n          <span>Autonomisant<\/span>\n        <\/div>\n        <div class=\"blob-circle blob-circle--connector-2\"><\/div>\n        <div class=\"blob-circle blob-circle--5\">\n          <span>R\u00e9aliste<\/span>\n        <\/div>\n      <\/div>\n    <\/div>\n  <\/div>\n<\/section>\n\n\n\n<section class=\"cta-section\">\n  <div class=\"cta-container\">\n    <div class=\"cta-content\">\n      <h2 class=\"cta-title\">\u00c9crivez notre histoire avec nous<\/h2>\n      <p class=\"cta-text\">Curieux de savoir ce que GRIP peut apporter \u00e0 votre organisation ? Nous serions ravis de vous le montrer.<\/p>\n      <div class=\"cta-buttons\">\n        <a href=\"\/fr\/reserver-demo\/\" class=\"cta-btn cta-btn--primary\">R\u00e9server une d\u00e9mo<\/a>\n        <a href=\"\/fr\/nous-contacter\/\" class=\"cta-btn cta-btn--secondary\">Nous contacter<\/a>\n      <\/div>\n    <\/div>\n  <\/div>\n<\/section>\n","protected":false},"excerpt":{"rendered":"<p>Notre histoire Le gestionnaire de contrats de facility management digitalis\u00e9 Nous r\u00e9volutionnons la gestion des contrats de facility management pour les organisations et prestataires. Depuis 2016, nous construisons le standard de la gestion des contrats. R\u00e9server une d\u00e9mo Nous contacter Amsterdam 200+ organisations font confiance \u00e0 GRIP 2016 Naissance deGRIP Facility 2017 Introduction de lagestion [&hellip;]<\/p>\n","protected":false},"author":1,"featured_media":0,"parent":18047,"menu_order":0,"comment_status":"closed","ping_status":"closed","template":"","meta":{"_acf_changed":false,"inline_featured_image":false,"site-sidebar-layout":"default","site-content-layout":"","ast-site-content-layout":"default","site-content-style":"default","site-sidebar-style":"default","ast-global-header-display":"","ast-banner-title-visibility":"","ast-main-header-display":"","ast-hfb-above-header-display":"","ast-hfb-below-header-display":"","ast-hfb-mobile-header-display":"","site-post-title":"","ast-breadcrumbs-content":"","ast-featured-img":"","footer-sml-layout":"","theme-transparent-header-meta":"","adv-header-id-meta":"","stick-header-meta":"","header-above-stick-meta":"","header-main-stick-meta":"","header-below-stick-meta":"","astra-migrate-meta-layouts":"default","ast-page-background-enabled":"default","ast-page-background-meta":{"desktop":{"background-color":"var(--ast-global-color-4)","background-image":"","background-repeat":"repeat","background-position":"center center","background-size":"auto","background-attachment":"scroll","background-type":"","background-media":"","overlay-type":"","overlay-color":"","overlay-opacity":"","overlay-gradient":""},"tablet":{"background-color":"","background-image":"","background-repeat":"repeat","background-position":"center center","background-size":"auto","background-attachment":"scroll","background-type":"","background-media":"","overlay-type":"","overlay-color":"","overlay-opacity":"","overlay-gradient":""},"mobile":{"background-color":"","background-image":"","background-repeat":"repeat","background-position":"center center","background-size":"auto","background-attachment":"scroll","background-type":"","background-media":"","overlay-type":"","overlay-color":"","overlay-opacity":"","overlay-gradient":""}},"ast-content-background-meta":{"desktop":{"background-color":"var(--ast-global-color-5)","background-image":"","background-repeat":"repeat","background-position":"center center","background-size":"auto","background-attachment":"scroll","background-type":"","background-media":"","overlay-type":"","overlay-color":"","overlay-opacity":"","overlay-gradient":""},"tablet":{"background-color":"var(--ast-global-color-5)","background-image":"","background-repeat":"repeat","background-position":"center center","background-size":"auto","background-attachment":"scroll","background-type":"","background-media":"","overlay-type":"","overlay-color":"","overlay-opacity":"","overlay-gradient":""},"mobile":{"background-color":"var(--ast-global-color-5)","background-image":"","background-repeat":"repeat","background-position":"center center","background-size":"auto","background-attachment":"scroll","background-type":"","background-media":"","overlay-type":"","overlay-color":"","overlay-opacity":"","overlay-gradient":""}},"footnotes":""},"class_list":["post-18079","page","type-page","status-publish","hentry"],"acf":[],"_links":{"self":[{"href":"https:\/\/www.grip-facility.com\/fr\/wp-json\/wp\/v2\/pages\/18079","targetHints":{"allow":["GET"]}}],"collection":[{"href":"https:\/\/www.grip-facility.com\/fr\/wp-json\/wp\/v2\/pages"}],"about":[{"href":"https:\/\/www.grip-facility.com\/fr\/wp-json\/wp\/v2\/types\/page"}],"author":[{"embeddable":true,"href":"https:\/\/www.grip-facility.com\/fr\/wp-json\/wp\/v2\/users\/1"}],"replies":[{"embeddable":true,"href":"https:\/\/www.grip-facility.com\/fr\/wp-json\/wp\/v2\/comments?post=18079"}],"version-history":[{"count":0,"href":"https:\/\/www.grip-facility.com\/fr\/wp-json\/wp\/v2\/pages\/18079\/revisions"}],"up":[{"embeddable":true,"href":"https:\/\/www.grip-facility.com\/fr\/wp-json\/wp\/v2\/pages\/18047"}],"wp:attachment":[{"href":"https:\/\/www.grip-facility.com\/fr\/wp-json\/wp\/v2\/media?parent=18079"}],"curies":[{"name":"wp","href":"https:\/\/api.w.org\/{rel}","templated":true}]}}