{"id":18078,"date":"2025-12-22T17:44:47","date_gmt":"2025-12-22T17:44:47","guid":{"rendered":""},"modified":"2026-02-25T17:35:32","modified_gmt":"2026-02-25T17:35:32","slug":"notre-equipe","status":"publish","type":"page","link":"https:\/\/www.grip-facility.com\/fr\/a-propos\/notre-equipe\/","title":{"rendered":"Notre \u00c9quipe"},"content":{"rendered":"<style>\n\/* Team Cards - Th\u00e8me bleu fonc\u00e9 *\/\n.team-card {\n    background: #1a1a2e !important;\n    border-radius: 12px;\n    overflow: hidden;\n    transition: transform 0.3s ease, box-shadow 0.3s ease;\n}\n\n.team-card:hover {\n    transform: translateY(-5px);\n    box-shadow: 0 10px 30px rgba(26, 26, 46, 0.3);\n}\n\n.team-card__info {\n    padding: 1.5rem;\n    background: #1a1a2e !important;\n}\n\n.team-card__name {\n    color: #ffffff !important;\n    font-size: 1.25rem;\n    font-weight: 600;\n    margin-bottom: 0.25rem;\n}\n\n.team-card__role {\n    color: rgba(255, 255, 255, 0.7) !important;\n    font-size: 0.95rem;\n    margin-bottom: 0.75rem;\n}\n\n.team-card__linkedin a {\n    color: #ffffff !important;\n}\n\n.team-card__linkedin svg {\n    fill: #ffffff !important;\n}\n\n.team-card__placeholder {\n    background: rgba(255, 255, 255, 0.1) !important;\n}\n\n.team-card__placeholder svg {\n    stroke: rgba(255, 255, 255, 0.5) !important;\n}\n<\/style>\n\n<section class=\"hero hero--blue\">\n  <div class=\"hero__bg-circles hero__bg-circles--left\"><\/div>\n  <div class=\"hero__bg-circles hero__bg-circles--right\"><\/div>\n  <div class=\"hero__overlay\">\n    <div class=\"hero__inner\">\n      <div class=\"hero__content\">\n        <span class=\"hero__eyebrow\">Notre \u00e9quipe<\/span>\n        <h1 class=\"hero__title\">Les personnes derri\u00e8re <span class=\"highlight\" style=\"white-space: nowrap;\">GRIP Facility<\/span><\/h1>\n        <p class=\"hero__subtitle\">Une \u00e9quipe d\u00e9vou\u00e9e de sp\u00e9cialistes qui travaille quotidiennement aux meilleures solutions pour la gestion des contrats de facility management.<\/p>\n      <\/div>\n      <div class=\"hero__media\">\n        <div class=\"hero__media-frame\">\n          <img decoding=\"async\" src=\"\/wp-content\/uploads\/2024\/12\/team-hero.jpg\" alt=\"GRIP Facility team\" class=\"hero__image\">\n        <\/div>\n      <\/div>\n    <\/div>\n  <\/div>\n<\/section>\n\n\n\n<section class=\"team-section\">\n  <div class=\"team-container\">\n\n    <div class=\"team-department\">\n      <h2 class=\"team-department__title\">Direction<\/h2>\n      <div class=\"team-grid team-grid--single\">\n        <div class=\"team-card team-card--featured\">\n          <div class=\"team-card__image\">\n            <img decoding=\"async\" src=\"\/wp-content\/uploads\/2024\/12\/stephan-team.jpg\" alt=\"Stephan\">\n          <\/div>\n          <div class=\"team-card__info\">\n            <h3 class=\"team-card__name\">Stephan<\/h3>\n            <p class=\"team-card__role\">Directeur<\/p>\n            <a href=\"https:\/\/www.linkedin.com\/in\/stephansimons\/\" target=\"_blank\" rel=\"noopener\" class=\"team-card__linkedin\"><svg xmlns=\"http:\/\/www.w3.org\/2000\/svg\" width=\"20\" height=\"20\" viewBox=\"0 0 24 24\" fill=\"currentColor\"><path d=\"M19 0h-14c-2.761 0-5 2.239-5 5v14c0 2.761 2.239 5 5 5h14c2.762 0 5-2.239 5-5v-14c0-2.761-2.238-5-5-5zm-11 19h-3v-11h3v11zm-1.5-12.268c-.966 0-1.75-.79-1.75-1.764s.784-1.764 1.75-1.764 1.75.79 1.75 1.764-.783 1.764-1.75 1.764zm13.5 12.268h-3v-5.604c0-3.368-4-3.113-4 0v5.604h-3v-11h3v1.765c1.396-2.586 7-2.777 7 2.476v6.759z\"\/><\/svg><\/a>\n          <\/div>\n        <\/div>\n      <\/div>\n    <\/div>\n\n    <div class=\"team-department\">\n      <h2 class=\"team-department__title\">R\u00e9ussite Client<\/h2>\n      <div class=\"team-grid\">\n        <div class=\"team-card\">\n          <div class=\"team-card__image\"><img decoding=\"async\" src=\"\/wp-content\/uploads\/2024\/12\/susanne-new.png\" alt=\"Susanne\"><\/div>\n          <div class=\"team-card__info\">\n            <h3 class=\"team-card__name\">Susanne<\/h3>\n            <p class=\"team-card__role\">Responsable Commercial<\/p>\n            <a href=\"https:\/\/www.linkedin.com\/in\/susanne-van-den-oever-18562034\/\" target=\"_blank\" rel=\"noopener\" class=\"team-card__linkedin\"><svg xmlns=\"http:\/\/www.w3.org\/2000\/svg\" width=\"20\" height=\"20\" viewBox=\"0 0 24 24\" fill=\"currentColor\"><path d=\"M19 0h-14c-2.761 0-5 2.239-5 5v14c0 2.761 2.239 5 5 5h14c2.762 0 5-2.239 5-5v-14c0-2.761-2.238-5-5-5zm-11 19h-3v-11h3v11zm-1.5-12.268c-.966 0-1.75-.79-1.75-1.764s.784-1.764 1.75-1.764 1.75.79 1.75 1.764-.783 1.764-1.75 1.764zm13.5 12.268h-3v-5.604c0-3.368-4-3.113-4 0v5.604h-3v-11h3v1.765c1.396-2.586 7-2.777 7 2.476v6.759z\"\/><\/svg><\/a>\n          <\/div>\n        <\/div>\n        <div class=\"team-card\">\n          <div class=\"team-card__image\"><img decoding=\"async\" src=\"\/wp-content\/uploads\/2024\/12\/jay.jpeg\" alt=\"Jay\"><\/div>\n          <div class=\"team-card__info\">\n            <h3 class=\"team-card__name\">Jay<\/h3>\n            <p class=\"team-card__role\">Responsable de Compte<\/p>\n            <a href=\"https:\/\/www.linkedin.com\/in\/jay-simons-41b292153\/\" target=\"_blank\" rel=\"noopener\" class=\"team-card__linkedin\"><svg xmlns=\"http:\/\/www.w3.org\/2000\/svg\" width=\"20\" height=\"20\" viewBox=\"0 0 24 24\" fill=\"currentColor\"><path d=\"M19 0h-14c-2.761 0-5 2.239-5 5v14c0 2.761 2.239 5 5 5h14c2.762 0 5-2.239 5-5v-14c0-2.761-2.238-5-5-5zm-11 19h-3v-11h3v11zm-1.5-12.268c-.966 0-1.75-.79-1.75-1.764s.784-1.764 1.75-1.764 1.75.79 1.75 1.764-.783 1.764-1.75 1.764zm13.5 12.268h-3v-5.604c0-3.368-4-3.113-4 0v5.604h-3v-11h3v1.765c1.396-2.586 7-2.777 7 2.476v6.759z\"\/><\/svg><\/a>\n          <\/div>\n        <\/div>\n        <div class=\"team-card\">\n          <div class=\"team-card__image\"><img decoding=\"async\" src=\"\/wp-content\/uploads\/2024\/12\/jasmijn-new.jpg\" alt=\"Jasmijn\"><\/div>\n          <div class=\"team-card__info\">\n            <h3 class=\"team-card__name\">Jasmijn<\/h3>\n            <p class=\"team-card__role\">Consultant Support<\/p>\n            <a href=\"https:\/\/www.linkedin.com\/in\/jasmijn-kogenhop-3b611825a\/\" target=\"_blank\" rel=\"noopener\" class=\"team-card__linkedin\"><svg xmlns=\"http:\/\/www.w3.org\/2000\/svg\" width=\"20\" height=\"20\" viewBox=\"0 0 24 24\" fill=\"currentColor\"><path d=\"M19 0h-14c-2.761 0-5 2.239-5 5v14c0 2.761 2.239 5 5 5h14c2.762 0 5-2.239 5-5v-14c0-2.761-2.238-5-5-5zm-11 19h-3v-11h3v11zm-1.5-12.268c-.966 0-1.75-.79-1.75-1.764s.784-1.764 1.75-1.764 1.75.79 1.75 1.764-.783 1.764-1.75 1.764zm13.5 12.268h-3v-5.604c0-3.368-4-3.113-4 0v5.604h-3v-11h3v1.765c1.396-2.586 7-2.777 7 2.476v6.759z\"\/><\/svg><\/a>\n          <\/div>\n        <\/div>\n      <\/div>\n    <\/div>\n\n    \n\n    <div class=\"team-department\">\n      <h2 class=\"team-department__title\">D\u00e9veloppement<\/h2>\n      <div class=\"team-grid\">\n        <div class=\"team-card\">\n          <div class=\"team-card__image\"><img decoding=\"async\" src=\"\/wp-content\/uploads\/2024\/12\/Jurgen.png\" alt=\"Jurgen\"><\/div>\n          <div class=\"team-card__info\">\n            <h3 class=\"team-card__name\">Jurgen<\/h3>\n            <p class=\"team-card__role\">D\u00e9veloppeur Principal<\/p>\n          <\/div>\n        <\/div>\n        <div class=\"team-card\">\n          <div class=\"team-card__image\"><img decoding=\"async\" src=\"\/wp-content\/uploads\/2025\/12\/jhomar-new.jpg\" alt=\"Jhomar\"><\/div>\n          <div class=\"team-card__info\">\n            <h3 class=\"team-card__name\">Jhomar<\/h3>\n            <p class=\"team-card__role\">D\u00e9veloppeur<\/p>\n          <\/div>\n        <\/div>\n        <div class=\"team-card\">\n          <div class=\"team-card__image\"><img decoding=\"async\" src=\"\/wp-content\/uploads\/2025\/12\/faisal.jpeg\" alt=\"Faisal\"><\/div>\n          <div class=\"team-card__info\">\n            <h3 class=\"team-card__name\">Faisal<\/h3>\n            <p class=\"team-card__role\">D\u00e9veloppeur<\/p>\n          <\/div>\n        <\/div>\n        \n      <\/div>\n    <\/div>\n\n  <\/div>\n<\/section>\n\n\n\n<section class=\"cta-section\">\n  <div class=\"cta-container\">\n    <div class=\"cta-content\">\n      <h2 class=\"cta-title\">Voulez-vous faire partie de notre \u00e9quipe ?<\/h2>\n      <p class=\"cta-text\">Consultez nos offres d&#8217;emploi ou contactez-nous.<\/p>\n      <div class=\"cta-buttons\">\n        <a href=\"\/fr\/carrieres\/\" class=\"cta-btn cta-btn--primary\">Voir les offres d&#8217;emploi<\/a>\n        <a href=\"\/fr\/nous-contacter\/\" class=\"cta-btn cta-btn--secondary\">Nous contacter<\/a>\n      <\/div>\n    <\/div>\n  <\/div>\n<\/section>\n\n\n\n","protected":false},"excerpt":{"rendered":"<p>Notre \u00e9quipe Les personnes derri\u00e8re GRIP Facility Une \u00e9quipe d\u00e9vou\u00e9e de sp\u00e9cialistes qui travaille quotidiennement aux meilleures solutions pour la gestion des contrats de facility management. Direction Stephan Directeur R\u00e9ussite Client Susanne Responsable Commercial Jay Responsable de Compte Jasmijn Consultant Support D\u00e9veloppement Jurgen D\u00e9veloppeur Principal Jhomar D\u00e9veloppeur Faisal D\u00e9veloppeur Voulez-vous faire partie de notre \u00e9quipe [&hellip;]<\/p>\n","protected":false},"author":1,"featured_media":0,"parent":18047,"menu_order":0,"comment_status":"closed","ping_status":"closed","template":"","meta":{"_acf_changed":false,"inline_featured_image":false,"site-sidebar-layout":"default","site-content-layout":"","ast-site-content-layout":"default","site-content-style":"default","site-sidebar-style":"default","ast-global-header-display":"","ast-banner-title-visibility":"","ast-main-header-display":"","ast-hfb-above-header-display":"","ast-hfb-below-header-display":"","ast-hfb-mobile-header-display":"","site-post-title":"","ast-breadcrumbs-content":"","ast-featured-img":"","footer-sml-layout":"","theme-transparent-header-meta":"","adv-header-id-meta":"","stick-header-meta":"","header-above-stick-meta":"","header-main-stick-meta":"","header-below-stick-meta":"","astra-migrate-meta-layouts":"default","ast-page-background-enabled":"default","ast-page-background-meta":{"desktop":{"background-color":"var(--ast-global-color-4)","background-image":"","background-repeat":"repeat","background-position":"center center","background-size":"auto","background-attachment":"scroll","background-type":"","background-media":"","overlay-type":"","overlay-color":"","overlay-opacity":"","overlay-gradient":""},"tablet":{"background-color":"","background-image":"","background-repeat":"repeat","background-position":"center center","background-size":"auto","background-attachment":"scroll","background-type":"","background-media":"","overlay-type":"","overlay-color":"","overlay-opacity":"","overlay-gradient":""},"mobile":{"background-color":"","background-image":"","background-repeat":"repeat","background-position":"center center","background-size":"auto","background-attachment":"scroll","background-type":"","background-media":"","overlay-type":"","overlay-color":"","overlay-opacity":"","overlay-gradient":""}},"ast-content-background-meta":{"desktop":{"background-color":"var(--ast-global-color-5)","background-image":"","background-repeat":"repeat","background-position":"center center","background-size":"auto","background-attachment":"scroll","background-type":"","background-media":"","overlay-type":"","overlay-color":"","overlay-opacity":"","overlay-gradient":""},"tablet":{"background-color":"var(--ast-global-color-5)","background-image":"","background-repeat":"repeat","background-position":"center center","background-size":"auto","background-attachment":"scroll","background-type":"","background-media":"","overlay-type":"","overlay-color":"","overlay-opacity":"","overlay-gradient":""},"mobile":{"background-color":"var(--ast-global-color-5)","background-image":"","background-repeat":"repeat","background-position":"center center","background-size":"auto","background-attachment":"scroll","background-type":"","background-media":"","overlay-type":"","overlay-color":"","overlay-opacity":"","overlay-gradient":""}},"footnotes":""},"class_list":["post-18078","page","type-page","status-publish","hentry"],"acf":[],"_links":{"self":[{"href":"https:\/\/www.grip-facility.com\/fr\/wp-json\/wp\/v2\/pages\/18078","targetHints":{"allow":["GET"]}}],"collection":[{"href":"https:\/\/www.grip-facility.com\/fr\/wp-json\/wp\/v2\/pages"}],"about":[{"href":"https:\/\/www.grip-facility.com\/fr\/wp-json\/wp\/v2\/types\/page"}],"author":[{"embeddable":true,"href":"https:\/\/www.grip-facility.com\/fr\/wp-json\/wp\/v2\/users\/1"}],"replies":[{"embeddable":true,"href":"https:\/\/www.grip-facility.com\/fr\/wp-json\/wp\/v2\/comments?post=18078"}],"version-history":[{"count":0,"href":"https:\/\/www.grip-facility.com\/fr\/wp-json\/wp\/v2\/pages\/18078\/revisions"}],"up":[{"embeddable":true,"href":"https:\/\/www.grip-facility.com\/fr\/wp-json\/wp\/v2\/pages\/18047"}],"wp:attachment":[{"href":"https:\/\/www.grip-facility.com\/fr\/wp-json\/wp\/v2\/media?parent=18078"}],"curies":[{"name":"wp","href":"https:\/\/api.w.org\/{rel}","templated":true}]}}