{"id":18046,"date":"2025-12-22T17:39:12","date_gmt":"2025-12-22T17:39:12","guid":{"rendered":""},"modified":"2025-12-22T17:39:12","modified_gmt":"2025-12-22T17:39:12","slug":"actualites","status":"publish","type":"page","link":"https:\/\/www.grip-facility.com\/fr\/actualites\/","title":{"rendered":"Blog"},"content":{"rendered":"\r\n<div class=\"wp-block-group grip-archive-header is-layout-constrained wp-block-group-is-layout-constrained\">\r\n<h1 class=\"wp-block-heading\">Blog<\/h1>\r\n\r\n\r\n\r\n<p>Restez inform\u00e9 des derni\u00e8res actualit\u00e9s, conseils et d\u00e9veloppements dans le domaine du facility management et du nettoyage.<\/p>\r\n<\/div>\r\n\r\n\r\n\r\n<div class=\"wp-block-query is-layout-flow wp-block-query-is-layout-flow\"><ul class=\"columns-3 wp-block-post-template is-layout-grid wp-container-core-post-template-is-layout-6d3fbd8f wp-block-post-template-is-layout-grid\"><li class=\"wp-block-post post-18323 post type-post status-publish format-standard has-post-thumbnail hentry category-blog\">\r\n\r\n<div class=\"wp-block-group grip-post-card is-layout-constrained wp-block-group-is-layout-constrained\"><figure style=\"height:200px;\" class=\"wp-block-post-featured-image\"><a href=\"https:\/\/www.grip-facility.com\/fr\/administration-des-contrats-vs-gestion-des-contrats\/\" target=\"_self\" style=\"height:200px\"><img loading=\"lazy\" decoding=\"async\" width=\"3749\" height=\"1959\" src=\"https:\/\/www.grip-facility.com\/wp-content\/uploads\/2026\/02\/contractbeheer-versus-contractmanagement.jpg\" class=\"attachment-post-thumbnail size-post-thumbnail wp-post-image\" alt=\"Administration des contrats vs. Gestion des contrats&#160;: Quelle est la diff&#233;rence et pourquoi est-ce important&#160;?\" style=\"height:200px;object-fit:cover;\" srcset=\"https:\/\/www.grip-facility.com\/wp-content\/uploads\/2026\/02\/contractbeheer-versus-contractmanagement.jpg 3749w, https:\/\/www.grip-facility.com\/wp-content\/uploads\/2026\/02\/contractbeheer-versus-contractmanagement-300x157.jpg 300w, https:\/\/www.grip-facility.com\/wp-content\/uploads\/2026\/02\/contractbeheer-versus-contractmanagement-1400x731.jpg 1400w\" sizes=\"auto, (max-width: 3749px) 100vw, 3749px\" \/><\/a><\/figure>\r\n\r\n<h2 class=\"wp-block-post-title has-medium-font-size\"><a href=\"https:\/\/www.grip-facility.com\/fr\/administration-des-contrats-vs-gestion-des-contrats\/\" target=\"_self\">Administration des contrats vs. Gestion des contrats&#160;: Quelle est la diff&#233;rence et pourquoi est-ce important&#160;?<\/a><\/h2>\r\n\r\n<div class=\"wp-block-post-date\"><time datetime=\"2026-02-25T10:00:00+00:00\">25 f\u00e9vrier 2026<\/time><\/div>\r\n\r\n<div class=\"wp-block-post-excerpt\"><p class=\"wp-block-post-excerpt__excerpt\">Quelle est la diff&#233;rence entre la gestion administrative des contrats et le management des contrats&#160;? Et quand un logiciel de\u2026<\/p><p class=\"wp-block-post-excerpt__more-text\"><a class=\"wp-block-post-excerpt__more-link\" href=\"https:\/\/www.grip-facility.com\/fr\/administration-des-contrats-vs-gestion-des-contrats\/\">En savoir plus<\/a><\/p><\/div><\/div>\r\n\r\n<\/li><li class=\"wp-block-post post-18264 post type-post status-publish format-standard hentry\">\r\n\r\n<div class=\"wp-block-group grip-post-card is-layout-constrained wp-block-group-is-layout-constrained\">\r\n\r\n<h2 class=\"wp-block-post-title has-medium-font-size\"><a href=\"https:\/\/www.grip-facility.com\/fr\/ameliorer-qualite-nettoyage-logiciel-dks\/\" target=\"_self\">4 Avantages du logiciel DKS<\/a><\/h2>\r\n\r\n<div class=\"wp-block-post-date\"><time datetime=\"2025-12-31T10:55:57+00:00\">31 d\u00e9cembre 2025<\/time><\/div>\r\n\r\n<div class=\"wp-block-post-excerpt\"><p class=\"wp-block-post-excerpt__excerpt\">Pour ameliorer la qualite de nettoyage quotidienne, il est essentiel dans le secteur du nettoyage de maintenir des normes de\u2026<\/p><p class=\"wp-block-post-excerpt__more-text\"><a class=\"wp-block-post-excerpt__more-link\" href=\"https:\/\/www.grip-facility.com\/fr\/ameliorer-qualite-nettoyage-logiciel-dks\/\">En savoir plus<\/a><\/p><\/div><\/div>\r\n\r\n<\/li><li class=\"wp-block-post post-18263 post type-post status-publish format-standard hentry\">\r\n\r\n<div class=\"wp-block-group grip-post-card is-layout-constrained wp-block-group-is-layout-constrained\">\r\n\r\n<h2 class=\"wp-block-post-title has-medium-font-size\"><a href=\"https:\/\/www.grip-facility.com\/fr\/grip-facility-lance-cleanops-traducteur-intelligent-calculs-contractuels-heures-planifiables\/\" target=\"_self\">GRIP Facility lance CleanOps<\/a><\/h2>\r\n\r\n<div class=\"wp-block-post-date\"><time datetime=\"2025-12-31T10:55:55+00:00\">31 d\u00e9cembre 2025<\/time><\/div>\r\n\r\n<div class=\"wp-block-post-excerpt\"><p class=\"wp-block-post-excerpt__excerpt\">Un traducteur intelligent des calculs contractuels en heures planifiables dans le secteur du nettoyage GRIP Facility est fier de presenter\u2026<\/p><p class=\"wp-block-post-excerpt__more-text\"><a class=\"wp-block-post-excerpt__more-link\" href=\"https:\/\/www.grip-facility.com\/fr\/grip-facility-lance-cleanops-traducteur-intelligent-calculs-contractuels-heures-planifiables\/\">En savoir plus<\/a><\/p><\/div><\/div>\r\n\r\n<\/li><li class=\"wp-block-post post-18262 post type-post status-publish format-standard hentry\">\r\n\r\n<div class=\"wp-block-group grip-post-card is-layout-constrained wp-block-group-is-layout-constrained\">\r\n\r\n<h2 class=\"wp-block-post-title has-medium-font-size\"><a href=\"https:\/\/www.grip-facility.com\/fr\/nouvelles-regles-tva-nettoyage-espaces-vie-secteur-soins\/\" target=\"_self\">Nouvelles regles TVA pour le nettoyage des espaces de vie dans le secteur des soins<\/a><\/h2>\r\n\r\n<div class=\"wp-block-post-date\"><time datetime=\"2025-12-31T10:55:54+00:00\">31 d\u00e9cembre 2025<\/time><\/div>\r\n\r\n<div class=\"wp-block-post-excerpt\"><p class=\"wp-block-post-excerpt__excerpt\">Communique de presse Amsterdam, 2 juin 2025 GRIP Facility propose une solution numerique pour une conformite maximale et une charge\u2026<\/p><p class=\"wp-block-post-excerpt__more-text\"><a class=\"wp-block-post-excerpt__more-link\" href=\"https:\/\/www.grip-facility.com\/fr\/nouvelles-regles-tva-nettoyage-espaces-vie-secteur-soins\/\">En savoir plus<\/a><\/p><\/div><\/div>\r\n\r\n<\/li><li class=\"wp-block-post post-18251 post type-post status-publish format-standard hentry\">\r\n\r\n<div class=\"wp-block-group grip-post-card is-layout-constrained wp-block-group-is-layout-constrained\">\r\n\r\n<h2 class=\"wp-block-post-title has-medium-font-size\"><a href=\"https:\/\/www.grip-facility.com\/fr\/atir-belgique-grip-facility-renouvellent-partenariat-gestion-numerique-contrats-nettoyage\/\" target=\"_self\">ATIR Belgique et GRIP Facility renouvellent leur partenariat : ensemble vers la gestion numerique des contrats de nettoyage en Belgique<\/a><\/h2>\r\n\r\n<div class=\"wp-block-post-date\"><time datetime=\"2025-12-31T10:52:07+00:00\">31 d\u00e9cembre 2025<\/time><\/div>\r\n\r\n<div class=\"wp-block-post-excerpt\"><p class=\"wp-block-post-excerpt__excerpt\">Communique de presse Amsterdam, 4 septembre 2025 Le bureau de conseil en nettoyage ATIR et la plateforme de gestion de\u2026<\/p><p class=\"wp-block-post-excerpt__more-text\"><a class=\"wp-block-post-excerpt__more-link\" href=\"https:\/\/www.grip-facility.com\/fr\/atir-belgique-grip-facility-renouvellent-partenariat-gestion-numerique-contrats-nettoyage\/\">En savoir plus<\/a><\/p><\/div><\/div>\r\n\r\n<\/li><li class=\"wp-block-post post-18247 post type-post status-publish format-standard hentry category-non-categorise\">\r\n\r\n<div class=\"wp-block-group grip-post-card is-layout-constrained wp-block-group-is-layout-constrained\">\r\n\r\n<h2 class=\"wp-block-post-title has-medium-font-size\"><a href=\"https:\/\/www.grip-facility.com\/fr\/avec-ia-grip-facility-remet-gestionnaire-contrats-premier-plan\/\" target=\"_self\">Avec l&rsquo;IA, GRIP Facility remet le Gestionnaire de Contrats au premier plan<\/a><\/h2>\r\n\r\n<div class=\"wp-block-post-date\"><time datetime=\"2025-12-31T10:50:41+00:00\">31 d\u00e9cembre 2025<\/time><\/div>\r\n\r\n<div class=\"wp-block-post-excerpt\"><p class=\"wp-block-post-excerpt__excerpt\">La journee de travail du Gestionnaire de Contrats est sur le point de changer. Le role du gestionnaire de contrats\u2026<\/p><p class=\"wp-block-post-excerpt__more-text\"><a class=\"wp-block-post-excerpt__more-link\" href=\"https:\/\/www.grip-facility.com\/fr\/avec-ia-grip-facility-remet-gestionnaire-contrats-premier-plan\/\">En savoir plus<\/a><\/p><\/div><\/div>\r\n\r\n<\/li><li class=\"wp-block-post post-18215 post type-post status-publish format-standard hentry\">\r\n\r\n<div class=\"wp-block-group grip-post-card is-layout-constrained wp-block-group-is-layout-constrained\">\r\n\r\n<h2 class=\"wp-block-post-title has-medium-font-size\"><a href=\"https:\/\/www.grip-facility.com\/fr\/balans-schoonmaak-grip-facility-partenariat\/\" target=\"_self\">Balans Schoonmaak et GRIP Facility entament un partenariat<\/a><\/h2>\r\n\r\n<div class=\"wp-block-post-date\"><time datetime=\"2025-12-31T09:56:07+00:00\">31 d\u00e9cembre 2025<\/time><\/div>\r\n\r\n<div class=\"wp-block-post-excerpt\"><p class=\"wp-block-post-excerpt__excerpt\">Balans Schoonmaak et GRIP Facility entament un partenariat tourn\u00e9 vers l&rsquo;avenir. Balans aura la possibilit\u00e9 d&rsquo;utiliser les solutions logicielles de\u2026<\/p><p class=\"wp-block-post-excerpt__more-text\"><a class=\"wp-block-post-excerpt__more-link\" href=\"https:\/\/www.grip-facility.com\/fr\/balans-schoonmaak-grip-facility-partenariat\/\">En savoir plus<\/a><\/p><\/div><\/div>\r\n\r\n<\/li><li class=\"wp-block-post post-18211 post type-post status-publish format-standard hentry\">\r\n\r\n<div class=\"wp-block-group grip-post-card is-layout-constrained wp-block-group-is-layout-constrained\">\r\n\r\n<h2 class=\"wp-block-post-title has-medium-font-size\"><a href=\"https:\/\/www.grip-facility.com\/fr\/ville-anvers-poursuit-gestion-contrats\/\" target=\"_self\">La Ville d&rsquo;Anvers poursuit la gestion des contrats<\/a><\/h2>\r\n\r\n<div class=\"wp-block-post-date\"><time datetime=\"2025-12-31T09:56:07+00:00\">31 d\u00e9cembre 2025<\/time><\/div>\r\n\r\n<div class=\"wp-block-post-excerpt\"><p class=\"wp-block-post-excerpt__excerpt\">Au 1er octobre 2023, la Ville d&rsquo;Anvers a conclu un nouveau contrat avec GRIP Facility suite \u00e0 un appel d&rsquo;offres.\u2026<\/p><p class=\"wp-block-post-excerpt__more-text\"><a class=\"wp-block-post-excerpt__more-link\" href=\"https:\/\/www.grip-facility.com\/fr\/ville-anvers-poursuit-gestion-contrats\/\">En savoir plus<\/a><\/p><\/div><\/div>\r\n\r\n<\/li><li class=\"wp-block-post post-18212 post type-post status-publish format-standard hentry\">\r\n\r\n<div class=\"wp-block-group grip-post-card is-layout-constrained wp-block-group-is-layout-constrained\">\r\n\r\n<h2 class=\"wp-block-post-title has-medium-font-size\"><a href=\"https:\/\/www.grip-facility.com\/fr\/gestion-basee-donnees-nettoyage\/\" target=\"_self\">Gestion bas\u00e9e sur les donn\u00e9es dans le nettoyage<\/a><\/h2>\r\n\r\n<div class=\"wp-block-post-date\"><time datetime=\"2025-12-31T09:56:07+00:00\">31 d\u00e9cembre 2025<\/time><\/div>\r\n\r\n<div class=\"wp-block-post-excerpt\"><p class=\"wp-block-post-excerpt__excerpt\">Dans les services de nettoyage modernes, la fourniture de travaux de haute qualit\u00e9 est d&rsquo;une grande importance pour la satisfaction\u2026<\/p><p class=\"wp-block-post-excerpt__more-text\"><a class=\"wp-block-post-excerpt__more-link\" href=\"https:\/\/www.grip-facility.com\/fr\/gestion-basee-donnees-nettoyage\/\">En savoir plus<\/a><\/p><\/div><\/div>\r\n\r\n<\/li><li class=\"wp-block-post post-18213 post type-post status-publish format-standard hentry\">\r\n\r\n<div class=\"wp-block-group grip-post-card is-layout-constrained wp-block-group-is-layout-constrained\">\r\n\r\n<h2 class=\"wp-block-post-title has-medium-font-size\"><a href=\"https:\/\/www.grip-facility.com\/fr\/grip-facility-lance-nouvelle-application-innovante-facility-management\/\" target=\"_self\">GRIP Facility Lance une Nouvelle Application Innovante pour le Facility Management Bas\u00e9 sur les Donn\u00e9es<\/a><\/h2>\r\n\r\n<div class=\"wp-block-post-date\"><time datetime=\"2025-12-31T09:56:07+00:00\">31 d\u00e9cembre 2025<\/time><\/div>\r\n\r\n<div class=\"wp-block-post-excerpt\"><p class=\"wp-block-post-excerpt__excerpt\">Nous avons le plaisir d&rsquo;annoncer la nouvelle application de GRIP Facility pour iOS et Android ! Cela marque une \u00e9tape\u2026<\/p><p class=\"wp-block-post-excerpt__more-text\"><a class=\"wp-block-post-excerpt__more-link\" href=\"https:\/\/www.grip-facility.com\/fr\/grip-facility-lance-nouvelle-application-innovante-facility-management\/\">En savoir plus<\/a><\/p><\/div><\/div>\r\n\r\n<\/li><li class=\"wp-block-post post-18214 post type-post status-publish format-standard hentry\">\r\n\r\n<div class=\"wp-block-group grip-post-card is-layout-constrained wp-block-group-is-layout-constrained\">\r\n\r\n<h2 class=\"wp-block-post-title has-medium-font-size\"><a href=\"https:\/\/www.grip-facility.com\/fr\/vlog-stephan-simons-essentiels-gestion-adaptative-contrats-facility\/\" target=\"_self\">Vlog Stephan Simons : les essentiels de la gestion adaptative des contrats de facility management !<\/a><\/h2>\r\n\r\n<div class=\"wp-block-post-date\"><time datetime=\"2025-12-31T09:56:07+00:00\">31 d\u00e9cembre 2025<\/time><\/div>\r\n\r\n<div class=\"wp-block-post-excerpt\"><p class=\"wp-block-post-excerpt__excerpt\"><\/p><p class=\"wp-block-post-excerpt__more-text\"><a class=\"wp-block-post-excerpt__more-link\" href=\"https:\/\/www.grip-facility.com\/fr\/vlog-stephan-simons-essentiels-gestion-adaptative-contrats-facility\/\">En savoir plus<\/a><\/p><\/div><\/div>\r\n\r\n<\/li><li class=\"wp-block-post post-18210 post type-post status-publish format-standard hentry\">\r\n\r\n<div class=\"wp-block-group grip-post-card is-layout-constrained wp-block-group-is-layout-constrained\">\r\n\r\n<h2 class=\"wp-block-post-title has-medium-font-size\"><a href=\"https:\/\/www.grip-facility.com\/fr\/kwadrant-groep-numerise-mesures-qualite\/\" target=\"_self\">Le Kwadrant Groep num\u00e9rise les mesures de qualit\u00e9<\/a><\/h2>\r\n\r\n<div class=\"wp-block-post-date\"><time datetime=\"2025-12-31T09:56:07+00:00\">31 d\u00e9cembre 2025<\/time><\/div>\r\n\r\n<div class=\"wp-block-post-excerpt\"><p class=\"wp-block-post-excerpt__excerpt\">Le KwadrantGroep a commenc\u00e9 \u00e0 utiliser notre application DKS ! Dans le but d&rsquo;obtenir plus de contr\u00f4le sur la qualit\u00e9\u2026<\/p><p class=\"wp-block-post-excerpt__more-text\"><a class=\"wp-block-post-excerpt__more-link\" href=\"https:\/\/www.grip-facility.com\/fr\/kwadrant-groep-numerise-mesures-qualite\/\">En savoir plus<\/a><\/p><\/div><\/div>\r\n\r\n<\/li><\/ul>\r\n\r\n<nav class=\"wp-block-query-pagination is-content-justification-center is-layout-flex wp-container-core-query-pagination-is-layout-a89b3969 wp-block-query-pagination-is-layout-flex\" aria-label=\"Pagination\">\r\n\r\n\r\n<div class=\"wp-block-query-pagination-numbers\"><span aria-current=\"page\" class=\"page-numbers current\">1<\/span>\n<a class=\"page-numbers\" href=\"?query-1-page=2\">2<\/a>\n<a class=\"page-numbers\" href=\"?query-1-page=3\">3<\/a><\/div>\r\n\r\n<a href=\"\/fr\/wp-json\/wp\/v2\/pages\/18046?query-1-page=2\" class=\"wp-block-query-pagination-next\">Page suivante<\/a>\r\n<\/nav>\r\n\r\n<\/div>\r\n","protected":false},"excerpt":{"rendered":"<p>Blog Restez inform\u00e9 des derni\u00e8res actualit\u00e9s, conseils et d\u00e9veloppements dans le domaine du facility management et du nettoyage.<\/p>\n","protected":false},"author":1,"featured_media":0,"parent":0,"menu_order":0,"comment_status":"closed","ping_status":"closed","template":"","meta":{"_acf_changed":false,"inline_featured_image":false,"site-sidebar-layout":"default","site-content-layout":"","ast-site-content-layout":"default","site-content-style":"default","site-sidebar-style":"default","ast-global-header-display":"","ast-banner-title-visibility":"","ast-main-header-display":"","ast-hfb-above-header-display":"","ast-hfb-below-header-display":"","ast-hfb-mobile-header-display":"","site-post-title":"","ast-breadcrumbs-content":"","ast-featured-img":"","footer-sml-layout":"","theme-transparent-header-meta":"","adv-header-id-meta":"","stick-header-meta":"","header-above-stick-meta":"","header-main-stick-meta":"","header-below-stick-meta":"","astra-migrate-meta-layouts":"default","ast-page-background-enabled":"default","ast-page-background-meta":{"desktop":{"background-color":"var(--ast-global-color-4)","background-image":"","background-repeat":"repeat","background-position":"center center","background-size":"auto","background-attachment":"scroll","background-type":"","background-media":"","overlay-type":"","overlay-color":"","overlay-opacity":"","overlay-gradient":""},"tablet":{"background-color":"","background-image":"","background-repeat":"repeat","background-position":"center center","background-size":"auto","background-attachment":"scroll","background-type":"","background-media":"","overlay-type":"","overlay-color":"","overlay-opacity":"","overlay-gradient":""},"mobile":{"background-color":"","background-image":"","background-repeat":"repeat","background-position":"center center","background-size":"auto","background-attachment":"scroll","background-type":"","background-media":"","overlay-type":"","overlay-color":"","overlay-opacity":"","overlay-gradient":""}},"ast-content-background-meta":{"desktop":{"background-color":"var(--ast-global-color-5)","background-image":"","background-repeat":"repeat","background-position":"center center","background-size":"auto","background-attachment":"scroll","background-type":"","background-media":"","overlay-type":"","overlay-color":"","overlay-opacity":"","overlay-gradient":""},"tablet":{"background-color":"var(--ast-global-color-5)","background-image":"","background-repeat":"repeat","background-position":"center center","background-size":"auto","background-attachment":"scroll","background-type":"","background-media":"","overlay-type":"","overlay-color":"","overlay-opacity":"","overlay-gradient":""},"mobile":{"background-color":"var(--ast-global-color-5)","background-image":"","background-repeat":"repeat","background-position":"center center","background-size":"auto","background-attachment":"scroll","background-type":"","background-media":"","overlay-type":"","overlay-color":"","overlay-opacity":"","overlay-gradient":""}},"footnotes":""},"class_list":["post-18046","page","type-page","status-publish","hentry"],"acf":[],"_links":{"self":[{"href":"https:\/\/www.grip-facility.com\/fr\/wp-json\/wp\/v2\/pages\/18046","targetHints":{"allow":["GET"]}}],"collection":[{"href":"https:\/\/www.grip-facility.com\/fr\/wp-json\/wp\/v2\/pages"}],"about":[{"href":"https:\/\/www.grip-facility.com\/fr\/wp-json\/wp\/v2\/types\/page"}],"author":[{"embeddable":true,"href":"https:\/\/www.grip-facility.com\/fr\/wp-json\/wp\/v2\/users\/1"}],"replies":[{"embeddable":true,"href":"https:\/\/www.grip-facility.com\/fr\/wp-json\/wp\/v2\/comments?post=18046"}],"version-history":[{"count":0,"href":"https:\/\/www.grip-facility.com\/fr\/wp-json\/wp\/v2\/pages\/18046\/revisions"}],"wp:attachment":[{"href":"https:\/\/www.grip-facility.com\/fr\/wp-json\/wp\/v2\/media?parent=18046"}],"curies":[{"name":"wp","href":"https:\/\/api.w.org\/{rel}","templated":true}]}}